{"id":196,"date":"2020-12-24T19:28:26","date_gmt":"2020-12-24T18:28:26","guid":{"rendered":"https:\/\/artoislittoral2.com\/?page_id=196"},"modified":"2025-12-16T21:42:39","modified_gmt":"2025-12-16T20:42:39","slug":"elementor-196","status":"publish","type":"page","link":"https:\/\/artoislittoral2.com\/index.php\/elementor-196\/","title":{"rendered":"Service LICENCE"},"content":{"rendered":"\t\t<div data-elementor-type=\"wp-page\" data-elementor-id=\"196\" class=\"elementor elementor-196\">\n\t\t\t\t\t\t<section class=\"elementor-section elementor-top-section elementor-element elementor-element-6067061 elementor-section-boxed elementor-section-height-default elementor-section-height-default\" data-id=\"6067061\" data-element_type=\"section\" data-e-type=\"section\">\n\t\t\t\t\t\t<div class=\"elementor-container elementor-column-gap-default\">\n\t\t\t\t\t<div class=\"elementor-column elementor-col-50 elementor-top-column elementor-element elementor-element-73b97e5\" data-id=\"73b97e5\" data-element_type=\"column\" data-e-type=\"column\">\n\t\t\t<div class=\"elementor-widget-wrap elementor-element-populated\">\n\t\t\t\t\t\t<div class=\"elementor-element elementor-element-a1978c0 elementor-widget elementor-widget-text-editor\" data-id=\"a1978c0\" data-element_type=\"widget\" data-e-type=\"widget\" data-widget_type=\"text-editor.default\">\n\t\t\t\t<div class=\"elementor-widget-container\">\n\t\t\t\t\t\t\t\t\t<p>Service Licence :<\/p><p>Martine et Yves vous accompagnent en cas d&rsquo;incertitude.<\/p><p>Yves Annicotte 06 11 25 30 66<\/p><p>Martine ANNICOTTE 06 14 88 61 33<\/p><p>13 rue du G\u00e9n\u00e9ral Leclerc 59184 Sainghin en Weppes<\/p><p style=\"text-align: center;\"><a href=\"https:\/\/artoislittoral2.com\/wp-content\/uploads\/2024\/12\/Formulaire-Licence-FFSA-2025.pdf\" target=\"_blank\" rel=\"noopener\">T\u00e9l\u00e9charger la version papier de votre licence 2025<\/a><\/p>\t\t\t\t\t\t\t\t<\/div>\n\t\t\t\t<\/div>\n\t\t\t\t\t<\/div>\n\t\t<\/div>\n\t\t\t\t<div class=\"elementor-column elementor-col-50 elementor-top-column elementor-element elementor-element-554f2e3\" data-id=\"554f2e3\" data-element_type=\"column\" data-e-type=\"column\">\n\t\t\t<div class=\"elementor-widget-wrap elementor-element-populated\">\n\t\t\t\t\t\t<div class=\"elementor-element elementor-element-c0e2059 elementor-widget elementor-widget-text-editor\" data-id=\"c0e2059\" data-element_type=\"widget\" data-e-type=\"widget\" data-widget_type=\"text-editor.default\">\n\t\t\t\t<div class=\"elementor-widget-container\">\n\t\t\t\t\t\t\t\t\t<p style=\"text-align: center;\" data-testid=\"MY0Yas-uo\"><strong>VOTRE LICENCE 2026<br \/>DISPONIBLE EN LIGNE<\/strong><\/p><p style=\"text-align: center;\" data-testid=\"MY0Yas-uo\"><img fetchpriority=\"high\" decoding=\"async\" class=\"alignnone wp-image-7498 size-medium\" src=\"https:\/\/artoislittoral2.com\/wp-content\/uploads\/2025\/12\/logo_licence-300x192.jpg\" alt=\"\" width=\"300\" height=\"192\" srcset=\"https:\/\/artoislittoral2.com\/wp-content\/uploads\/2025\/12\/logo_licence-300x192.jpg 300w, https:\/\/artoislittoral2.com\/wp-content\/uploads\/2025\/12\/logo_licence.jpg 681w\" sizes=\"(max-width: 300px) 100vw, 300px\" \/><\/p><p data-testid=\"bVT_acO4a\">Depuis le 16 d\u00e9cembre 2025, les licenci\u00e9s ou futurs licenci\u00e9s peuvent<br \/>faire leur demande de licence FFSA pour la saison 2026.<\/p><p data-testid=\"bVT_acO4a\"><strong>POUR FAIRE UNE DEMANDE, RENDEZ-VOUS SUR : <\/strong><\/p><p style=\"text-align: center;\" data-testid=\"bVT_acO4a\"><strong><a href=\"http:\/\/licence.ffsa.org\/\" target=\"_blank\" rel=\"noopener\">http:\/\/licence.ffsa.org\/<\/a><\/strong><\/p>\t\t\t\t\t\t\t\t<\/div>\n\t\t\t\t<\/div>\n\t\t\t\t\t<\/div>\n\t\t<\/div>\n\t\t\t\t\t<\/div>\n\t\t<\/section>\n\t\t\t\t<\/div>\n\t\t","protected":false},"excerpt":{"rendered":"<p>Service Licence : Martine et Yves vous accompagnent en cas d&rsquo;incertitude. Yves Annicotte 06 11 25 30 66 Martine ANNICOTTE 06 14 88 61 33 13 rue du G\u00e9n\u00e9ral Leclerc 59184 Sainghin en Weppes T\u00e9l\u00e9charger la version papier de votre licence 2025 VOTRE LICENCE 2026DISPONIBLE EN LIGNE Depuis le 16 d\u00e9cembre 2025, les licenci\u00e9s ou&#8230;<\/p>\n","protected":false},"author":1,"featured_media":0,"parent":0,"menu_order":0,"comment_status":"closed","ping_status":"closed","template":"elementor_theme","meta":{"footnotes":""},"class_list":["post-196","page","type-page","status-publish","hentry"],"yoast_head":"<!-- This site is optimized with the Yoast SEO plugin v27.3 - https:\/\/yoast.com\/product\/yoast-seo-wordpress\/ -->\n<title>Service LICENCE - ASA Artois Littoral 2<\/title>\n<meta name=\"robots\" content=\"index, follow, max-snippet:-1, max-image-preview:large, max-video-preview:-1\" \/>\n<link rel=\"canonical\" href=\"https:\/\/artoislittoral2.com\/index.php\/elementor-196\/\" \/>\n<meta property=\"og:locale\" content=\"fr_FR\" \/>\n<meta property=\"og:type\" content=\"article\" \/>\n<meta property=\"og:title\" content=\"Service LICENCE - ASA Artois Littoral 2\" \/>\n<meta property=\"og:description\" content=\"Service Licence : Martine et Yves vous accompagnent en cas d&rsquo;incertitude. Yves Annicotte 06 11 25 30 66 Martine ANNICOTTE 06 14 88 61 33 13 rue du G\u00e9n\u00e9ral Leclerc 59184 Sainghin en Weppes T\u00e9l\u00e9charger la version papier de votre licence 2025 VOTRE LICENCE 2026DISPONIBLE EN LIGNE Depuis le 16 d\u00e9cembre 2025, les licenci\u00e9s ou...\" \/>\n<meta property=\"og:url\" content=\"https:\/\/artoislittoral2.com\/index.php\/elementor-196\/\" \/>\n<meta property=\"og:site_name\" content=\"ASA Artois Littoral 2\" \/>\n<meta property=\"article:modified_time\" content=\"2025-12-16T20:42:39+00:00\" \/>\n<meta property=\"og:image\" content=\"https:\/\/artoislittoral2.com\/wp-content\/uploads\/2025\/12\/logo_licence.jpg\" \/>\n\t<meta property=\"og:image:width\" content=\"681\" \/>\n\t<meta property=\"og:image:height\" content=\"435\" \/>\n\t<meta property=\"og:image:type\" content=\"image\/jpeg\" \/>\n<meta name=\"twitter:card\" content=\"summary_large_image\" \/>\n<meta name=\"twitter:label1\" content=\"Dur\u00e9e de lecture estim\u00e9e\" \/>\n\t<meta name=\"twitter:data1\" content=\"1 minute\" \/>\n<script type=\"application\/ld+json\" class=\"yoast-schema-graph\">{\"@context\":\"https:\\\/\\\/schema.org\",\"@graph\":[{\"@type\":\"WebPage\",\"@id\":\"https:\\\/\\\/artoislittoral2.com\\\/index.php\\\/elementor-196\\\/\",\"url\":\"https:\\\/\\\/artoislittoral2.com\\\/index.php\\\/elementor-196\\\/\",\"name\":\"Service LICENCE - ASA Artois Littoral 2\",\"isPartOf\":{\"@id\":\"https:\\\/\\\/artoislittoral2.com\\\/#website\"},\"primaryImageOfPage\":{\"@id\":\"https:\\\/\\\/artoislittoral2.com\\\/index.php\\\/elementor-196\\\/#primaryimage\"},\"image\":{\"@id\":\"https:\\\/\\\/artoislittoral2.com\\\/index.php\\\/elementor-196\\\/#primaryimage\"},\"thumbnailUrl\":\"https:\\\/\\\/artoislittoral2.com\\\/wp-content\\\/uploads\\\/2025\\\/12\\\/logo_licence-300x192.jpg\",\"datePublished\":\"2020-12-24T18:28:26+00:00\",\"dateModified\":\"2025-12-16T20:42:39+00:00\",\"breadcrumb\":{\"@id\":\"https:\\\/\\\/artoislittoral2.com\\\/index.php\\\/elementor-196\\\/#breadcrumb\"},\"inLanguage\":\"fr-FR\",\"potentialAction\":[{\"@type\":\"ReadAction\",\"target\":[\"https:\\\/\\\/artoislittoral2.com\\\/index.php\\\/elementor-196\\\/\"]}]},{\"@type\":\"ImageObject\",\"inLanguage\":\"fr-FR\",\"@id\":\"https:\\\/\\\/artoislittoral2.com\\\/index.php\\\/elementor-196\\\/#primaryimage\",\"url\":\"https:\\\/\\\/artoislittoral2.com\\\/wp-content\\\/uploads\\\/2025\\\/12\\\/logo_licence.jpg\",\"contentUrl\":\"https:\\\/\\\/artoislittoral2.com\\\/wp-content\\\/uploads\\\/2025\\\/12\\\/logo_licence.jpg\",\"width\":681,\"height\":435},{\"@type\":\"BreadcrumbList\",\"@id\":\"https:\\\/\\\/artoislittoral2.com\\\/index.php\\\/elementor-196\\\/#breadcrumb\",\"itemListElement\":[{\"@type\":\"ListItem\",\"position\":1,\"name\":\"Accueil\",\"item\":\"https:\\\/\\\/artoislittoral2.com\\\/\"},{\"@type\":\"ListItem\",\"position\":2,\"name\":\"Service LICENCE\"}]},{\"@type\":\"WebSite\",\"@id\":\"https:\\\/\\\/artoislittoral2.com\\\/#website\",\"url\":\"https:\\\/\\\/artoislittoral2.com\\\/\",\"name\":\"ASA Artois Littoral 2\",\"description\":\"Bienvenue \u00e0 l&#039;ASA Artois Littoral II\",\"publisher\":{\"@id\":\"https:\\\/\\\/artoislittoral2.com\\\/#organization\"},\"potentialAction\":[{\"@type\":\"SearchAction\",\"target\":{\"@type\":\"EntryPoint\",\"urlTemplate\":\"https:\\\/\\\/artoislittoral2.com\\\/?s={search_term_string}\"},\"query-input\":{\"@type\":\"PropertyValueSpecification\",\"valueRequired\":true,\"valueName\":\"search_term_string\"}}],\"inLanguage\":\"fr-FR\"},{\"@type\":\"Organization\",\"@id\":\"https:\\\/\\\/artoislittoral2.com\\\/#organization\",\"name\":\"ASA Artois Littoral 2\",\"url\":\"https:\\\/\\\/artoislittoral2.com\\\/\",\"logo\":{\"@type\":\"ImageObject\",\"inLanguage\":\"fr-FR\",\"@id\":\"https:\\\/\\\/artoislittoral2.com\\\/#\\\/schema\\\/logo\\\/image\\\/\",\"url\":\"https:\\\/\\\/artoislittoral2.com\\\/wp-content\\\/uploads\\\/2025\\\/11\\\/cropped-cropped-bandeau-2025.jpg\",\"contentUrl\":\"https:\\\/\\\/artoislittoral2.com\\\/wp-content\\\/uploads\\\/2025\\\/11\\\/cropped-cropped-bandeau-2025.jpg\",\"width\":960,\"height\":365,\"caption\":\"ASA Artois Littoral 2\"},\"image\":{\"@id\":\"https:\\\/\\\/artoislittoral2.com\\\/#\\\/schema\\\/logo\\\/image\\\/\"}}]}<\/script>\n<!-- \/ Yoast SEO plugin. -->","yoast_head_json":{"title":"Service LICENCE - ASA Artois Littoral 2","robots":{"index":"index","follow":"follow","max-snippet":"max-snippet:-1","max-image-preview":"max-image-preview:large","max-video-preview":"max-video-preview:-1"},"canonical":"https:\/\/artoislittoral2.com\/index.php\/elementor-196\/","og_locale":"fr_FR","og_type":"article","og_title":"Service LICENCE - ASA Artois Littoral 2","og_description":"Service Licence : Martine et Yves vous accompagnent en cas d&rsquo;incertitude. Yves Annicotte 06 11 25 30 66 Martine ANNICOTTE 06 14 88 61 33 13 rue du G\u00e9n\u00e9ral Leclerc 59184 Sainghin en Weppes T\u00e9l\u00e9charger la version papier de votre licence 2025 VOTRE LICENCE 2026DISPONIBLE EN LIGNE Depuis le 16 d\u00e9cembre 2025, les licenci\u00e9s ou...","og_url":"https:\/\/artoislittoral2.com\/index.php\/elementor-196\/","og_site_name":"ASA Artois Littoral 2","article_modified_time":"2025-12-16T20:42:39+00:00","og_image":[{"width":681,"height":435,"url":"https:\/\/artoislittoral2.com\/wp-content\/uploads\/2025\/12\/logo_licence.jpg","type":"image\/jpeg"}],"twitter_card":"summary_large_image","twitter_misc":{"Dur\u00e9e de lecture estim\u00e9e":"1 minute"},"schema":{"@context":"https:\/\/schema.org","@graph":[{"@type":"WebPage","@id":"https:\/\/artoislittoral2.com\/index.php\/elementor-196\/","url":"https:\/\/artoislittoral2.com\/index.php\/elementor-196\/","name":"Service LICENCE - ASA Artois Littoral 2","isPartOf":{"@id":"https:\/\/artoislittoral2.com\/#website"},"primaryImageOfPage":{"@id":"https:\/\/artoislittoral2.com\/index.php\/elementor-196\/#primaryimage"},"image":{"@id":"https:\/\/artoislittoral2.com\/index.php\/elementor-196\/#primaryimage"},"thumbnailUrl":"https:\/\/artoislittoral2.com\/wp-content\/uploads\/2025\/12\/logo_licence-300x192.jpg","datePublished":"2020-12-24T18:28:26+00:00","dateModified":"2025-12-16T20:42:39+00:00","breadcrumb":{"@id":"https:\/\/artoislittoral2.com\/index.php\/elementor-196\/#breadcrumb"},"inLanguage":"fr-FR","potentialAction":[{"@type":"ReadAction","target":["https:\/\/artoislittoral2.com\/index.php\/elementor-196\/"]}]},{"@type":"ImageObject","inLanguage":"fr-FR","@id":"https:\/\/artoislittoral2.com\/index.php\/elementor-196\/#primaryimage","url":"https:\/\/artoislittoral2.com\/wp-content\/uploads\/2025\/12\/logo_licence.jpg","contentUrl":"https:\/\/artoislittoral2.com\/wp-content\/uploads\/2025\/12\/logo_licence.jpg","width":681,"height":435},{"@type":"BreadcrumbList","@id":"https:\/\/artoislittoral2.com\/index.php\/elementor-196\/#breadcrumb","itemListElement":[{"@type":"ListItem","position":1,"name":"Accueil","item":"https:\/\/artoislittoral2.com\/"},{"@type":"ListItem","position":2,"name":"Service LICENCE"}]},{"@type":"WebSite","@id":"https:\/\/artoislittoral2.com\/#website","url":"https:\/\/artoislittoral2.com\/","name":"ASA Artois Littoral 2","description":"Bienvenue \u00e0 l&#039;ASA Artois Littoral II","publisher":{"@id":"https:\/\/artoislittoral2.com\/#organization"},"potentialAction":[{"@type":"SearchAction","target":{"@type":"EntryPoint","urlTemplate":"https:\/\/artoislittoral2.com\/?s={search_term_string}"},"query-input":{"@type":"PropertyValueSpecification","valueRequired":true,"valueName":"search_term_string"}}],"inLanguage":"fr-FR"},{"@type":"Organization","@id":"https:\/\/artoislittoral2.com\/#organization","name":"ASA Artois Littoral 2","url":"https:\/\/artoislittoral2.com\/","logo":{"@type":"ImageObject","inLanguage":"fr-FR","@id":"https:\/\/artoislittoral2.com\/#\/schema\/logo\/image\/","url":"https:\/\/artoislittoral2.com\/wp-content\/uploads\/2025\/11\/cropped-cropped-bandeau-2025.jpg","contentUrl":"https:\/\/artoislittoral2.com\/wp-content\/uploads\/2025\/11\/cropped-cropped-bandeau-2025.jpg","width":960,"height":365,"caption":"ASA Artois Littoral 2"},"image":{"@id":"https:\/\/artoislittoral2.com\/#\/schema\/logo\/image\/"}}]}},"jetpack_sharing_enabled":true,"_links":{"self":[{"href":"https:\/\/artoislittoral2.com\/index.php\/wp-json\/wp\/v2\/pages\/196","targetHints":{"allow":["GET"]}}],"collection":[{"href":"https:\/\/artoislittoral2.com\/index.php\/wp-json\/wp\/v2\/pages"}],"about":[{"href":"https:\/\/artoislittoral2.com\/index.php\/wp-json\/wp\/v2\/types\/page"}],"author":[{"embeddable":true,"href":"https:\/\/artoislittoral2.com\/index.php\/wp-json\/wp\/v2\/users\/1"}],"replies":[{"embeddable":true,"href":"https:\/\/artoislittoral2.com\/index.php\/wp-json\/wp\/v2\/comments?post=196"}],"version-history":[{"count":44,"href":"https:\/\/artoislittoral2.com\/index.php\/wp-json\/wp\/v2\/pages\/196\/revisions"}],"predecessor-version":[{"id":7510,"href":"https:\/\/artoislittoral2.com\/index.php\/wp-json\/wp\/v2\/pages\/196\/revisions\/7510"}],"wp:attachment":[{"href":"https:\/\/artoislittoral2.com\/index.php\/wp-json\/wp\/v2\/media?parent=196"}],"curies":[{"name":"wp","href":"https:\/\/api.w.org\/{rel}","templated":true}]}}