{"id":2198,"date":"2022-02-04T18:02:38","date_gmt":"2022-02-04T17:02:38","guid":{"rendered":"https:\/\/artoislittoral2.com\/?page_id=2198"},"modified":"2022-02-04T18:05:59","modified_gmt":"2022-02-04T17:05:59","slug":"roetynck-melanie","status":"publish","type":"page","link":"https:\/\/artoislittoral2.com\/index.php\/roetynck-melanie\/","title":{"rendered":"ROETYNCK M\u00e9lanie"},"content":{"rendered":"\t\t<div data-elementor-type=\"wp-page\" data-elementor-id=\"2198\" class=\"elementor elementor-2198\">\n\t\t\t\t\t\t<section class=\"elementor-section elementor-top-section elementor-element elementor-element-c498634 elementor-section-boxed elementor-section-height-default elementor-section-height-default\" data-id=\"c498634\" data-element_type=\"section\" data-e-type=\"section\">\n\t\t\t\t\t\t<div class=\"elementor-container elementor-column-gap-default\">\n\t\t\t\t\t<div class=\"elementor-column elementor-col-100 elementor-top-column elementor-element elementor-element-b2e581a\" data-id=\"b2e581a\" data-element_type=\"column\" data-e-type=\"column\">\n\t\t\t<div class=\"elementor-widget-wrap elementor-element-populated\">\n\t\t\t\t\t\t<div class=\"elementor-element elementor-element-b453dd1 elementor-widget elementor-widget-text-editor\" data-id=\"b453dd1\" data-element_type=\"widget\" data-e-type=\"widget\" data-widget_type=\"text-editor.default\">\n\t\t\t\t<div class=\"elementor-widget-container\">\n\t\t\t\t\t\t\t\t\t<div>M\u00e9lanie, 43 ans, maman de 2 enfants, assistante de direction chez GTE entreprises, pacs\u00e9e \u00e0 David DUBOCAGE mon pilote<\/div><div>Depuis toute petite, j&rsquo;ai toujours \u00e9t\u00e9 passionn\u00e9e par le sport automobile, devant la t\u00e9l\u00e9 avec mon papa en regardant les GP de Formule 1, et les rallyes que je regardais aux bords des route, des \u00e9toiles pleins les yeux, le coeur tressaillant au rythme des vrombissements de moteur.<\/div><div>\u00a0<\/div><p>J&rsquo;ai r\u00e9alis\u00e9 mon r\u00eave \u00e0 40 ans en 2019, en tant que copilote sur Peugeot 206 N2S au rallye du Marquenterre,\u00a0 je ne pensais pas ensuite avoir envie de vouloir continuer mais les sensations, l&rsquo;adr\u00e9naline\u00a0que cela procure j&rsquo;adore.<\/p><p>J&rsquo;ai donc la m\u00eame ann\u00e9e pu \u00eatre co pilote en Peugeot 106 N1 au rallye Le B\u00e9thunois.<\/p><div>\u00a02020 aurait d\u00fb \u00eatre une continuit\u00e9 de mon exp\u00e9rience 2019, mais les conditions sanitaires ne le permettaient pas.<\/div><div>\u00a0<\/div><div><div><div>Pour la saison 2022 nous venons de faire l&rsquo;acquisition d&rsquo;une citro\u00ebn\u00a0SAXO, voiture que nous avions lou\u00e9e pour Le B\u00e9thunois et Charlemagne en 2021.\u00a0<\/div><div>Nous avons cr\u00e9\u00e9 notre association MD TEAM RACING, afin de pouvoir r\u00e9unir les fonds pour nos futures saisons.<\/div><\/div><\/div>\t\t\t\t\t\t\t\t<\/div>\n\t\t\t\t<\/div>\n\t\t\t\t\t<\/div>\n\t\t<\/div>\n\t\t\t\t\t<\/div>\n\t\t<\/section>\n\t\t\t\t<section class=\"elementor-section elementor-top-section elementor-element elementor-element-8d9ac64 elementor-section-boxed elementor-section-height-default elementor-section-height-default\" data-id=\"8d9ac64\" data-element_type=\"section\" data-e-type=\"section\">\n\t\t\t\t\t\t<div class=\"elementor-container elementor-column-gap-default\">\n\t\t\t\t\t<div class=\"elementor-column elementor-col-50 elementor-top-column elementor-element elementor-element-1aaa6fd\" data-id=\"1aaa6fd\" data-element_type=\"column\" data-e-type=\"column\">\n\t\t\t<div class=\"elementor-widget-wrap elementor-element-populated\">\n\t\t\t\t\t\t<div class=\"elementor-element elementor-element-778a8c3 elementor-widget elementor-widget-image\" data-id=\"778a8c3\" data-element_type=\"widget\" data-e-type=\"widget\" data-widget_type=\"image.default\">\n\t\t\t\t<div class=\"elementor-widget-container\">\n\t\t\t\t\t\t\t\t\t\t\t\t\t\t\t<img fetchpriority=\"high\" decoding=\"async\" width=\"640\" height=\"640\" src=\"https:\/\/artoislittoral2.com\/wp-content\/uploads\/2022\/02\/254970313_10223840022659997_7180462923558246797_n.jpg\" class=\"attachment-large size-large wp-image-2200\" alt=\"\" srcset=\"https:\/\/artoislittoral2.com\/wp-content\/uploads\/2022\/02\/254970313_10223840022659997_7180462923558246797_n.jpg 828w, https:\/\/artoislittoral2.com\/wp-content\/uploads\/2022\/02\/254970313_10223840022659997_7180462923558246797_n-300x300.jpg 300w, https:\/\/artoislittoral2.com\/wp-content\/uploads\/2022\/02\/254970313_10223840022659997_7180462923558246797_n-150x150.jpg 150w, https:\/\/artoislittoral2.com\/wp-content\/uploads\/2022\/02\/254970313_10223840022659997_7180462923558246797_n-768x768.jpg 768w\" sizes=\"(max-width: 640px) 100vw, 640px\" \/>\t\t\t\t\t\t\t\t\t\t\t\t\t\t\t<\/div>\n\t\t\t\t<\/div>\n\t\t\t\t\t<\/div>\n\t\t<\/div>\n\t\t\t\t<div class=\"elementor-column elementor-col-50 elementor-top-column elementor-element elementor-element-4e39c20\" data-id=\"4e39c20\" data-element_type=\"column\" data-e-type=\"column\">\n\t\t\t<div class=\"elementor-widget-wrap elementor-element-populated\">\n\t\t\t\t\t\t<div class=\"elementor-element elementor-element-3275e21 elementor-widget elementor-widget-image\" data-id=\"3275e21\" data-element_type=\"widget\" data-e-type=\"widget\" data-widget_type=\"image.default\">\n\t\t\t\t<div class=\"elementor-widget-container\">\n\t\t\t\t\t\t\t\t\t\t\t\t\t\t\t<img decoding=\"async\" width=\"640\" height=\"605\" src=\"https:\/\/artoislittoral2.com\/wp-content\/uploads\/2022\/02\/241617687_10223502627145320_1551612536411025330_n.jpg\" class=\"attachment-large size-large wp-image-2199\" alt=\"\" srcset=\"https:\/\/artoislittoral2.com\/wp-content\/uploads\/2022\/02\/241617687_10223502627145320_1551612536411025330_n.jpg 960w, https:\/\/artoislittoral2.com\/wp-content\/uploads\/2022\/02\/241617687_10223502627145320_1551612536411025330_n-300x284.jpg 300w, https:\/\/artoislittoral2.com\/wp-content\/uploads\/2022\/02\/241617687_10223502627145320_1551612536411025330_n-768x726.jpg 768w, https:\/\/artoislittoral2.com\/wp-content\/uploads\/2022\/02\/241617687_10223502627145320_1551612536411025330_n-850x804.jpg 850w\" sizes=\"(max-width: 640px) 100vw, 640px\" \/>\t\t\t\t\t\t\t\t\t\t\t\t\t\t\t<\/div>\n\t\t\t\t<\/div>\n\t\t\t\t\t<\/div>\n\t\t<\/div>\n\t\t\t\t\t<\/div>\n\t\t<\/section>\n\t\t\t\t<\/div>\n\t\t","protected":false},"excerpt":{"rendered":"<p>M\u00e9lanie, 43 ans, maman de 2 enfants, assistante de direction chez GTE entreprises, pacs\u00e9e \u00e0 David DUBOCAGE mon piloteDepuis toute petite, j&rsquo;ai toujours \u00e9t\u00e9 passionn\u00e9e par le sport automobile, devant la t\u00e9l\u00e9 avec mon papa en regardant les GP de Formule 1, et les rallyes que je regardais aux bords des route, des \u00e9toiles pleins&#8230;<\/p>\n","protected":false},"author":1,"featured_media":0,"parent":0,"menu_order":0,"comment_status":"closed","ping_status":"closed","template":"","meta":{"footnotes":""},"class_list":["post-2198","page","type-page","status-publish","hentry"],"yoast_head":"<!-- This site is optimized with the Yoast SEO plugin v27.3 - https:\/\/yoast.com\/product\/yoast-seo-wordpress\/ -->\n<title>ROETYNCK M\u00e9lanie - ASA Artois Littoral 2<\/title>\n<meta name=\"robots\" content=\"index, follow, max-snippet:-1, max-image-preview:large, max-video-preview:-1\" \/>\n<link rel=\"canonical\" href=\"https:\/\/artoislittoral2.com\/index.php\/roetynck-melanie\/\" \/>\n<meta property=\"og:locale\" content=\"fr_FR\" \/>\n<meta property=\"og:type\" content=\"article\" \/>\n<meta property=\"og:title\" content=\"ROETYNCK M\u00e9lanie - ASA Artois Littoral 2\" \/>\n<meta property=\"og:description\" content=\"M\u00e9lanie, 43 ans, maman de 2 enfants, assistante de direction chez GTE entreprises, pacs\u00e9e \u00e0 David DUBOCAGE mon piloteDepuis toute petite, j&rsquo;ai toujours \u00e9t\u00e9 passionn\u00e9e par le sport automobile, devant la t\u00e9l\u00e9 avec mon papa en regardant les GP de Formule 1, et les rallyes que je regardais aux bords des route, des \u00e9toiles pleins...\" \/>\n<meta property=\"og:url\" content=\"https:\/\/artoislittoral2.com\/index.php\/roetynck-melanie\/\" \/>\n<meta property=\"og:site_name\" content=\"ASA Artois Littoral 2\" \/>\n<meta property=\"article:modified_time\" content=\"2022-02-04T17:05:59+00:00\" \/>\n<meta property=\"og:image\" content=\"https:\/\/artoislittoral2.com\/wp-content\/uploads\/2022\/02\/254970313_10223840022659997_7180462923558246797_n.jpg\" \/>\n<meta name=\"twitter:card\" content=\"summary_large_image\" \/>\n<meta name=\"twitter:label1\" content=\"Dur\u00e9e de lecture estim\u00e9e\" \/>\n\t<meta name=\"twitter:data1\" content=\"2 minutes\" \/>\n<script type=\"application\/ld+json\" class=\"yoast-schema-graph\">{\"@context\":\"https:\\\/\\\/schema.org\",\"@graph\":[{\"@type\":\"WebPage\",\"@id\":\"https:\\\/\\\/artoislittoral2.com\\\/index.php\\\/roetynck-melanie\\\/\",\"url\":\"https:\\\/\\\/artoislittoral2.com\\\/index.php\\\/roetynck-melanie\\\/\",\"name\":\"ROETYNCK M\u00e9lanie - ASA Artois Littoral 2\",\"isPartOf\":{\"@id\":\"https:\\\/\\\/artoislittoral2.com\\\/#website\"},\"primaryImageOfPage\":{\"@id\":\"https:\\\/\\\/artoislittoral2.com\\\/index.php\\\/roetynck-melanie\\\/#primaryimage\"},\"image\":{\"@id\":\"https:\\\/\\\/artoislittoral2.com\\\/index.php\\\/roetynck-melanie\\\/#primaryimage\"},\"thumbnailUrl\":\"https:\\\/\\\/artoislittoral2.com\\\/wp-content\\\/uploads\\\/2022\\\/02\\\/254970313_10223840022659997_7180462923558246797_n.jpg\",\"datePublished\":\"2022-02-04T17:02:38+00:00\",\"dateModified\":\"2022-02-04T17:05:59+00:00\",\"breadcrumb\":{\"@id\":\"https:\\\/\\\/artoislittoral2.com\\\/index.php\\\/roetynck-melanie\\\/#breadcrumb\"},\"inLanguage\":\"fr-FR\",\"potentialAction\":[{\"@type\":\"ReadAction\",\"target\":[\"https:\\\/\\\/artoislittoral2.com\\\/index.php\\\/roetynck-melanie\\\/\"]}]},{\"@type\":\"ImageObject\",\"inLanguage\":\"fr-FR\",\"@id\":\"https:\\\/\\\/artoislittoral2.com\\\/index.php\\\/roetynck-melanie\\\/#primaryimage\",\"url\":\"https:\\\/\\\/artoislittoral2.com\\\/wp-content\\\/uploads\\\/2022\\\/02\\\/254970313_10223840022659997_7180462923558246797_n.jpg\",\"contentUrl\":\"https:\\\/\\\/artoislittoral2.com\\\/wp-content\\\/uploads\\\/2022\\\/02\\\/254970313_10223840022659997_7180462923558246797_n.jpg\",\"width\":828,\"height\":828},{\"@type\":\"BreadcrumbList\",\"@id\":\"https:\\\/\\\/artoislittoral2.com\\\/index.php\\\/roetynck-melanie\\\/#breadcrumb\",\"itemListElement\":[{\"@type\":\"ListItem\",\"position\":1,\"name\":\"Accueil\",\"item\":\"https:\\\/\\\/artoislittoral2.com\\\/\"},{\"@type\":\"ListItem\",\"position\":2,\"name\":\"ROETYNCK M\u00e9lanie\"}]},{\"@type\":\"WebSite\",\"@id\":\"https:\\\/\\\/artoislittoral2.com\\\/#website\",\"url\":\"https:\\\/\\\/artoislittoral2.com\\\/\",\"name\":\"ASA Artois Littoral 2\",\"description\":\"Bienvenue \u00e0 l&#039;ASA Artois Littoral II\",\"publisher\":{\"@id\":\"https:\\\/\\\/artoislittoral2.com\\\/#organization\"},\"potentialAction\":[{\"@type\":\"SearchAction\",\"target\":{\"@type\":\"EntryPoint\",\"urlTemplate\":\"https:\\\/\\\/artoislittoral2.com\\\/?s={search_term_string}\"},\"query-input\":{\"@type\":\"PropertyValueSpecification\",\"valueRequired\":true,\"valueName\":\"search_term_string\"}}],\"inLanguage\":\"fr-FR\"},{\"@type\":\"Organization\",\"@id\":\"https:\\\/\\\/artoislittoral2.com\\\/#organization\",\"name\":\"ASA Artois Littoral 2\",\"url\":\"https:\\\/\\\/artoislittoral2.com\\\/\",\"logo\":{\"@type\":\"ImageObject\",\"inLanguage\":\"fr-FR\",\"@id\":\"https:\\\/\\\/artoislittoral2.com\\\/#\\\/schema\\\/logo\\\/image\\\/\",\"url\":\"https:\\\/\\\/artoislittoral2.com\\\/wp-content\\\/uploads\\\/2025\\\/11\\\/cropped-cropped-bandeau-2025.jpg\",\"contentUrl\":\"https:\\\/\\\/artoislittoral2.com\\\/wp-content\\\/uploads\\\/2025\\\/11\\\/cropped-cropped-bandeau-2025.jpg\",\"width\":960,\"height\":365,\"caption\":\"ASA Artois Littoral 2\"},\"image\":{\"@id\":\"https:\\\/\\\/artoislittoral2.com\\\/#\\\/schema\\\/logo\\\/image\\\/\"}}]}<\/script>\n<!-- \/ Yoast SEO plugin. -->","yoast_head_json":{"title":"ROETYNCK M\u00e9lanie - ASA Artois Littoral 2","robots":{"index":"index","follow":"follow","max-snippet":"max-snippet:-1","max-image-preview":"max-image-preview:large","max-video-preview":"max-video-preview:-1"},"canonical":"https:\/\/artoislittoral2.com\/index.php\/roetynck-melanie\/","og_locale":"fr_FR","og_type":"article","og_title":"ROETYNCK M\u00e9lanie - ASA Artois Littoral 2","og_description":"M\u00e9lanie, 43 ans, maman de 2 enfants, assistante de direction chez GTE entreprises, pacs\u00e9e \u00e0 David DUBOCAGE mon piloteDepuis toute petite, j&rsquo;ai toujours \u00e9t\u00e9 passionn\u00e9e par le sport automobile, devant la t\u00e9l\u00e9 avec mon papa en regardant les GP de Formule 1, et les rallyes que je regardais aux bords des route, des \u00e9toiles pleins...","og_url":"https:\/\/artoislittoral2.com\/index.php\/roetynck-melanie\/","og_site_name":"ASA Artois Littoral 2","article_modified_time":"2022-02-04T17:05:59+00:00","og_image":[{"url":"https:\/\/artoislittoral2.com\/wp-content\/uploads\/2022\/02\/254970313_10223840022659997_7180462923558246797_n.jpg","type":"","width":"","height":""}],"twitter_card":"summary_large_image","twitter_misc":{"Dur\u00e9e de lecture estim\u00e9e":"2 minutes"},"schema":{"@context":"https:\/\/schema.org","@graph":[{"@type":"WebPage","@id":"https:\/\/artoislittoral2.com\/index.php\/roetynck-melanie\/","url":"https:\/\/artoislittoral2.com\/index.php\/roetynck-melanie\/","name":"ROETYNCK M\u00e9lanie - ASA Artois Littoral 2","isPartOf":{"@id":"https:\/\/artoislittoral2.com\/#website"},"primaryImageOfPage":{"@id":"https:\/\/artoislittoral2.com\/index.php\/roetynck-melanie\/#primaryimage"},"image":{"@id":"https:\/\/artoislittoral2.com\/index.php\/roetynck-melanie\/#primaryimage"},"thumbnailUrl":"https:\/\/artoislittoral2.com\/wp-content\/uploads\/2022\/02\/254970313_10223840022659997_7180462923558246797_n.jpg","datePublished":"2022-02-04T17:02:38+00:00","dateModified":"2022-02-04T17:05:59+00:00","breadcrumb":{"@id":"https:\/\/artoislittoral2.com\/index.php\/roetynck-melanie\/#breadcrumb"},"inLanguage":"fr-FR","potentialAction":[{"@type":"ReadAction","target":["https:\/\/artoislittoral2.com\/index.php\/roetynck-melanie\/"]}]},{"@type":"ImageObject","inLanguage":"fr-FR","@id":"https:\/\/artoislittoral2.com\/index.php\/roetynck-melanie\/#primaryimage","url":"https:\/\/artoislittoral2.com\/wp-content\/uploads\/2022\/02\/254970313_10223840022659997_7180462923558246797_n.jpg","contentUrl":"https:\/\/artoislittoral2.com\/wp-content\/uploads\/2022\/02\/254970313_10223840022659997_7180462923558246797_n.jpg","width":828,"height":828},{"@type":"BreadcrumbList","@id":"https:\/\/artoislittoral2.com\/index.php\/roetynck-melanie\/#breadcrumb","itemListElement":[{"@type":"ListItem","position":1,"name":"Accueil","item":"https:\/\/artoislittoral2.com\/"},{"@type":"ListItem","position":2,"name":"ROETYNCK M\u00e9lanie"}]},{"@type":"WebSite","@id":"https:\/\/artoislittoral2.com\/#website","url":"https:\/\/artoislittoral2.com\/","name":"ASA Artois Littoral 2","description":"Bienvenue \u00e0 l&#039;ASA Artois Littoral II","publisher":{"@id":"https:\/\/artoislittoral2.com\/#organization"},"potentialAction":[{"@type":"SearchAction","target":{"@type":"EntryPoint","urlTemplate":"https:\/\/artoislittoral2.com\/?s={search_term_string}"},"query-input":{"@type":"PropertyValueSpecification","valueRequired":true,"valueName":"search_term_string"}}],"inLanguage":"fr-FR"},{"@type":"Organization","@id":"https:\/\/artoislittoral2.com\/#organization","name":"ASA Artois Littoral 2","url":"https:\/\/artoislittoral2.com\/","logo":{"@type":"ImageObject","inLanguage":"fr-FR","@id":"https:\/\/artoislittoral2.com\/#\/schema\/logo\/image\/","url":"https:\/\/artoislittoral2.com\/wp-content\/uploads\/2025\/11\/cropped-cropped-bandeau-2025.jpg","contentUrl":"https:\/\/artoislittoral2.com\/wp-content\/uploads\/2025\/11\/cropped-cropped-bandeau-2025.jpg","width":960,"height":365,"caption":"ASA Artois Littoral 2"},"image":{"@id":"https:\/\/artoislittoral2.com\/#\/schema\/logo\/image\/"}}]}},"jetpack_sharing_enabled":true,"_links":{"self":[{"href":"https:\/\/artoislittoral2.com\/index.php\/wp-json\/wp\/v2\/pages\/2198","targetHints":{"allow":["GET"]}}],"collection":[{"href":"https:\/\/artoislittoral2.com\/index.php\/wp-json\/wp\/v2\/pages"}],"about":[{"href":"https:\/\/artoislittoral2.com\/index.php\/wp-json\/wp\/v2\/types\/page"}],"author":[{"embeddable":true,"href":"https:\/\/artoislittoral2.com\/index.php\/wp-json\/wp\/v2\/users\/1"}],"replies":[{"embeddable":true,"href":"https:\/\/artoislittoral2.com\/index.php\/wp-json\/wp\/v2\/comments?post=2198"}],"version-history":[{"count":3,"href":"https:\/\/artoislittoral2.com\/index.php\/wp-json\/wp\/v2\/pages\/2198\/revisions"}],"predecessor-version":[{"id":2203,"href":"https:\/\/artoislittoral2.com\/index.php\/wp-json\/wp\/v2\/pages\/2198\/revisions\/2203"}],"wp:attachment":[{"href":"https:\/\/artoislittoral2.com\/index.php\/wp-json\/wp\/v2\/media?parent=2198"}],"curies":[{"name":"wp","href":"https:\/\/api.w.org\/{rel}","templated":true}]}}