{"id":3082,"date":"2023-01-29T18:54:52","date_gmt":"2023-01-29T17:54:52","guid":{"rendered":"https:\/\/artoislittoral2.com\/?page_id=3082"},"modified":"2024-05-08T16:18:44","modified_gmt":"2024-05-08T14:18:44","slug":"mediatheque","status":"publish","type":"page","link":"https:\/\/artoislittoral2.com\/index.php\/mediatheque\/","title":{"rendered":"M\u00e9diath\u00e8que"},"content":{"rendered":"\t\t<div data-elementor-type=\"wp-page\" data-elementor-id=\"3082\" class=\"elementor elementor-3082\">\n\t\t\t\t\t\t<section class=\"elementor-section elementor-top-section elementor-element elementor-element-41ab70f elementor-section-boxed elementor-section-height-default elementor-section-height-default\" data-id=\"41ab70f\" data-element_type=\"section\" data-e-type=\"section\">\n\t\t\t\t\t\t<div class=\"elementor-container elementor-column-gap-default\">\n\t\t\t\t\t<div class=\"elementor-column elementor-col-100 elementor-top-column elementor-element elementor-element-00b9fb9\" data-id=\"00b9fb9\" data-element_type=\"column\" data-e-type=\"column\">\n\t\t\t<div class=\"elementor-widget-wrap elementor-element-populated\">\n\t\t\t\t\t\t<div class=\"elementor-element elementor-element-ef54e22 elementor-widget elementor-widget-text-editor\" data-id=\"ef54e22\" data-element_type=\"widget\" data-e-type=\"widget\" data-widget_type=\"text-editor.default\">\n\t\t\t\t<div class=\"elementor-widget-container\">\n\t\t\t\t\t\t\t\t\t<ul><li><p class=\"entry-title\"><a href=\"https:\/\/artoislittoral2.com\/index.php\/6-de-nos-licencies-dans-le-top-10-du-rallye-de-la-lys-2024\/\">6 de nos licenci\u00e9s dans le TOP 10 du rallye de la Lys 2024<\/a><\/p><\/li><li><a href=\"https:\/\/artoislittoral2.com\/index.php\/les-photos-de-la-course-de-cote-dhersin-2024\/\">Course de cote d&rsquo;Hersin Coupigny 2024<\/a><\/li><li><a href=\"https:\/\/artoislittoral2.com\/index.php\/slalom-des-weppes-2024\/\">Slalom des WEPPES 2024<\/a><\/li><li><a href=\"https:\/\/artoislittoral2.com\/index.php\/routes-du-nord-2024-moderne\/\">Routes du Nord 2024 Moderne<\/a><\/li><li><a href=\"https:\/\/artoislittoral2.com\/index.php\/routes-du-nord-2024-vhc\/\">Routes du Nord 2024 VHC<\/a><\/li><li><a href=\"https:\/\/artoislittoral2.com\/index.php\/la-journee-de-roulage-du-27-janvier-2024\/\" target=\"_blank\" rel=\"noopener\">Les photos du roulage du 27 janvier 2024<\/a><\/li><li><a href=\"https:\/\/artoislittoral2.com\/index.php\/journee-a-croix-en-ternois-le-27-janvier-2024\/\">La c\u00e9r\u00e9monie des champions 2023 au 27 janvier 2024<\/a><\/li><li><a href=\"https:\/\/artoislittoral2.com\/index.php\/le-28-janvier-2023-au-circuit-de-croix-en-ternois-laurent-blanpain\/\">Journ\u00e9e au circuit de Croix en Ternois<\/a><\/li><li><a href=\"https:\/\/artoislittoral2.com\/index.php\/le-11-novembre-2022-karting-de-douvrin\/\">Karting \u00e0 Douvrin le 11 novembre 2022<\/a><\/li><\/ul>\t\t\t\t\t\t\t\t<\/div>\n\t\t\t\t<\/div>\n\t\t\t\t\t<\/div>\n\t\t<\/div>\n\t\t\t\t\t<\/div>\n\t\t<\/section>\n\t\t\t\t<\/div>\n\t\t","protected":false},"excerpt":{"rendered":"<p>6 de nos licenci\u00e9s dans le TOP 10 du rallye de la Lys 2024 Course de cote d&rsquo;Hersin Coupigny 2024 Slalom des WEPPES 2024 Routes du Nord 2024 Moderne Routes du Nord 2024 VHC Les photos du roulage du 27 janvier 2024 La c\u00e9r\u00e9monie des champions 2023 au 27 janvier 2024 Journ\u00e9e au circuit de&#8230;<\/p>\n","protected":false},"author":1,"featured_media":0,"parent":0,"menu_order":0,"comment_status":"closed","ping_status":"closed","template":"","meta":{"footnotes":""},"class_list":["post-3082","page","type-page","status-publish","hentry"],"yoast_head":"<!-- This site is optimized with the Yoast SEO plugin v27.3 - https:\/\/yoast.com\/product\/yoast-seo-wordpress\/ -->\n<title>M\u00e9diath\u00e8que - ASA Artois Littoral 2<\/title>\n<meta name=\"robots\" content=\"index, follow, max-snippet:-1, max-image-preview:large, max-video-preview:-1\" \/>\n<link rel=\"canonical\" href=\"https:\/\/artoislittoral2.com\/index.php\/mediatheque\/\" \/>\n<meta property=\"og:locale\" content=\"fr_FR\" \/>\n<meta property=\"og:type\" content=\"article\" \/>\n<meta property=\"og:title\" content=\"M\u00e9diath\u00e8que - ASA Artois Littoral 2\" \/>\n<meta property=\"og:description\" content=\"6 de nos licenci\u00e9s dans le TOP 10 du rallye de la Lys 2024 Course de cote d&rsquo;Hersin Coupigny 2024 Slalom des WEPPES 2024 Routes du Nord 2024 Moderne Routes du Nord 2024 VHC Les photos du roulage du 27 janvier 2024 La c\u00e9r\u00e9monie des champions 2023 au 27 janvier 2024 Journ\u00e9e au circuit de...\" \/>\n<meta property=\"og:url\" content=\"https:\/\/artoislittoral2.com\/index.php\/mediatheque\/\" \/>\n<meta property=\"og:site_name\" content=\"ASA Artois Littoral 2\" \/>\n<meta property=\"article:modified_time\" content=\"2024-05-08T14:18:44+00:00\" \/>\n<meta name=\"twitter:card\" content=\"summary_large_image\" \/>\n<meta name=\"twitter:label1\" content=\"Dur\u00e9e de lecture estim\u00e9e\" \/>\n\t<meta name=\"twitter:data1\" content=\"1 minute\" \/>\n<script type=\"application\/ld+json\" class=\"yoast-schema-graph\">{\"@context\":\"https:\\\/\\\/schema.org\",\"@graph\":[{\"@type\":\"WebPage\",\"@id\":\"https:\\\/\\\/artoislittoral2.com\\\/index.php\\\/mediatheque\\\/\",\"url\":\"https:\\\/\\\/artoislittoral2.com\\\/index.php\\\/mediatheque\\\/\",\"name\":\"M\u00e9diath\u00e8que - ASA Artois Littoral 2\",\"isPartOf\":{\"@id\":\"https:\\\/\\\/artoislittoral2.com\\\/#website\"},\"datePublished\":\"2023-01-29T17:54:52+00:00\",\"dateModified\":\"2024-05-08T14:18:44+00:00\",\"breadcrumb\":{\"@id\":\"https:\\\/\\\/artoislittoral2.com\\\/index.php\\\/mediatheque\\\/#breadcrumb\"},\"inLanguage\":\"fr-FR\",\"potentialAction\":[{\"@type\":\"ReadAction\",\"target\":[\"https:\\\/\\\/artoislittoral2.com\\\/index.php\\\/mediatheque\\\/\"]}]},{\"@type\":\"BreadcrumbList\",\"@id\":\"https:\\\/\\\/artoislittoral2.com\\\/index.php\\\/mediatheque\\\/#breadcrumb\",\"itemListElement\":[{\"@type\":\"ListItem\",\"position\":1,\"name\":\"Accueil\",\"item\":\"https:\\\/\\\/artoislittoral2.com\\\/\"},{\"@type\":\"ListItem\",\"position\":2,\"name\":\"M\u00e9diath\u00e8que\"}]},{\"@type\":\"WebSite\",\"@id\":\"https:\\\/\\\/artoislittoral2.com\\\/#website\",\"url\":\"https:\\\/\\\/artoislittoral2.com\\\/\",\"name\":\"ASA Artois Littoral 2\",\"description\":\"Bienvenue \u00e0 l&#039;ASA Artois Littoral II\",\"publisher\":{\"@id\":\"https:\\\/\\\/artoislittoral2.com\\\/#organization\"},\"potentialAction\":[{\"@type\":\"SearchAction\",\"target\":{\"@type\":\"EntryPoint\",\"urlTemplate\":\"https:\\\/\\\/artoislittoral2.com\\\/?s={search_term_string}\"},\"query-input\":{\"@type\":\"PropertyValueSpecification\",\"valueRequired\":true,\"valueName\":\"search_term_string\"}}],\"inLanguage\":\"fr-FR\"},{\"@type\":\"Organization\",\"@id\":\"https:\\\/\\\/artoislittoral2.com\\\/#organization\",\"name\":\"ASA Artois Littoral 2\",\"url\":\"https:\\\/\\\/artoislittoral2.com\\\/\",\"logo\":{\"@type\":\"ImageObject\",\"inLanguage\":\"fr-FR\",\"@id\":\"https:\\\/\\\/artoislittoral2.com\\\/#\\\/schema\\\/logo\\\/image\\\/\",\"url\":\"https:\\\/\\\/artoislittoral2.com\\\/wp-content\\\/uploads\\\/2025\\\/11\\\/cropped-cropped-bandeau-2025.jpg\",\"contentUrl\":\"https:\\\/\\\/artoislittoral2.com\\\/wp-content\\\/uploads\\\/2025\\\/11\\\/cropped-cropped-bandeau-2025.jpg\",\"width\":960,\"height\":365,\"caption\":\"ASA Artois Littoral 2\"},\"image\":{\"@id\":\"https:\\\/\\\/artoislittoral2.com\\\/#\\\/schema\\\/logo\\\/image\\\/\"}}]}<\/script>\n<!-- \/ Yoast SEO plugin. -->","yoast_head_json":{"title":"M\u00e9diath\u00e8que - ASA Artois Littoral 2","robots":{"index":"index","follow":"follow","max-snippet":"max-snippet:-1","max-image-preview":"max-image-preview:large","max-video-preview":"max-video-preview:-1"},"canonical":"https:\/\/artoislittoral2.com\/index.php\/mediatheque\/","og_locale":"fr_FR","og_type":"article","og_title":"M\u00e9diath\u00e8que - ASA Artois Littoral 2","og_description":"6 de nos licenci\u00e9s dans le TOP 10 du rallye de la Lys 2024 Course de cote d&rsquo;Hersin Coupigny 2024 Slalom des WEPPES 2024 Routes du Nord 2024 Moderne Routes du Nord 2024 VHC Les photos du roulage du 27 janvier 2024 La c\u00e9r\u00e9monie des champions 2023 au 27 janvier 2024 Journ\u00e9e au circuit de...","og_url":"https:\/\/artoislittoral2.com\/index.php\/mediatheque\/","og_site_name":"ASA Artois Littoral 2","article_modified_time":"2024-05-08T14:18:44+00:00","twitter_card":"summary_large_image","twitter_misc":{"Dur\u00e9e de lecture estim\u00e9e":"1 minute"},"schema":{"@context":"https:\/\/schema.org","@graph":[{"@type":"WebPage","@id":"https:\/\/artoislittoral2.com\/index.php\/mediatheque\/","url":"https:\/\/artoislittoral2.com\/index.php\/mediatheque\/","name":"M\u00e9diath\u00e8que - ASA Artois Littoral 2","isPartOf":{"@id":"https:\/\/artoislittoral2.com\/#website"},"datePublished":"2023-01-29T17:54:52+00:00","dateModified":"2024-05-08T14:18:44+00:00","breadcrumb":{"@id":"https:\/\/artoislittoral2.com\/index.php\/mediatheque\/#breadcrumb"},"inLanguage":"fr-FR","potentialAction":[{"@type":"ReadAction","target":["https:\/\/artoislittoral2.com\/index.php\/mediatheque\/"]}]},{"@type":"BreadcrumbList","@id":"https:\/\/artoislittoral2.com\/index.php\/mediatheque\/#breadcrumb","itemListElement":[{"@type":"ListItem","position":1,"name":"Accueil","item":"https:\/\/artoislittoral2.com\/"},{"@type":"ListItem","position":2,"name":"M\u00e9diath\u00e8que"}]},{"@type":"WebSite","@id":"https:\/\/artoislittoral2.com\/#website","url":"https:\/\/artoislittoral2.com\/","name":"ASA Artois Littoral 2","description":"Bienvenue \u00e0 l&#039;ASA Artois Littoral II","publisher":{"@id":"https:\/\/artoislittoral2.com\/#organization"},"potentialAction":[{"@type":"SearchAction","target":{"@type":"EntryPoint","urlTemplate":"https:\/\/artoislittoral2.com\/?s={search_term_string}"},"query-input":{"@type":"PropertyValueSpecification","valueRequired":true,"valueName":"search_term_string"}}],"inLanguage":"fr-FR"},{"@type":"Organization","@id":"https:\/\/artoislittoral2.com\/#organization","name":"ASA Artois Littoral 2","url":"https:\/\/artoislittoral2.com\/","logo":{"@type":"ImageObject","inLanguage":"fr-FR","@id":"https:\/\/artoislittoral2.com\/#\/schema\/logo\/image\/","url":"https:\/\/artoislittoral2.com\/wp-content\/uploads\/2025\/11\/cropped-cropped-bandeau-2025.jpg","contentUrl":"https:\/\/artoislittoral2.com\/wp-content\/uploads\/2025\/11\/cropped-cropped-bandeau-2025.jpg","width":960,"height":365,"caption":"ASA Artois Littoral 2"},"image":{"@id":"https:\/\/artoislittoral2.com\/#\/schema\/logo\/image\/"}}]}},"jetpack_sharing_enabled":true,"_links":{"self":[{"href":"https:\/\/artoislittoral2.com\/index.php\/wp-json\/wp\/v2\/pages\/3082","targetHints":{"allow":["GET"]}}],"collection":[{"href":"https:\/\/artoislittoral2.com\/index.php\/wp-json\/wp\/v2\/pages"}],"about":[{"href":"https:\/\/artoislittoral2.com\/index.php\/wp-json\/wp\/v2\/types\/page"}],"author":[{"embeddable":true,"href":"https:\/\/artoislittoral2.com\/index.php\/wp-json\/wp\/v2\/users\/1"}],"replies":[{"embeddable":true,"href":"https:\/\/artoislittoral2.com\/index.php\/wp-json\/wp\/v2\/comments?post=3082"}],"version-history":[{"count":51,"href":"https:\/\/artoislittoral2.com\/index.php\/wp-json\/wp\/v2\/pages\/3082\/revisions"}],"predecessor-version":[{"id":4975,"href":"https:\/\/artoislittoral2.com\/index.php\/wp-json\/wp\/v2\/pages\/3082\/revisions\/4975"}],"wp:attachment":[{"href":"https:\/\/artoislittoral2.com\/index.php\/wp-json\/wp\/v2\/media?parent=3082"}],"curies":[{"name":"wp","href":"https:\/\/api.w.org\/{rel}","templated":true}]}}