{"id":340,"date":"2020-12-26T18:14:00","date_gmt":"2020-12-26T17:14:00","guid":{"rendered":"https:\/\/artoislittoral2.com\/?page_id=340"},"modified":"2020-12-27T16:19:40","modified_gmt":"2020-12-27T15:19:40","slug":"les-encadrants","status":"publish","type":"page","link":"https:\/\/artoislittoral2.com\/index.php\/elementor-225\/les-encadrants\/","title":{"rendered":"LES ENCADRANTS"},"content":{"rendered":"\t\t<div data-elementor-type=\"wp-page\" data-elementor-id=\"340\" class=\"elementor elementor-340\">\n\t\t\t\t\t\t<section class=\"elementor-section elementor-top-section elementor-element elementor-element-28ce55c7 elementor-section-boxed elementor-section-height-default elementor-section-height-default\" data-id=\"28ce55c7\" data-element_type=\"section\" data-e-type=\"section\">\n\t\t\t\t\t\t<div class=\"elementor-container elementor-column-gap-default\">\n\t\t\t\t\t<div class=\"elementor-column elementor-col-100 elementor-top-column elementor-element elementor-element-758968d9\" data-id=\"758968d9\" data-element_type=\"column\" data-e-type=\"column\">\n\t\t\t<div class=\"elementor-widget-wrap elementor-element-populated\">\n\t\t\t\t\t\t<div class=\"elementor-element elementor-element-26b00d4a elementor-widget elementor-widget-text-editor\" data-id=\"26b00d4a\" data-element_type=\"widget\" data-e-type=\"widget\" data-widget_type=\"text-editor.default\">\n\t\t\t\t<div class=\"elementor-widget-container\">\n\t\t\t\t\t\t\t\t\t<h3><span style=\"text-decoration: underline;\"><strong>Commissaire :<\/strong><\/span><\/h3><ul><li>Sur le bord de la piste ou de la route, les Commissaires\u00a0assurent la s\u00e9curit\u00e9 des \u00e9quipages engag\u00e9s. Ils sont les \u00ab yeux \u00bb de la Direction de Course, qui assure le bon d\u00e9roulement des comp\u00e9titions. Les drapeaux qu\u2019ils ont pour mission de brandir, le cas \u00e9ch\u00e9ant, sont leurs principaux \u00ab outils \u00bb.<\/li><li>Cette fonction permet d\u2019acc\u00e9der par la suite \u00e0 la fonction de Chef de Poste route ou circuit.\u00a0Le Chef de Poste manage une \u00e9quipe de Commissaires. Son action porte sur la zone de contr\u00f4le dont il a la charge sur le circuit ou l\u2019\u00e9preuve sp\u00e9ciale en rallye. Il doit pr\u00e9voir, ordonner et contr\u00f4ler.<\/li><\/ul><h3><strong><span id=\"DeltaPlaceHolderMain\">\u00a0<\/span><\/strong><span style=\"text-decoration: underline;\"><strong><span id=\"DeltaPlaceHolderMain\">Directeur de Course :<\/span><\/strong><\/span><span id=\"DeltaPlaceHolderMain\"><\/span><span id=\"DeltaPlaceHolderMain\"><\/span><span id=\"DeltaPlaceHolderMain\"><\/span><\/h3><ul><li><span id=\"DeltaPlaceHolderMain\"><\/span><span id=\"DeltaPlaceHolderMain\">Le Directeur de Course\u00a0assure la conduite sportive des \u00e9preuves conform\u00e9ment aux programmes officiels. Cet officiel est de la plus haute importance dans le sch\u00e9ma d\u2019organisation de l\u2019\u00e9preuve.<\/span><\/li><\/ul><h3><span style=\"text-decoration: underline;\"><strong><span id=\"DeltaPlaceHolderMain\">Commissaire Sportif<\/span><\/strong><\/span><\/h3><ul><li><span id=\"DeltaPlaceHolderMain\">Les Commissaires Sportifs constituent le \u00ab Coll\u00e8ge des Commissaires Sportifs \u00bb, instance qui veille notamment au respect de la r\u00e9glementation sportive. Ils ont toute autorit\u00e9 pour faire respecter les r\u00e8glements lors des comp\u00e9titions et trancher les litiges et r\u00e9clamations pendant l\u2019\u00e9preuve.<\/span><\/li><\/ul><h3><span style=\"text-decoration: underline;\"><strong><span id=\"DeltaPlaceHolderMain\">Commissaire Technique<\/span><\/strong><\/span><\/h3><ul><li><span id=\"DeltaPlaceHolderMain\">Au sein d\u2019une \u00e9quipe, le Commissaire Technique\u00a0est charg\u00e9 de la stricte application des r\u00e8glements techniques de la cat\u00e9gorie, propres \u00e0 chaque v\u00e9hicule de comp\u00e9tition et exerce des contr\u00f4les avant, pendant ou apr\u00e8s les \u00e9preuves. Il occupe lui aussi un poste \u00e0 responsabilit\u00e9s.<\/span><\/li><\/ul><h3><span style=\"text-decoration: underline;\"><strong><span id=\"DeltaPlaceHolderMain\">Chronom\u00e9treur<\/span><\/strong><\/span><\/h3><ul><li><span id=\"DeltaPlaceHolderMain\">Sous l\u2019autorit\u00e9 directe du Directeur de Course, le Chronom\u00e9treur est appel\u00e9 \u00e0 assurer les missions suivantes : donner le d\u00e9part aux concurrents, mettre en \u0153uvre les outils technologiques \u00e0 sa disposition, \u00e9tablir les temps r\u00e9alis\u00e9s par les concurrents&#8230;\u200b<\/span><\/li><\/ul>\t\t\t\t\t\t\t\t<\/div>\n\t\t\t\t<\/div>\n\t\t\t\t\t<\/div>\n\t\t<\/div>\n\t\t\t\t\t<\/div>\n\t\t<\/section>\n\t\t\t\t<\/div>\n\t\t","protected":false},"excerpt":{"rendered":"<p>Commissaire : Sur le bord de la piste ou de la route, les Commissaires\u00a0assurent la s\u00e9curit\u00e9 des \u00e9quipages engag\u00e9s. Ils sont les \u00ab yeux \u00bb de la Direction de Course, qui assure le bon d\u00e9roulement des comp\u00e9titions. Les drapeaux qu\u2019ils ont pour mission de brandir, le cas \u00e9ch\u00e9ant, sont leurs principaux \u00ab outils \u00bb. Cette&#8230;<\/p>\n","protected":false},"author":1,"featured_media":0,"parent":225,"menu_order":0,"comment_status":"closed","ping_status":"closed","template":"","meta":{"footnotes":""},"class_list":["post-340","page","type-page","status-publish","hentry"],"yoast_head":"<!-- This site is optimized with the Yoast SEO plugin v27.3 - https:\/\/yoast.com\/product\/yoast-seo-wordpress\/ -->\n<title>LES ENCADRANTS - ASA Artois Littoral 2<\/title>\n<meta name=\"robots\" content=\"index, follow, max-snippet:-1, max-image-preview:large, max-video-preview:-1\" \/>\n<link rel=\"canonical\" href=\"https:\/\/artoislittoral2.com\/index.php\/elementor-225\/les-encadrants\/\" \/>\n<meta property=\"og:locale\" content=\"fr_FR\" \/>\n<meta property=\"og:type\" content=\"article\" \/>\n<meta property=\"og:title\" content=\"LES ENCADRANTS - ASA Artois Littoral 2\" \/>\n<meta property=\"og:description\" content=\"Commissaire : Sur le bord de la piste ou de la route, les Commissaires\u00a0assurent la s\u00e9curit\u00e9 des \u00e9quipages engag\u00e9s. Ils sont les \u00ab yeux \u00bb de la Direction de Course, qui assure le bon d\u00e9roulement des comp\u00e9titions. Les drapeaux qu\u2019ils ont pour mission de brandir, le cas \u00e9ch\u00e9ant, sont leurs principaux \u00ab outils \u00bb. Cette...\" \/>\n<meta property=\"og:url\" content=\"https:\/\/artoislittoral2.com\/index.php\/elementor-225\/les-encadrants\/\" \/>\n<meta property=\"og:site_name\" content=\"ASA Artois Littoral 2\" \/>\n<meta property=\"article:modified_time\" content=\"2020-12-27T15:19:40+00:00\" \/>\n<meta name=\"twitter:card\" content=\"summary_large_image\" \/>\n<meta name=\"twitter:label1\" content=\"Dur\u00e9e de lecture estim\u00e9e\" \/>\n\t<meta name=\"twitter:data1\" content=\"1 minute\" \/>\n<script type=\"application\/ld+json\" class=\"yoast-schema-graph\">{\"@context\":\"https:\\\/\\\/schema.org\",\"@graph\":[{\"@type\":\"WebPage\",\"@id\":\"https:\\\/\\\/artoislittoral2.com\\\/index.php\\\/elementor-225\\\/les-encadrants\\\/\",\"url\":\"https:\\\/\\\/artoislittoral2.com\\\/index.php\\\/elementor-225\\\/les-encadrants\\\/\",\"name\":\"LES ENCADRANTS - ASA Artois Littoral 2\",\"isPartOf\":{\"@id\":\"https:\\\/\\\/artoislittoral2.com\\\/#website\"},\"datePublished\":\"2020-12-26T17:14:00+00:00\",\"dateModified\":\"2020-12-27T15:19:40+00:00\",\"breadcrumb\":{\"@id\":\"https:\\\/\\\/artoislittoral2.com\\\/index.php\\\/elementor-225\\\/les-encadrants\\\/#breadcrumb\"},\"inLanguage\":\"fr-FR\",\"potentialAction\":[{\"@type\":\"ReadAction\",\"target\":[\"https:\\\/\\\/artoislittoral2.com\\\/index.php\\\/elementor-225\\\/les-encadrants\\\/\"]}]},{\"@type\":\"BreadcrumbList\",\"@id\":\"https:\\\/\\\/artoislittoral2.com\\\/index.php\\\/elementor-225\\\/les-encadrants\\\/#breadcrumb\",\"itemListElement\":[{\"@type\":\"ListItem\",\"position\":1,\"name\":\"Accueil\",\"item\":\"https:\\\/\\\/artoislittoral2.com\\\/\"},{\"@type\":\"ListItem\",\"position\":2,\"name\":\"NOS LICENCIES\",\"item\":\"https:\\\/\\\/artoislittoral2.com\\\/index.php\\\/elementor-225\\\/\"},{\"@type\":\"ListItem\",\"position\":3,\"name\":\"LES ENCADRANTS\"}]},{\"@type\":\"WebSite\",\"@id\":\"https:\\\/\\\/artoislittoral2.com\\\/#website\",\"url\":\"https:\\\/\\\/artoislittoral2.com\\\/\",\"name\":\"ASA Artois Littoral 2\",\"description\":\"Bienvenue \u00e0 l&#039;ASA Artois Littoral II\",\"publisher\":{\"@id\":\"https:\\\/\\\/artoislittoral2.com\\\/#organization\"},\"potentialAction\":[{\"@type\":\"SearchAction\",\"target\":{\"@type\":\"EntryPoint\",\"urlTemplate\":\"https:\\\/\\\/artoislittoral2.com\\\/?s={search_term_string}\"},\"query-input\":{\"@type\":\"PropertyValueSpecification\",\"valueRequired\":true,\"valueName\":\"search_term_string\"}}],\"inLanguage\":\"fr-FR\"},{\"@type\":\"Organization\",\"@id\":\"https:\\\/\\\/artoislittoral2.com\\\/#organization\",\"name\":\"ASA Artois Littoral 2\",\"url\":\"https:\\\/\\\/artoislittoral2.com\\\/\",\"logo\":{\"@type\":\"ImageObject\",\"inLanguage\":\"fr-FR\",\"@id\":\"https:\\\/\\\/artoislittoral2.com\\\/#\\\/schema\\\/logo\\\/image\\\/\",\"url\":\"https:\\\/\\\/artoislittoral2.com\\\/wp-content\\\/uploads\\\/2025\\\/11\\\/cropped-cropped-bandeau-2025.jpg\",\"contentUrl\":\"https:\\\/\\\/artoislittoral2.com\\\/wp-content\\\/uploads\\\/2025\\\/11\\\/cropped-cropped-bandeau-2025.jpg\",\"width\":960,\"height\":365,\"caption\":\"ASA Artois Littoral 2\"},\"image\":{\"@id\":\"https:\\\/\\\/artoislittoral2.com\\\/#\\\/schema\\\/logo\\\/image\\\/\"}}]}<\/script>\n<!-- \/ Yoast SEO plugin. -->","yoast_head_json":{"title":"LES ENCADRANTS - ASA Artois Littoral 2","robots":{"index":"index","follow":"follow","max-snippet":"max-snippet:-1","max-image-preview":"max-image-preview:large","max-video-preview":"max-video-preview:-1"},"canonical":"https:\/\/artoislittoral2.com\/index.php\/elementor-225\/les-encadrants\/","og_locale":"fr_FR","og_type":"article","og_title":"LES ENCADRANTS - ASA Artois Littoral 2","og_description":"Commissaire : Sur le bord de la piste ou de la route, les Commissaires\u00a0assurent la s\u00e9curit\u00e9 des \u00e9quipages engag\u00e9s. Ils sont les \u00ab yeux \u00bb de la Direction de Course, qui assure le bon d\u00e9roulement des comp\u00e9titions. Les drapeaux qu\u2019ils ont pour mission de brandir, le cas \u00e9ch\u00e9ant, sont leurs principaux \u00ab outils \u00bb. Cette...","og_url":"https:\/\/artoislittoral2.com\/index.php\/elementor-225\/les-encadrants\/","og_site_name":"ASA Artois Littoral 2","article_modified_time":"2020-12-27T15:19:40+00:00","twitter_card":"summary_large_image","twitter_misc":{"Dur\u00e9e de lecture estim\u00e9e":"1 minute"},"schema":{"@context":"https:\/\/schema.org","@graph":[{"@type":"WebPage","@id":"https:\/\/artoislittoral2.com\/index.php\/elementor-225\/les-encadrants\/","url":"https:\/\/artoislittoral2.com\/index.php\/elementor-225\/les-encadrants\/","name":"LES ENCADRANTS - ASA Artois Littoral 2","isPartOf":{"@id":"https:\/\/artoislittoral2.com\/#website"},"datePublished":"2020-12-26T17:14:00+00:00","dateModified":"2020-12-27T15:19:40+00:00","breadcrumb":{"@id":"https:\/\/artoislittoral2.com\/index.php\/elementor-225\/les-encadrants\/#breadcrumb"},"inLanguage":"fr-FR","potentialAction":[{"@type":"ReadAction","target":["https:\/\/artoislittoral2.com\/index.php\/elementor-225\/les-encadrants\/"]}]},{"@type":"BreadcrumbList","@id":"https:\/\/artoislittoral2.com\/index.php\/elementor-225\/les-encadrants\/#breadcrumb","itemListElement":[{"@type":"ListItem","position":1,"name":"Accueil","item":"https:\/\/artoislittoral2.com\/"},{"@type":"ListItem","position":2,"name":"NOS LICENCIES","item":"https:\/\/artoislittoral2.com\/index.php\/elementor-225\/"},{"@type":"ListItem","position":3,"name":"LES ENCADRANTS"}]},{"@type":"WebSite","@id":"https:\/\/artoislittoral2.com\/#website","url":"https:\/\/artoislittoral2.com\/","name":"ASA Artois Littoral 2","description":"Bienvenue \u00e0 l&#039;ASA Artois Littoral II","publisher":{"@id":"https:\/\/artoislittoral2.com\/#organization"},"potentialAction":[{"@type":"SearchAction","target":{"@type":"EntryPoint","urlTemplate":"https:\/\/artoislittoral2.com\/?s={search_term_string}"},"query-input":{"@type":"PropertyValueSpecification","valueRequired":true,"valueName":"search_term_string"}}],"inLanguage":"fr-FR"},{"@type":"Organization","@id":"https:\/\/artoislittoral2.com\/#organization","name":"ASA Artois Littoral 2","url":"https:\/\/artoislittoral2.com\/","logo":{"@type":"ImageObject","inLanguage":"fr-FR","@id":"https:\/\/artoislittoral2.com\/#\/schema\/logo\/image\/","url":"https:\/\/artoislittoral2.com\/wp-content\/uploads\/2025\/11\/cropped-cropped-bandeau-2025.jpg","contentUrl":"https:\/\/artoislittoral2.com\/wp-content\/uploads\/2025\/11\/cropped-cropped-bandeau-2025.jpg","width":960,"height":365,"caption":"ASA Artois Littoral 2"},"image":{"@id":"https:\/\/artoislittoral2.com\/#\/schema\/logo\/image\/"}}]}},"jetpack_sharing_enabled":true,"_links":{"self":[{"href":"https:\/\/artoislittoral2.com\/index.php\/wp-json\/wp\/v2\/pages\/340","targetHints":{"allow":["GET"]}}],"collection":[{"href":"https:\/\/artoislittoral2.com\/index.php\/wp-json\/wp\/v2\/pages"}],"about":[{"href":"https:\/\/artoislittoral2.com\/index.php\/wp-json\/wp\/v2\/types\/page"}],"author":[{"embeddable":true,"href":"https:\/\/artoislittoral2.com\/index.php\/wp-json\/wp\/v2\/users\/1"}],"replies":[{"embeddable":true,"href":"https:\/\/artoislittoral2.com\/index.php\/wp-json\/wp\/v2\/comments?post=340"}],"version-history":[{"count":4,"href":"https:\/\/artoislittoral2.com\/index.php\/wp-json\/wp\/v2\/pages\/340\/revisions"}],"predecessor-version":[{"id":587,"href":"https:\/\/artoislittoral2.com\/index.php\/wp-json\/wp\/v2\/pages\/340\/revisions\/587"}],"up":[{"embeddable":true,"href":"https:\/\/artoislittoral2.com\/index.php\/wp-json\/wp\/v2\/pages\/225"}],"wp:attachment":[{"href":"https:\/\/artoislittoral2.com\/index.php\/wp-json\/wp\/v2\/media?parent=340"}],"curies":[{"name":"wp","href":"https:\/\/api.w.org\/{rel}","templated":true}]}}