{"id":4239,"date":"2024-01-02T21:06:59","date_gmt":"2024-01-02T20:06:59","guid":{"rendered":"https:\/\/artoislittoral2.com\/?page_id=4239"},"modified":"2025-02-22T18:03:30","modified_gmt":"2025-02-22T17:03:30","slug":"hanquiez-stephane","status":"publish","type":"page","link":"https:\/\/artoislittoral2.com\/index.php\/hanquiez-stephane\/","title":{"rendered":"HANQUIEZ St\u00e9phane"},"content":{"rendered":"\t\t<div data-elementor-type=\"wp-page\" data-elementor-id=\"4239\" class=\"elementor elementor-4239\">\n\t\t\t\t\t\t<section class=\"elementor-section elementor-top-section elementor-element elementor-element-6824f5c elementor-section-boxed elementor-section-height-default elementor-section-height-default\" data-id=\"6824f5c\" data-element_type=\"section\" data-e-type=\"section\">\n\t\t\t\t\t\t<div class=\"elementor-container elementor-column-gap-default\">\n\t\t\t\t\t<div class=\"elementor-column elementor-col-50 elementor-top-column elementor-element elementor-element-c2819de\" data-id=\"c2819de\" data-element_type=\"column\" data-e-type=\"column\">\n\t\t\t<div class=\"elementor-widget-wrap elementor-element-populated\">\n\t\t\t\t\t\t<div class=\"elementor-element elementor-element-b684550 elementor-widget elementor-widget-image\" data-id=\"b684550\" data-element_type=\"widget\" data-e-type=\"widget\" data-widget_type=\"image.default\">\n\t\t\t\t<div class=\"elementor-widget-container\">\n\t\t\t\t\t\t\t\t\t\t\t\t\t\t\t<img fetchpriority=\"high\" decoding=\"async\" width=\"640\" height=\"853\" src=\"https:\/\/artoislittoral2.com\/wp-content\/uploads\/2024\/01\/IMG20230930102815-768x1024.jpg\" class=\"attachment-large size-large wp-image-4249\" alt=\"\" srcset=\"https:\/\/artoislittoral2.com\/wp-content\/uploads\/2024\/01\/IMG20230930102815-768x1024.jpg 768w, https:\/\/artoislittoral2.com\/wp-content\/uploads\/2024\/01\/IMG20230930102815-225x300.jpg 225w, https:\/\/artoislittoral2.com\/wp-content\/uploads\/2024\/01\/IMG20230930102815-scaled.jpg 1920w\" sizes=\"(max-width: 640px) 100vw, 640px\" \/>\t\t\t\t\t\t\t\t\t\t\t\t\t\t\t<\/div>\n\t\t\t\t<\/div>\n\t\t\t\t<div class=\"elementor-element elementor-element-9e6a88c elementor-widget elementor-widget-image\" data-id=\"9e6a88c\" data-element_type=\"widget\" data-e-type=\"widget\" data-widget_type=\"image.default\">\n\t\t\t\t<div class=\"elementor-widget-container\">\n\t\t\t\t\t\t\t\t\t\t\t\t\t\t\t<img decoding=\"async\" width=\"478\" height=\"1024\" src=\"https:\/\/artoislittoral2.com\/wp-content\/uploads\/2024\/06\/stephane-478x1024.jpg\" class=\"attachment-large size-large wp-image-4977\" alt=\"\" srcset=\"https:\/\/artoislittoral2.com\/wp-content\/uploads\/2024\/06\/stephane-478x1024.jpg 478w, https:\/\/artoislittoral2.com\/wp-content\/uploads\/2024\/06\/stephane-140x300.jpg 140w, https:\/\/artoislittoral2.com\/wp-content\/uploads\/2024\/06\/stephane-717x1536.jpg 717w, https:\/\/artoislittoral2.com\/wp-content\/uploads\/2024\/06\/stephane-300x643.jpg 300w, https:\/\/artoislittoral2.com\/wp-content\/uploads\/2024\/06\/stephane.jpg 747w\" sizes=\"(max-width: 478px) 100vw, 478px\" \/>\t\t\t\t\t\t\t\t\t\t\t\t\t\t\t<\/div>\n\t\t\t\t<\/div>\n\t\t\t\t\t<\/div>\n\t\t<\/div>\n\t\t\t\t<div class=\"elementor-column elementor-col-50 elementor-top-column elementor-element elementor-element-5df9faf\" data-id=\"5df9faf\" data-element_type=\"column\" data-e-type=\"column\">\n\t\t\t<div class=\"elementor-widget-wrap elementor-element-populated\">\n\t\t\t\t\t\t<div class=\"elementor-element elementor-element-cf90e5b elementor-widget elementor-widget-text-editor\" data-id=\"cf90e5b\" data-element_type=\"widget\" data-e-type=\"widget\" data-widget_type=\"text-editor.default\">\n\t\t\t\t<div class=\"elementor-widget-container\">\n\t\t\t\t\t\t\t\t\t<p><span style=\"color: #000000;\">J&rsquo;ai 33 ans. Je suis mari\u00e9 et 2 enfants. Dans la vie je suis chauffeur routier. Mon m\u00e9tier peut \u00eatre une passion aussi je pars \u00e0 la semaine en international. Sinon j&rsquo;aime la construction de lego avec mon fils. <\/span><\/p><p><span style=\"color: #0000ff;\">Pourquoi le sport auto ?<br \/><\/span><span style=\"color: #000000;\">On peut dire que je suis tomber dedans quand j&rsquo;\u00e9tais petit, le rallye de Boulogne passer quasiment \u00e0 ma porte donc j&rsquo;y allais tous les ans. Et fil des ann\u00e9es je m&rsquo;en suis fait une passion.<\/span><\/p><p><span style=\"color: #0000ff;\">Quelles sont tes plus belles exp\u00e9riences et r\u00e9ussites ? Sur quelle \u00e9preuve ?<\/span><\/p><p><span style=\"color: #000000;\">Ma premi\u00e8re intervention sur un accident en rallye, \u00e7a \u00e9tait, avec le recul, une bonne exp\u00e9rience dans le sens o\u00f9 malgr\u00e9 le stress de voir la voiture plant\u00e9e dans les arbres \u00e0 10 m\u00e8tres de la route sur 2 roues, j&rsquo;ai r\u00e9ussi \u00e0 faire une tr\u00e8s bonne intervention. C&rsquo;\u00e9tait au touquet 2023.<\/span><\/p><p><span style=\"color: #000000;\"> Mon premier le mans aussi, bien sur, est une exp\u00e9rience folle.<\/span><\/p><p><span style=\"color: #0000ff;\">Y a t il des exp\u00e9riences \u00e0 oublier ? <\/span><\/p><p><span style=\"color: #000000;\">Les spectateurs sur certaines \u00e9preuves mdr<\/span><\/p><p><span style=\"color: #0000ff;\">Quels sont tes objectifs<\/span><\/p><p><span style=\"color: #000000;\">Maintenant que je suis commissaires B, mon principal objectif est de faire une course de F1. Sur le long terme, j&rsquo;aimerais faire une course minimum par an \u00e0 l&rsquo;\u00e9tranger. Et pourquoi pas un jour une petite de course de nascar aux \u00c9tats-Unis.<\/span><\/p>\t\t\t\t\t\t\t\t<\/div>\n\t\t\t\t<\/div>\n\t\t\t\t<div class=\"elementor-element elementor-element-5e8b1a9 elementor-widget elementor-widget-image\" data-id=\"5e8b1a9\" data-element_type=\"widget\" data-e-type=\"widget\" data-widget_type=\"image.default\">\n\t\t\t\t<div class=\"elementor-widget-container\">\n\t\t\t\t\t\t\t\t\t\t\t\t\t\t\t<img decoding=\"async\" width=\"640\" height=\"288\" src=\"https:\/\/artoislittoral2.com\/wp-content\/uploads\/2024\/01\/IMG_20230624_123240-1024x461.jpg\" class=\"attachment-large size-large wp-image-4247\" alt=\"\" srcset=\"https:\/\/artoislittoral2.com\/wp-content\/uploads\/2024\/01\/IMG_20230624_123240-1024x461.jpg 1024w, https:\/\/artoislittoral2.com\/wp-content\/uploads\/2024\/01\/IMG_20230624_123240-300x135.jpg 300w, https:\/\/artoislittoral2.com\/wp-content\/uploads\/2024\/01\/IMG_20230624_123240-768x346.jpg 768w, https:\/\/artoislittoral2.com\/wp-content\/uploads\/2024\/01\/IMG_20230624_123240-1536x691.jpg 1536w, https:\/\/artoislittoral2.com\/wp-content\/uploads\/2024\/01\/IMG_20230624_123240-850x382.jpg 850w, https:\/\/artoislittoral2.com\/wp-content\/uploads\/2024\/01\/IMG_20230624_123240.jpg 2047w\" sizes=\"(max-width: 640px) 100vw, 640px\" \/>\t\t\t\t\t\t\t\t\t\t\t\t\t\t\t<\/div>\n\t\t\t\t<\/div>\n\t\t\t\t<div class=\"elementor-element elementor-element-284a65a elementor-widget elementor-widget-image\" data-id=\"284a65a\" data-element_type=\"widget\" data-e-type=\"widget\" data-widget_type=\"image.default\">\n\t\t\t\t<div class=\"elementor-widget-container\">\n\t\t\t\t\t\t\t\t\t\t\t\t\t\t\t<img loading=\"lazy\" decoding=\"async\" width=\"640\" height=\"853\" src=\"https:\/\/artoislittoral2.com\/wp-content\/uploads\/2024\/01\/IMG20230909170356-768x1024.jpg\" class=\"attachment-large size-large wp-image-4248\" alt=\"\" srcset=\"https:\/\/artoislittoral2.com\/wp-content\/uploads\/2024\/01\/IMG20230909170356-768x1024.jpg 768w, https:\/\/artoislittoral2.com\/wp-content\/uploads\/2024\/01\/IMG20230909170356-225x300.jpg 225w, https:\/\/artoislittoral2.com\/wp-content\/uploads\/2024\/01\/IMG20230909170356-scaled.jpg 1920w\" sizes=\"(max-width: 640px) 100vw, 640px\" \/>\t\t\t\t\t\t\t\t\t\t\t\t\t\t\t<\/div>\n\t\t\t\t<\/div>\n\t\t\t\t<div class=\"elementor-element elementor-element-594a97e elementor-widget elementor-widget-image\" data-id=\"594a97e\" data-element_type=\"widget\" data-e-type=\"widget\" data-widget_type=\"image.default\">\n\t\t\t\t<div class=\"elementor-widget-container\">\n\t\t\t\t\t\t\t\t\t\t\t\t\t\t\t<img loading=\"lazy\" decoding=\"async\" width=\"640\" height=\"427\" src=\"https:\/\/artoislittoral2.com\/wp-content\/uploads\/2024\/01\/IMG_1112-1024x683.jpg\" class=\"attachment-large size-large wp-image-4246\" alt=\"\" srcset=\"https:\/\/artoislittoral2.com\/wp-content\/uploads\/2024\/01\/IMG_1112-1024x683.jpg 1024w, https:\/\/artoislittoral2.com\/wp-content\/uploads\/2024\/01\/IMG_1112-300x200.jpg 300w, https:\/\/artoislittoral2.com\/wp-content\/uploads\/2024\/01\/IMG_1112-768x512.jpg 768w, https:\/\/artoislittoral2.com\/wp-content\/uploads\/2024\/01\/IMG_1112-1536x1024.jpg 1536w, https:\/\/artoislittoral2.com\/wp-content\/uploads\/2024\/01\/IMG_1112-2048x1365.jpg 2048w, https:\/\/artoislittoral2.com\/wp-content\/uploads\/2024\/01\/IMG_1112-850x567.jpg 850w\" sizes=\"(max-width: 640px) 100vw, 640px\" \/>\t\t\t\t\t\t\t\t\t\t\t\t\t\t\t<\/div>\n\t\t\t\t<\/div>\n\t\t\t\t\t<\/div>\n\t\t<\/div>\n\t\t\t\t\t<\/div>\n\t\t<\/section>\n\t\t\t\t<section class=\"elementor-section elementor-top-section elementor-element elementor-element-96467af elementor-section-boxed elementor-section-height-default elementor-section-height-default\" data-id=\"96467af\" data-element_type=\"section\" data-e-type=\"section\">\n\t\t\t\t\t\t<div class=\"elementor-container elementor-column-gap-default\">\n\t\t\t\t\t<div class=\"elementor-column elementor-col-50 elementor-top-column elementor-element elementor-element-ccaa647\" data-id=\"ccaa647\" data-element_type=\"column\" data-e-type=\"column\">\n\t\t\t<div class=\"elementor-widget-wrap\">\n\t\t\t\t\t\t\t<\/div>\n\t\t<\/div>\n\t\t\t\t<div class=\"elementor-column elementor-col-50 elementor-top-column elementor-element elementor-element-067fbaf\" data-id=\"067fbaf\" data-element_type=\"column\" data-e-type=\"column\">\n\t\t\t<div class=\"elementor-widget-wrap\">\n\t\t\t\t\t\t\t<\/div>\n\t\t<\/div>\n\t\t\t\t\t<\/div>\n\t\t<\/section>\n\t\t\t\t<\/div>\n\t\t","protected":false},"excerpt":{"rendered":"<p>J&rsquo;ai 33 ans. Je suis mari\u00e9 et 2 enfants. Dans la vie je suis chauffeur routier. Mon m\u00e9tier peut \u00eatre une passion aussi je pars \u00e0 la semaine en international. Sinon j&rsquo;aime la construction de lego avec mon fils. Pourquoi le sport auto ?On peut dire que je suis tomber dedans quand j&rsquo;\u00e9tais petit, le&#8230;<\/p>\n","protected":false},"author":1,"featured_media":0,"parent":0,"menu_order":0,"comment_status":"closed","ping_status":"closed","template":"","meta":{"footnotes":""},"class_list":["post-4239","page","type-page","status-publish","hentry"],"yoast_head":"<!-- This site is optimized with the Yoast SEO plugin v27.3 - https:\/\/yoast.com\/product\/yoast-seo-wordpress\/ -->\n<title>HANQUIEZ St\u00e9phane - ASA Artois Littoral 2<\/title>\n<meta name=\"robots\" content=\"index, follow, max-snippet:-1, max-image-preview:large, max-video-preview:-1\" \/>\n<link rel=\"canonical\" href=\"https:\/\/artoislittoral2.com\/index.php\/hanquiez-stephane\/\" \/>\n<meta property=\"og:locale\" content=\"fr_FR\" \/>\n<meta property=\"og:type\" content=\"article\" \/>\n<meta property=\"og:title\" content=\"HANQUIEZ St\u00e9phane - ASA Artois Littoral 2\" \/>\n<meta property=\"og:description\" content=\"J&rsquo;ai 33 ans. Je suis mari\u00e9 et 2 enfants. Dans la vie je suis chauffeur routier. Mon m\u00e9tier peut \u00eatre une passion aussi je pars \u00e0 la semaine en international. Sinon j&rsquo;aime la construction de lego avec mon fils. Pourquoi le sport auto ?On peut dire que je suis tomber dedans quand j&rsquo;\u00e9tais petit, le...\" \/>\n<meta property=\"og:url\" content=\"https:\/\/artoislittoral2.com\/index.php\/hanquiez-stephane\/\" \/>\n<meta property=\"og:site_name\" content=\"ASA Artois Littoral 2\" \/>\n<meta property=\"article:modified_time\" content=\"2025-02-22T17:03:30+00:00\" \/>\n<meta property=\"og:image\" content=\"https:\/\/artoislittoral2.com\/wp-content\/uploads\/2024\/01\/IMG20230930102815-scaled.jpg\" \/>\n\t<meta property=\"og:image:width\" content=\"1920\" \/>\n\t<meta property=\"og:image:height\" content=\"2560\" \/>\n\t<meta property=\"og:image:type\" content=\"image\/jpeg\" \/>\n<meta name=\"twitter:card\" content=\"summary_large_image\" \/>\n<meta name=\"twitter:label1\" content=\"Dur\u00e9e de lecture estim\u00e9e\" \/>\n\t<meta name=\"twitter:data1\" content=\"3 minutes\" \/>\n<script type=\"application\/ld+json\" class=\"yoast-schema-graph\">{\"@context\":\"https:\\\/\\\/schema.org\",\"@graph\":[{\"@type\":\"WebPage\",\"@id\":\"https:\\\/\\\/artoislittoral2.com\\\/index.php\\\/hanquiez-stephane\\\/\",\"url\":\"https:\\\/\\\/artoislittoral2.com\\\/index.php\\\/hanquiez-stephane\\\/\",\"name\":\"HANQUIEZ St\u00e9phane - ASA Artois Littoral 2\",\"isPartOf\":{\"@id\":\"https:\\\/\\\/artoislittoral2.com\\\/#website\"},\"primaryImageOfPage\":{\"@id\":\"https:\\\/\\\/artoislittoral2.com\\\/index.php\\\/hanquiez-stephane\\\/#primaryimage\"},\"image\":{\"@id\":\"https:\\\/\\\/artoislittoral2.com\\\/index.php\\\/hanquiez-stephane\\\/#primaryimage\"},\"thumbnailUrl\":\"https:\\\/\\\/artoislittoral2.com\\\/wp-content\\\/uploads\\\/2024\\\/01\\\/IMG20230930102815-768x1024.jpg\",\"datePublished\":\"2024-01-02T20:06:59+00:00\",\"dateModified\":\"2025-02-22T17:03:30+00:00\",\"breadcrumb\":{\"@id\":\"https:\\\/\\\/artoislittoral2.com\\\/index.php\\\/hanquiez-stephane\\\/#breadcrumb\"},\"inLanguage\":\"fr-FR\",\"potentialAction\":[{\"@type\":\"ReadAction\",\"target\":[\"https:\\\/\\\/artoislittoral2.com\\\/index.php\\\/hanquiez-stephane\\\/\"]}]},{\"@type\":\"ImageObject\",\"inLanguage\":\"fr-FR\",\"@id\":\"https:\\\/\\\/artoislittoral2.com\\\/index.php\\\/hanquiez-stephane\\\/#primaryimage\",\"url\":\"https:\\\/\\\/artoislittoral2.com\\\/wp-content\\\/uploads\\\/2024\\\/01\\\/IMG20230930102815-scaled.jpg\",\"contentUrl\":\"https:\\\/\\\/artoislittoral2.com\\\/wp-content\\\/uploads\\\/2024\\\/01\\\/IMG20230930102815-scaled.jpg\",\"width\":1920,\"height\":2560},{\"@type\":\"BreadcrumbList\",\"@id\":\"https:\\\/\\\/artoislittoral2.com\\\/index.php\\\/hanquiez-stephane\\\/#breadcrumb\",\"itemListElement\":[{\"@type\":\"ListItem\",\"position\":1,\"name\":\"Accueil\",\"item\":\"https:\\\/\\\/artoislittoral2.com\\\/\"},{\"@type\":\"ListItem\",\"position\":2,\"name\":\"HANQUIEZ St\u00e9phane\"}]},{\"@type\":\"WebSite\",\"@id\":\"https:\\\/\\\/artoislittoral2.com\\\/#website\",\"url\":\"https:\\\/\\\/artoislittoral2.com\\\/\",\"name\":\"ASA Artois Littoral 2\",\"description\":\"Bienvenue \u00e0 l&#039;ASA Artois Littoral II\",\"publisher\":{\"@id\":\"https:\\\/\\\/artoislittoral2.com\\\/#organization\"},\"potentialAction\":[{\"@type\":\"SearchAction\",\"target\":{\"@type\":\"EntryPoint\",\"urlTemplate\":\"https:\\\/\\\/artoislittoral2.com\\\/?s={search_term_string}\"},\"query-input\":{\"@type\":\"PropertyValueSpecification\",\"valueRequired\":true,\"valueName\":\"search_term_string\"}}],\"inLanguage\":\"fr-FR\"},{\"@type\":\"Organization\",\"@id\":\"https:\\\/\\\/artoislittoral2.com\\\/#organization\",\"name\":\"ASA Artois Littoral 2\",\"url\":\"https:\\\/\\\/artoislittoral2.com\\\/\",\"logo\":{\"@type\":\"ImageObject\",\"inLanguage\":\"fr-FR\",\"@id\":\"https:\\\/\\\/artoislittoral2.com\\\/#\\\/schema\\\/logo\\\/image\\\/\",\"url\":\"https:\\\/\\\/artoislittoral2.com\\\/wp-content\\\/uploads\\\/2025\\\/11\\\/cropped-cropped-bandeau-2025.jpg\",\"contentUrl\":\"https:\\\/\\\/artoislittoral2.com\\\/wp-content\\\/uploads\\\/2025\\\/11\\\/cropped-cropped-bandeau-2025.jpg\",\"width\":960,\"height\":365,\"caption\":\"ASA Artois Littoral 2\"},\"image\":{\"@id\":\"https:\\\/\\\/artoislittoral2.com\\\/#\\\/schema\\\/logo\\\/image\\\/\"}}]}<\/script>\n<!-- \/ Yoast SEO plugin. -->","yoast_head_json":{"title":"HANQUIEZ St\u00e9phane - ASA Artois Littoral 2","robots":{"index":"index","follow":"follow","max-snippet":"max-snippet:-1","max-image-preview":"max-image-preview:large","max-video-preview":"max-video-preview:-1"},"canonical":"https:\/\/artoislittoral2.com\/index.php\/hanquiez-stephane\/","og_locale":"fr_FR","og_type":"article","og_title":"HANQUIEZ St\u00e9phane - ASA Artois Littoral 2","og_description":"J&rsquo;ai 33 ans. Je suis mari\u00e9 et 2 enfants. Dans la vie je suis chauffeur routier. Mon m\u00e9tier peut \u00eatre une passion aussi je pars \u00e0 la semaine en international. Sinon j&rsquo;aime la construction de lego avec mon fils. Pourquoi le sport auto ?On peut dire que je suis tomber dedans quand j&rsquo;\u00e9tais petit, le...","og_url":"https:\/\/artoislittoral2.com\/index.php\/hanquiez-stephane\/","og_site_name":"ASA Artois Littoral 2","article_modified_time":"2025-02-22T17:03:30+00:00","og_image":[{"width":1920,"height":2560,"url":"https:\/\/artoislittoral2.com\/wp-content\/uploads\/2024\/01\/IMG20230930102815-scaled.jpg","type":"image\/jpeg"}],"twitter_card":"summary_large_image","twitter_misc":{"Dur\u00e9e de lecture estim\u00e9e":"3 minutes"},"schema":{"@context":"https:\/\/schema.org","@graph":[{"@type":"WebPage","@id":"https:\/\/artoislittoral2.com\/index.php\/hanquiez-stephane\/","url":"https:\/\/artoislittoral2.com\/index.php\/hanquiez-stephane\/","name":"HANQUIEZ St\u00e9phane - ASA Artois Littoral 2","isPartOf":{"@id":"https:\/\/artoislittoral2.com\/#website"},"primaryImageOfPage":{"@id":"https:\/\/artoislittoral2.com\/index.php\/hanquiez-stephane\/#primaryimage"},"image":{"@id":"https:\/\/artoislittoral2.com\/index.php\/hanquiez-stephane\/#primaryimage"},"thumbnailUrl":"https:\/\/artoislittoral2.com\/wp-content\/uploads\/2024\/01\/IMG20230930102815-768x1024.jpg","datePublished":"2024-01-02T20:06:59+00:00","dateModified":"2025-02-22T17:03:30+00:00","breadcrumb":{"@id":"https:\/\/artoislittoral2.com\/index.php\/hanquiez-stephane\/#breadcrumb"},"inLanguage":"fr-FR","potentialAction":[{"@type":"ReadAction","target":["https:\/\/artoislittoral2.com\/index.php\/hanquiez-stephane\/"]}]},{"@type":"ImageObject","inLanguage":"fr-FR","@id":"https:\/\/artoislittoral2.com\/index.php\/hanquiez-stephane\/#primaryimage","url":"https:\/\/artoislittoral2.com\/wp-content\/uploads\/2024\/01\/IMG20230930102815-scaled.jpg","contentUrl":"https:\/\/artoislittoral2.com\/wp-content\/uploads\/2024\/01\/IMG20230930102815-scaled.jpg","width":1920,"height":2560},{"@type":"BreadcrumbList","@id":"https:\/\/artoislittoral2.com\/index.php\/hanquiez-stephane\/#breadcrumb","itemListElement":[{"@type":"ListItem","position":1,"name":"Accueil","item":"https:\/\/artoislittoral2.com\/"},{"@type":"ListItem","position":2,"name":"HANQUIEZ St\u00e9phane"}]},{"@type":"WebSite","@id":"https:\/\/artoislittoral2.com\/#website","url":"https:\/\/artoislittoral2.com\/","name":"ASA Artois Littoral 2","description":"Bienvenue \u00e0 l&#039;ASA Artois Littoral II","publisher":{"@id":"https:\/\/artoislittoral2.com\/#organization"},"potentialAction":[{"@type":"SearchAction","target":{"@type":"EntryPoint","urlTemplate":"https:\/\/artoislittoral2.com\/?s={search_term_string}"},"query-input":{"@type":"PropertyValueSpecification","valueRequired":true,"valueName":"search_term_string"}}],"inLanguage":"fr-FR"},{"@type":"Organization","@id":"https:\/\/artoislittoral2.com\/#organization","name":"ASA Artois Littoral 2","url":"https:\/\/artoislittoral2.com\/","logo":{"@type":"ImageObject","inLanguage":"fr-FR","@id":"https:\/\/artoislittoral2.com\/#\/schema\/logo\/image\/","url":"https:\/\/artoislittoral2.com\/wp-content\/uploads\/2025\/11\/cropped-cropped-bandeau-2025.jpg","contentUrl":"https:\/\/artoislittoral2.com\/wp-content\/uploads\/2025\/11\/cropped-cropped-bandeau-2025.jpg","width":960,"height":365,"caption":"ASA Artois Littoral 2"},"image":{"@id":"https:\/\/artoislittoral2.com\/#\/schema\/logo\/image\/"}}]}},"jetpack_sharing_enabled":true,"_links":{"self":[{"href":"https:\/\/artoislittoral2.com\/index.php\/wp-json\/wp\/v2\/pages\/4239","targetHints":{"allow":["GET"]}}],"collection":[{"href":"https:\/\/artoislittoral2.com\/index.php\/wp-json\/wp\/v2\/pages"}],"about":[{"href":"https:\/\/artoislittoral2.com\/index.php\/wp-json\/wp\/v2\/types\/page"}],"author":[{"embeddable":true,"href":"https:\/\/artoislittoral2.com\/index.php\/wp-json\/wp\/v2\/users\/1"}],"replies":[{"embeddable":true,"href":"https:\/\/artoislittoral2.com\/index.php\/wp-json\/wp\/v2\/comments?post=4239"}],"version-history":[{"count":21,"href":"https:\/\/artoislittoral2.com\/index.php\/wp-json\/wp\/v2\/pages\/4239\/revisions"}],"predecessor-version":[{"id":5809,"href":"https:\/\/artoislittoral2.com\/index.php\/wp-json\/wp\/v2\/pages\/4239\/revisions\/5809"}],"wp:attachment":[{"href":"https:\/\/artoislittoral2.com\/index.php\/wp-json\/wp\/v2\/media?parent=4239"}],"curies":[{"name":"wp","href":"https:\/\/api.w.org\/{rel}","templated":true}]}}