{"id":4691,"date":"2024-03-09T16:16:43","date_gmt":"2024-03-09T15:16:43","guid":{"rendered":"https:\/\/artoislittoral2.com\/?page_id=4691"},"modified":"2024-03-09T16:23:32","modified_gmt":"2024-03-09T15:23:32","slug":"verlinden-michel","status":"publish","type":"page","link":"https:\/\/artoislittoral2.com\/index.php\/verlinden-michel\/","title":{"rendered":"VERLINDEN Michel"},"content":{"rendered":"\t\t<div data-elementor-type=\"wp-page\" data-elementor-id=\"4691\" class=\"elementor elementor-4691\">\n\t\t\t\t\t\t<section class=\"elementor-section elementor-top-section elementor-element elementor-element-9198333 elementor-section-boxed elementor-section-height-default elementor-section-height-default\" data-id=\"9198333\" data-element_type=\"section\" data-e-type=\"section\">\n\t\t\t\t\t\t<div class=\"elementor-container elementor-column-gap-default\">\n\t\t\t\t\t<div class=\"elementor-column elementor-col-50 elementor-top-column elementor-element elementor-element-51b09bb\" data-id=\"51b09bb\" data-element_type=\"column\" data-e-type=\"column\">\n\t\t\t<div class=\"elementor-widget-wrap elementor-element-populated\">\n\t\t\t\t\t\t<div class=\"elementor-element elementor-element-487e3bb elementor-widget elementor-widget-image\" data-id=\"487e3bb\" data-element_type=\"widget\" data-e-type=\"widget\" data-widget_type=\"image.default\">\n\t\t\t\t<div class=\"elementor-widget-container\">\n\t\t\t\t\t\t\t\t\t\t\t\t\t\t\t<img fetchpriority=\"high\" decoding=\"async\" width=\"496\" height=\"755\" src=\"https:\/\/artoislittoral2.com\/wp-content\/uploads\/2024\/03\/michel.jpg\" class=\"attachment-large size-large wp-image-4700\" alt=\"\" srcset=\"https:\/\/artoislittoral2.com\/wp-content\/uploads\/2024\/03\/michel.jpg 496w, https:\/\/artoislittoral2.com\/wp-content\/uploads\/2024\/03\/michel-197x300.jpg 197w, https:\/\/artoislittoral2.com\/wp-content\/uploads\/2024\/03\/michel-300x457.jpg 300w\" sizes=\"(max-width: 496px) 100vw, 496px\" \/>\t\t\t\t\t\t\t\t\t\t\t\t\t\t\t<\/div>\n\t\t\t\t<\/div>\n\t\t\t\t\t<\/div>\n\t\t<\/div>\n\t\t\t\t<div class=\"elementor-column elementor-col-50 elementor-top-column elementor-element elementor-element-c7f0270\" data-id=\"c7f0270\" data-element_type=\"column\" data-e-type=\"column\">\n\t\t\t<div class=\"elementor-widget-wrap elementor-element-populated\">\n\t\t\t\t\t\t<div class=\"elementor-element elementor-element-6d282bb elementor-widget elementor-widget-text-editor\" data-id=\"6d282bb\" data-element_type=\"widget\" data-e-type=\"widget\" data-widget_type=\"text-editor.default\">\n\t\t\t\t<div class=\"elementor-widget-container\">\n\t\t\t\t\t\t\t\t\t<div class=\"x_elementToProof\"><span style=\"color: #000000;\">Michel VERLINDEN , 63 ans , psychologue pour enfants et adolescents , toujours en activit\u00e9.<\/span><\/div><div class=\"x_elementToProof\"><span style=\"color: #000000;\">Je suis mari\u00e9 et nous avons avec V\u00e9ronique, 2 enfants : Cl\u00e9ment et Manon.<\/span><\/div><div class=\"x_elementToProof\">\u00a0<\/div><div class=\"x_elementToProof\"><span style=\"color: #000000;\">Nous suivons Cl\u00e9ment depuis ses d\u00e9buts en slalom depuis 2011 et nous partageons les projets de restauration de v\u00e9hicules depuis 25 ans.<\/span><\/div><div class=\"x_elementToProof\"><span style=\"color: #000000;\">J&rsquo;aime la vitesse et je pratique \u00e9galement la moto.<\/span><\/div><div class=\"x_elementToProof\">\u00a0<\/div><div class=\"x_elementToProof\"><span style=\"color: #000000;\">En 2018, je re\u00e7ois comme cadeau d&rsquo;anniversaire un engagement pour le slalom de Croix en Ternois en double\u00a0 monte sur la R5GT de Cl\u00e9ment.<\/span><\/div><div class=\"x_elementToProof\"><span style=\"color: #000000;\">2019 &#8211; 2023 , pris au pi\u00e8ge, j&rsquo;ai ensuite enchain\u00e9\u00a0 les slaloms en double monte avec Cl\u00e9ment.<\/span><\/div><div class=\"x_elementToProof\">\u00a0<\/div><div class=\"x_elementToProof\"><span style=\"color: #000000;\">En 2023, j&rsquo;ai particip\u00e9 \u00e0 ma premi\u00e8re finale que j&rsquo;ai partag\u00e9e avec Cl\u00e9ment ce qui restera un moment inoubliable<\/span><\/div>\t\t\t\t\t\t\t\t<\/div>\n\t\t\t\t<\/div>\n\t\t\t\t\t<\/div>\n\t\t<\/div>\n\t\t\t\t\t<\/div>\n\t\t<\/section>\n\t\t\t\t<section class=\"elementor-section elementor-top-section elementor-element elementor-element-00d3834 elementor-section-boxed elementor-section-height-default elementor-section-height-default\" data-id=\"00d3834\" data-element_type=\"section\" data-e-type=\"section\">\n\t\t\t\t\t\t<div class=\"elementor-container elementor-column-gap-default\">\n\t\t\t\t\t<div class=\"elementor-column elementor-col-50 elementor-top-column elementor-element elementor-element-93aff90\" data-id=\"93aff90\" data-element_type=\"column\" data-e-type=\"column\">\n\t\t\t<div class=\"elementor-widget-wrap elementor-element-populated\">\n\t\t\t\t\t\t<div class=\"elementor-element elementor-element-21ebf89 elementor-widget elementor-widget-image\" data-id=\"21ebf89\" data-element_type=\"widget\" data-e-type=\"widget\" data-widget_type=\"image.default\">\n\t\t\t\t<div class=\"elementor-widget-container\">\n\t\t\t\t\t\t\t\t\t\t\t\t\t\t\t<img decoding=\"async\" width=\"640\" height=\"480\" src=\"https:\/\/artoislittoral2.com\/wp-content\/uploads\/2024\/03\/20230910_191525-1024x768.jpg\" class=\"attachment-large size-large wp-image-4697\" alt=\"\" srcset=\"https:\/\/artoislittoral2.com\/wp-content\/uploads\/2024\/03\/20230910_191525-1024x768.jpg 1024w, https:\/\/artoislittoral2.com\/wp-content\/uploads\/2024\/03\/20230910_191525-300x225.jpg 300w, https:\/\/artoislittoral2.com\/wp-content\/uploads\/2024\/03\/20230910_191525-768x576.jpg 768w, https:\/\/artoislittoral2.com\/wp-content\/uploads\/2024\/03\/20230910_191525-1536x1152.jpg 1536w, https:\/\/artoislittoral2.com\/wp-content\/uploads\/2024\/03\/20230910_191525-2048x1536.jpg 2048w, https:\/\/artoislittoral2.com\/wp-content\/uploads\/2024\/03\/20230910_191525-850x638.jpg 850w\" sizes=\"(max-width: 640px) 100vw, 640px\" \/>\t\t\t\t\t\t\t\t\t\t\t\t\t\t\t<\/div>\n\t\t\t\t<\/div>\n\t\t\t\t<div class=\"elementor-element elementor-element-3c84499 elementor-widget elementor-widget-image\" data-id=\"3c84499\" data-element_type=\"widget\" data-e-type=\"widget\" data-widget_type=\"image.default\">\n\t\t\t\t<div class=\"elementor-widget-container\">\n\t\t\t\t\t\t\t\t\t\t\t\t\t\t\t<img decoding=\"async\" width=\"640\" height=\"427\" src=\"https:\/\/artoislittoral2.com\/wp-content\/uploads\/2024\/03\/Michel-Calais-2023-1024x683.jpg\" class=\"attachment-large size-large wp-image-4699\" alt=\"\" srcset=\"https:\/\/artoislittoral2.com\/wp-content\/uploads\/2024\/03\/Michel-Calais-2023-1024x683.jpg 1024w, https:\/\/artoislittoral2.com\/wp-content\/uploads\/2024\/03\/Michel-Calais-2023-300x200.jpg 300w, https:\/\/artoislittoral2.com\/wp-content\/uploads\/2024\/03\/Michel-Calais-2023-768x512.jpg 768w, https:\/\/artoislittoral2.com\/wp-content\/uploads\/2024\/03\/Michel-Calais-2023-1536x1024.jpg 1536w, https:\/\/artoislittoral2.com\/wp-content\/uploads\/2024\/03\/Michel-Calais-2023-850x567.jpg 850w, https:\/\/artoislittoral2.com\/wp-content\/uploads\/2024\/03\/Michel-Calais-2023.jpg 2048w\" sizes=\"(max-width: 640px) 100vw, 640px\" \/>\t\t\t\t\t\t\t\t\t\t\t\t\t\t\t<\/div>\n\t\t\t\t<\/div>\n\t\t\t\t\t<\/div>\n\t\t<\/div>\n\t\t\t\t<div class=\"elementor-column elementor-col-50 elementor-top-column elementor-element elementor-element-c442c65\" data-id=\"c442c65\" data-element_type=\"column\" data-e-type=\"column\">\n\t\t\t<div class=\"elementor-widget-wrap elementor-element-populated\">\n\t\t\t\t\t\t<div class=\"elementor-element elementor-element-5fe7739 elementor-widget elementor-widget-image\" data-id=\"5fe7739\" data-element_type=\"widget\" data-e-type=\"widget\" data-widget_type=\"image.default\">\n\t\t\t\t<div class=\"elementor-widget-container\">\n\t\t\t\t\t\t\t\t\t\t\t\t\t\t\t<img loading=\"lazy\" decoding=\"async\" width=\"640\" height=\"853\" src=\"https:\/\/artoislittoral2.com\/wp-content\/uploads\/2024\/03\/20230910_190315-768x1024.jpg\" class=\"attachment-large size-large wp-image-4696\" alt=\"\" srcset=\"https:\/\/artoislittoral2.com\/wp-content\/uploads\/2024\/03\/20230910_190315-768x1024.jpg 768w, https:\/\/artoislittoral2.com\/wp-content\/uploads\/2024\/03\/20230910_190315-225x300.jpg 225w, https:\/\/artoislittoral2.com\/wp-content\/uploads\/2024\/03\/20230910_190315-1152x1536.jpg 1152w, https:\/\/artoislittoral2.com\/wp-content\/uploads\/2024\/03\/20230910_190315-1536x2048.jpg 1536w, https:\/\/artoislittoral2.com\/wp-content\/uploads\/2024\/03\/20230910_190315-300x400.jpg 300w, https:\/\/artoislittoral2.com\/wp-content\/uploads\/2024\/03\/20230910_190315-850x1133.jpg 850w, https:\/\/artoislittoral2.com\/wp-content\/uploads\/2024\/03\/20230910_190315-scaled.jpg 1920w\" sizes=\"(max-width: 640px) 100vw, 640px\" \/>\t\t\t\t\t\t\t\t\t\t\t\t\t\t\t<\/div>\n\t\t\t\t<\/div>\n\t\t\t\t\t<\/div>\n\t\t<\/div>\n\t\t\t\t\t<\/div>\n\t\t<\/section>\n\t\t\t\t<section class=\"elementor-section elementor-top-section elementor-element elementor-element-98700e4 elementor-section-boxed elementor-section-height-default elementor-section-height-default\" data-id=\"98700e4\" data-element_type=\"section\" data-e-type=\"section\">\n\t\t\t\t\t\t<div class=\"elementor-container elementor-column-gap-default\">\n\t\t\t\t\t<div class=\"elementor-column elementor-col-100 elementor-top-column elementor-element elementor-element-609a27c\" data-id=\"609a27c\" data-element_type=\"column\" data-e-type=\"column\">\n\t\t\t<div class=\"elementor-widget-wrap elementor-element-populated\">\n\t\t\t\t\t\t<div class=\"elementor-element elementor-element-1556966 elementor-widget elementor-widget-image\" data-id=\"1556966\" data-element_type=\"widget\" data-e-type=\"widget\" data-widget_type=\"image.default\">\n\t\t\t\t<div class=\"elementor-widget-container\">\n\t\t\t\t\t\t\t\t\t\t\t\t\t\t\t<img loading=\"lazy\" decoding=\"async\" width=\"640\" height=\"480\" src=\"https:\/\/artoislittoral2.com\/wp-content\/uploads\/2024\/03\/20230910_183425-1024x768.jpg\" class=\"attachment-large size-large wp-image-4695\" alt=\"\" srcset=\"https:\/\/artoislittoral2.com\/wp-content\/uploads\/2024\/03\/20230910_183425-1024x768.jpg 1024w, https:\/\/artoislittoral2.com\/wp-content\/uploads\/2024\/03\/20230910_183425-300x225.jpg 300w, https:\/\/artoislittoral2.com\/wp-content\/uploads\/2024\/03\/20230910_183425-768x576.jpg 768w, https:\/\/artoislittoral2.com\/wp-content\/uploads\/2024\/03\/20230910_183425-1536x1152.jpg 1536w, https:\/\/artoislittoral2.com\/wp-content\/uploads\/2024\/03\/20230910_183425-2048x1536.jpg 2048w, https:\/\/artoislittoral2.com\/wp-content\/uploads\/2024\/03\/20230910_183425-850x638.jpg 850w\" sizes=\"(max-width: 640px) 100vw, 640px\" \/>\t\t\t\t\t\t\t\t\t\t\t\t\t\t\t<\/div>\n\t\t\t\t<\/div>\n\t\t\t\t\t<\/div>\n\t\t<\/div>\n\t\t\t\t\t<\/div>\n\t\t<\/section>\n\t\t\t\t<\/div>\n\t\t","protected":false},"excerpt":{"rendered":"<p>Michel VERLINDEN , 63 ans , psychologue pour enfants et adolescents , toujours en activit\u00e9.Je suis mari\u00e9 et nous avons avec V\u00e9ronique, 2 enfants : Cl\u00e9ment et Manon.\u00a0Nous suivons Cl\u00e9ment depuis ses d\u00e9buts en slalom depuis 2011 et nous partageons les projets de restauration de v\u00e9hicules depuis 25 ans.J&rsquo;aime la vitesse et je pratique \u00e9galement&#8230;<\/p>\n","protected":false},"author":1,"featured_media":0,"parent":0,"menu_order":0,"comment_status":"closed","ping_status":"closed","template":"","meta":{"footnotes":""},"class_list":["post-4691","page","type-page","status-publish","hentry"],"yoast_head":"<!-- This site is optimized with the Yoast SEO plugin v27.3 - https:\/\/yoast.com\/product\/yoast-seo-wordpress\/ -->\n<title>VERLINDEN Michel - ASA Artois Littoral 2<\/title>\n<meta name=\"robots\" content=\"index, follow, max-snippet:-1, max-image-preview:large, max-video-preview:-1\" \/>\n<link rel=\"canonical\" href=\"https:\/\/artoislittoral2.com\/index.php\/verlinden-michel\/\" \/>\n<meta property=\"og:locale\" content=\"fr_FR\" \/>\n<meta property=\"og:type\" content=\"article\" \/>\n<meta property=\"og:title\" content=\"VERLINDEN Michel - ASA Artois Littoral 2\" \/>\n<meta property=\"og:description\" content=\"Michel VERLINDEN , 63 ans , psychologue pour enfants et adolescents , toujours en activit\u00e9.Je suis mari\u00e9 et nous avons avec V\u00e9ronique, 2 enfants : Cl\u00e9ment et Manon.\u00a0Nous suivons Cl\u00e9ment depuis ses d\u00e9buts en slalom depuis 2011 et nous partageons les projets de restauration de v\u00e9hicules depuis 25 ans.J&rsquo;aime la vitesse et je pratique \u00e9galement...\" \/>\n<meta property=\"og:url\" content=\"https:\/\/artoislittoral2.com\/index.php\/verlinden-michel\/\" \/>\n<meta property=\"og:site_name\" content=\"ASA Artois Littoral 2\" \/>\n<meta property=\"article:modified_time\" content=\"2024-03-09T15:23:32+00:00\" \/>\n<meta property=\"og:image\" content=\"https:\/\/artoislittoral2.com\/wp-content\/uploads\/2024\/03\/michel.jpg\" \/>\n<meta name=\"twitter:card\" content=\"summary_large_image\" \/>\n<meta name=\"twitter:label1\" content=\"Dur\u00e9e de lecture estim\u00e9e\" \/>\n\t<meta name=\"twitter:data1\" content=\"2 minutes\" \/>\n<script type=\"application\/ld+json\" class=\"yoast-schema-graph\">{\"@context\":\"https:\\\/\\\/schema.org\",\"@graph\":[{\"@type\":\"WebPage\",\"@id\":\"https:\\\/\\\/artoislittoral2.com\\\/index.php\\\/verlinden-michel\\\/\",\"url\":\"https:\\\/\\\/artoislittoral2.com\\\/index.php\\\/verlinden-michel\\\/\",\"name\":\"VERLINDEN Michel - ASA Artois Littoral 2\",\"isPartOf\":{\"@id\":\"https:\\\/\\\/artoislittoral2.com\\\/#website\"},\"primaryImageOfPage\":{\"@id\":\"https:\\\/\\\/artoislittoral2.com\\\/index.php\\\/verlinden-michel\\\/#primaryimage\"},\"image\":{\"@id\":\"https:\\\/\\\/artoislittoral2.com\\\/index.php\\\/verlinden-michel\\\/#primaryimage\"},\"thumbnailUrl\":\"https:\\\/\\\/artoislittoral2.com\\\/wp-content\\\/uploads\\\/2024\\\/03\\\/michel.jpg\",\"datePublished\":\"2024-03-09T15:16:43+00:00\",\"dateModified\":\"2024-03-09T15:23:32+00:00\",\"breadcrumb\":{\"@id\":\"https:\\\/\\\/artoislittoral2.com\\\/index.php\\\/verlinden-michel\\\/#breadcrumb\"},\"inLanguage\":\"fr-FR\",\"potentialAction\":[{\"@type\":\"ReadAction\",\"target\":[\"https:\\\/\\\/artoislittoral2.com\\\/index.php\\\/verlinden-michel\\\/\"]}]},{\"@type\":\"ImageObject\",\"inLanguage\":\"fr-FR\",\"@id\":\"https:\\\/\\\/artoislittoral2.com\\\/index.php\\\/verlinden-michel\\\/#primaryimage\",\"url\":\"https:\\\/\\\/artoislittoral2.com\\\/wp-content\\\/uploads\\\/2024\\\/03\\\/michel.jpg\",\"contentUrl\":\"https:\\\/\\\/artoislittoral2.com\\\/wp-content\\\/uploads\\\/2024\\\/03\\\/michel.jpg\",\"width\":496,\"height\":755},{\"@type\":\"BreadcrumbList\",\"@id\":\"https:\\\/\\\/artoislittoral2.com\\\/index.php\\\/verlinden-michel\\\/#breadcrumb\",\"itemListElement\":[{\"@type\":\"ListItem\",\"position\":1,\"name\":\"Accueil\",\"item\":\"https:\\\/\\\/artoislittoral2.com\\\/\"},{\"@type\":\"ListItem\",\"position\":2,\"name\":\"VERLINDEN Michel\"}]},{\"@type\":\"WebSite\",\"@id\":\"https:\\\/\\\/artoislittoral2.com\\\/#website\",\"url\":\"https:\\\/\\\/artoislittoral2.com\\\/\",\"name\":\"ASA Artois Littoral 2\",\"description\":\"Bienvenue \u00e0 l&#039;ASA Artois Littoral II\",\"publisher\":{\"@id\":\"https:\\\/\\\/artoislittoral2.com\\\/#organization\"},\"potentialAction\":[{\"@type\":\"SearchAction\",\"target\":{\"@type\":\"EntryPoint\",\"urlTemplate\":\"https:\\\/\\\/artoislittoral2.com\\\/?s={search_term_string}\"},\"query-input\":{\"@type\":\"PropertyValueSpecification\",\"valueRequired\":true,\"valueName\":\"search_term_string\"}}],\"inLanguage\":\"fr-FR\"},{\"@type\":\"Organization\",\"@id\":\"https:\\\/\\\/artoislittoral2.com\\\/#organization\",\"name\":\"ASA Artois Littoral 2\",\"url\":\"https:\\\/\\\/artoislittoral2.com\\\/\",\"logo\":{\"@type\":\"ImageObject\",\"inLanguage\":\"fr-FR\",\"@id\":\"https:\\\/\\\/artoislittoral2.com\\\/#\\\/schema\\\/logo\\\/image\\\/\",\"url\":\"https:\\\/\\\/artoislittoral2.com\\\/wp-content\\\/uploads\\\/2025\\\/11\\\/cropped-cropped-bandeau-2025.jpg\",\"contentUrl\":\"https:\\\/\\\/artoislittoral2.com\\\/wp-content\\\/uploads\\\/2025\\\/11\\\/cropped-cropped-bandeau-2025.jpg\",\"width\":960,\"height\":365,\"caption\":\"ASA Artois Littoral 2\"},\"image\":{\"@id\":\"https:\\\/\\\/artoislittoral2.com\\\/#\\\/schema\\\/logo\\\/image\\\/\"}}]}<\/script>\n<!-- \/ Yoast SEO plugin. -->","yoast_head_json":{"title":"VERLINDEN Michel - ASA Artois Littoral 2","robots":{"index":"index","follow":"follow","max-snippet":"max-snippet:-1","max-image-preview":"max-image-preview:large","max-video-preview":"max-video-preview:-1"},"canonical":"https:\/\/artoislittoral2.com\/index.php\/verlinden-michel\/","og_locale":"fr_FR","og_type":"article","og_title":"VERLINDEN Michel - ASA Artois Littoral 2","og_description":"Michel VERLINDEN , 63 ans , psychologue pour enfants et adolescents , toujours en activit\u00e9.Je suis mari\u00e9 et nous avons avec V\u00e9ronique, 2 enfants : Cl\u00e9ment et Manon.\u00a0Nous suivons Cl\u00e9ment depuis ses d\u00e9buts en slalom depuis 2011 et nous partageons les projets de restauration de v\u00e9hicules depuis 25 ans.J&rsquo;aime la vitesse et je pratique \u00e9galement...","og_url":"https:\/\/artoislittoral2.com\/index.php\/verlinden-michel\/","og_site_name":"ASA Artois Littoral 2","article_modified_time":"2024-03-09T15:23:32+00:00","og_image":[{"url":"https:\/\/artoislittoral2.com\/wp-content\/uploads\/2024\/03\/michel.jpg","type":"","width":"","height":""}],"twitter_card":"summary_large_image","twitter_misc":{"Dur\u00e9e de lecture estim\u00e9e":"2 minutes"},"schema":{"@context":"https:\/\/schema.org","@graph":[{"@type":"WebPage","@id":"https:\/\/artoislittoral2.com\/index.php\/verlinden-michel\/","url":"https:\/\/artoislittoral2.com\/index.php\/verlinden-michel\/","name":"VERLINDEN Michel - ASA Artois Littoral 2","isPartOf":{"@id":"https:\/\/artoislittoral2.com\/#website"},"primaryImageOfPage":{"@id":"https:\/\/artoislittoral2.com\/index.php\/verlinden-michel\/#primaryimage"},"image":{"@id":"https:\/\/artoislittoral2.com\/index.php\/verlinden-michel\/#primaryimage"},"thumbnailUrl":"https:\/\/artoislittoral2.com\/wp-content\/uploads\/2024\/03\/michel.jpg","datePublished":"2024-03-09T15:16:43+00:00","dateModified":"2024-03-09T15:23:32+00:00","breadcrumb":{"@id":"https:\/\/artoislittoral2.com\/index.php\/verlinden-michel\/#breadcrumb"},"inLanguage":"fr-FR","potentialAction":[{"@type":"ReadAction","target":["https:\/\/artoislittoral2.com\/index.php\/verlinden-michel\/"]}]},{"@type":"ImageObject","inLanguage":"fr-FR","@id":"https:\/\/artoislittoral2.com\/index.php\/verlinden-michel\/#primaryimage","url":"https:\/\/artoislittoral2.com\/wp-content\/uploads\/2024\/03\/michel.jpg","contentUrl":"https:\/\/artoislittoral2.com\/wp-content\/uploads\/2024\/03\/michel.jpg","width":496,"height":755},{"@type":"BreadcrumbList","@id":"https:\/\/artoislittoral2.com\/index.php\/verlinden-michel\/#breadcrumb","itemListElement":[{"@type":"ListItem","position":1,"name":"Accueil","item":"https:\/\/artoislittoral2.com\/"},{"@type":"ListItem","position":2,"name":"VERLINDEN Michel"}]},{"@type":"WebSite","@id":"https:\/\/artoislittoral2.com\/#website","url":"https:\/\/artoislittoral2.com\/","name":"ASA Artois Littoral 2","description":"Bienvenue \u00e0 l&#039;ASA Artois Littoral II","publisher":{"@id":"https:\/\/artoislittoral2.com\/#organization"},"potentialAction":[{"@type":"SearchAction","target":{"@type":"EntryPoint","urlTemplate":"https:\/\/artoislittoral2.com\/?s={search_term_string}"},"query-input":{"@type":"PropertyValueSpecification","valueRequired":true,"valueName":"search_term_string"}}],"inLanguage":"fr-FR"},{"@type":"Organization","@id":"https:\/\/artoislittoral2.com\/#organization","name":"ASA Artois Littoral 2","url":"https:\/\/artoislittoral2.com\/","logo":{"@type":"ImageObject","inLanguage":"fr-FR","@id":"https:\/\/artoislittoral2.com\/#\/schema\/logo\/image\/","url":"https:\/\/artoislittoral2.com\/wp-content\/uploads\/2025\/11\/cropped-cropped-bandeau-2025.jpg","contentUrl":"https:\/\/artoislittoral2.com\/wp-content\/uploads\/2025\/11\/cropped-cropped-bandeau-2025.jpg","width":960,"height":365,"caption":"ASA Artois Littoral 2"},"image":{"@id":"https:\/\/artoislittoral2.com\/#\/schema\/logo\/image\/"}}]}},"jetpack_sharing_enabled":true,"_links":{"self":[{"href":"https:\/\/artoislittoral2.com\/index.php\/wp-json\/wp\/v2\/pages\/4691","targetHints":{"allow":["GET"]}}],"collection":[{"href":"https:\/\/artoislittoral2.com\/index.php\/wp-json\/wp\/v2\/pages"}],"about":[{"href":"https:\/\/artoislittoral2.com\/index.php\/wp-json\/wp\/v2\/types\/page"}],"author":[{"embeddable":true,"href":"https:\/\/artoislittoral2.com\/index.php\/wp-json\/wp\/v2\/users\/1"}],"replies":[{"embeddable":true,"href":"https:\/\/artoislittoral2.com\/index.php\/wp-json\/wp\/v2\/comments?post=4691"}],"version-history":[{"count":6,"href":"https:\/\/artoislittoral2.com\/index.php\/wp-json\/wp\/v2\/pages\/4691\/revisions"}],"predecessor-version":[{"id":4703,"href":"https:\/\/artoislittoral2.com\/index.php\/wp-json\/wp\/v2\/pages\/4691\/revisions\/4703"}],"wp:attachment":[{"href":"https:\/\/artoislittoral2.com\/index.php\/wp-json\/wp\/v2\/media?parent=4691"}],"curies":[{"name":"wp","href":"https:\/\/api.w.org\/{rel}","templated":true}]}}