{"id":5200,"date":"2025-02-21T10:57:36","date_gmt":"2025-02-21T09:57:36","guid":{"rendered":"https:\/\/artoislittoral2.com\/?page_id=5200"},"modified":"2025-02-21T11:02:14","modified_gmt":"2025-02-21T10:02:14","slug":"joly-chloe","status":"publish","type":"page","link":"https:\/\/artoislittoral2.com\/index.php\/joly-chloe\/","title":{"rendered":"JOLY Chlo\u00e9"},"content":{"rendered":"\t\t<div data-elementor-type=\"wp-page\" data-elementor-id=\"5200\" class=\"elementor elementor-5200\">\n\t\t\t\t\t\t<section class=\"elementor-section elementor-top-section elementor-element elementor-element-e6ed516 elementor-section-boxed elementor-section-height-default elementor-section-height-default\" data-id=\"e6ed516\" data-element_type=\"section\" data-e-type=\"section\">\n\t\t\t\t\t\t<div class=\"elementor-container elementor-column-gap-default\">\n\t\t\t\t\t<div class=\"elementor-column elementor-col-50 elementor-top-column elementor-element elementor-element-643a37c\" data-id=\"643a37c\" data-element_type=\"column\" data-e-type=\"column\">\n\t\t\t<div class=\"elementor-widget-wrap elementor-element-populated\">\n\t\t\t\t\t\t<div class=\"elementor-element elementor-element-06eb7e6 elementor-widget elementor-widget-image\" data-id=\"06eb7e6\" data-element_type=\"widget\" data-e-type=\"widget\" data-widget_type=\"image.default\">\n\t\t\t\t<div class=\"elementor-widget-container\">\n\t\t\t\t\t\t\t\t\t\t\t\t\t\t\t\t<a href=\"https:\/\/artoislittoral2.com\/wp-content\/uploads\/2025\/02\/joly_clhloe_portrait.jpeg\" data-elementor-open-lightbox=\"yes\" data-elementor-lightbox-title=\"joly_clhloe_portrait\" data-e-action-hash=\"#elementor-action%3Aaction%3Dlightbox%26settings%3DeyJpZCI6NTE5NCwidXJsIjoiaHR0cHM6XC9cL2FydG9pc2xpdHRvcmFsMi5jb21cL3dwLWNvbnRlbnRcL3VwbG9hZHNcLzIwMjVcLzAyXC9qb2x5X2NsaGxvZV9wb3J0cmFpdC5qcGVnIn0%3D\">\n\t\t\t\t\t\t\t<img fetchpriority=\"high\" decoding=\"async\" width=\"616\" height=\"664\" src=\"https:\/\/artoislittoral2.com\/wp-content\/uploads\/2025\/02\/joly_clhloe_portrait.jpeg\" class=\"attachment-large size-large wp-image-5194\" alt=\"\" srcset=\"https:\/\/artoislittoral2.com\/wp-content\/uploads\/2025\/02\/joly_clhloe_portrait.jpeg 616w, https:\/\/artoislittoral2.com\/wp-content\/uploads\/2025\/02\/joly_clhloe_portrait-278x300.jpeg 278w, https:\/\/artoislittoral2.com\/wp-content\/uploads\/2025\/02\/joly_clhloe_portrait-300x323.jpeg 300w\" sizes=\"(max-width: 616px) 100vw, 616px\" \/>\t\t\t\t\t\t\t\t<\/a>\n\t\t\t\t\t\t\t\t\t\t\t\t\t\t\t<\/div>\n\t\t\t\t<\/div>\n\t\t\t\t\t<\/div>\n\t\t<\/div>\n\t\t\t\t<div class=\"elementor-column elementor-col-50 elementor-top-column elementor-element elementor-element-d01d88d\" data-id=\"d01d88d\" data-element_type=\"column\" data-e-type=\"column\">\n\t\t\t<div class=\"elementor-widget-wrap elementor-element-populated\">\n\t\t\t\t\t\t<div class=\"elementor-element elementor-element-9a20c4b elementor-widget elementor-widget-text-editor\" data-id=\"9a20c4b\" data-element_type=\"widget\" data-e-type=\"widget\" data-widget_type=\"text-editor.default\">\n\t\t\t\t<div class=\"elementor-widget-container\">\n\t\t\t\t\t\t\t\t\t<p><strong>\u00a0Je m\u2019appelle Chlo\u00e9 joly<br \/>j\u2019ai 17ans, je suis de Bethune<br \/>Cette ann\u00e9e je passe le bac. <br \/>J\u2019ai commenc\u00e9 \u00e0 \u00eatre copilote l\u2019ann\u00e9e derni\u00e8re.<br \/>Depuis que j\u2019ai commenc\u00e9, je n\u2019ai plus envie de m\u2019arr\u00eater! <br \/>J\u2019ai cette passion depuis petite : le sport automobile a une place importante dans ma vie.<br \/>Je copilote par passion, pour m\u2019amuser et aller le plus loin possible.<br \/>Si jamais je n\u2019ai pas encore de pilote attitr\u00e9, je suis \u00e0 la recherche encore d\u2019un pilote avec qui je pourrais bien m\u2019entendre et \u00eatre en phase dans la voiture<\/strong><\/p>\t\t\t\t\t\t\t\t<\/div>\n\t\t\t\t<\/div>\n\t\t\t\t\t<\/div>\n\t\t<\/div>\n\t\t\t\t\t<\/div>\n\t\t<\/section>\n\t\t\t\t<section class=\"elementor-section elementor-top-section elementor-element elementor-element-c974047 elementor-section-boxed elementor-section-height-default elementor-section-height-default\" data-id=\"c974047\" data-element_type=\"section\" data-e-type=\"section\">\n\t\t\t\t\t\t<div class=\"elementor-container elementor-column-gap-default\">\n\t\t\t\t\t<div class=\"elementor-column elementor-col-50 elementor-top-column elementor-element elementor-element-2b797f4\" data-id=\"2b797f4\" data-element_type=\"column\" data-e-type=\"column\">\n\t\t\t<div class=\"elementor-widget-wrap elementor-element-populated\">\n\t\t\t\t\t\t<div class=\"elementor-element elementor-element-10cb086 elementor-widget elementor-widget-image\" data-id=\"10cb086\" data-element_type=\"widget\" data-e-type=\"widget\" data-widget_type=\"image.default\">\n\t\t\t\t<div class=\"elementor-widget-container\">\n\t\t\t\t\t\t\t\t\t\t\t\t\t\t\t\t<a href=\"https:\/\/artoislittoral2.com\/wp-content\/uploads\/2025\/02\/image1-scaled.jpeg\" data-elementor-open-lightbox=\"yes\" data-elementor-lightbox-title=\"image1\" data-e-action-hash=\"#elementor-action%3Aaction%3Dlightbox%26settings%3DeyJpZCI6NTE5NiwidXJsIjoiaHR0cHM6XC9cL2FydG9pc2xpdHRvcmFsMi5jb21cL3dwLWNvbnRlbnRcL3VwbG9hZHNcLzIwMjVcLzAyXC9pbWFnZTEtc2NhbGVkLmpwZWcifQ%3D%3D\">\n\t\t\t\t\t\t\t<img decoding=\"async\" width=\"640\" height=\"427\" src=\"https:\/\/artoislittoral2.com\/wp-content\/uploads\/2025\/02\/image1-1024x683.jpeg\" class=\"attachment-large size-large wp-image-5196\" alt=\"\" srcset=\"https:\/\/artoislittoral2.com\/wp-content\/uploads\/2025\/02\/image1-1024x683.jpeg 1024w, https:\/\/artoislittoral2.com\/wp-content\/uploads\/2025\/02\/image1-300x200.jpeg 300w, https:\/\/artoislittoral2.com\/wp-content\/uploads\/2025\/02\/image1-768x512.jpeg 768w, https:\/\/artoislittoral2.com\/wp-content\/uploads\/2025\/02\/image1-1536x1024.jpeg 1536w, https:\/\/artoislittoral2.com\/wp-content\/uploads\/2025\/02\/image1-2048x1365.jpeg 2048w, https:\/\/artoislittoral2.com\/wp-content\/uploads\/2025\/02\/image1-850x567.jpeg 850w\" sizes=\"(max-width: 640px) 100vw, 640px\" \/>\t\t\t\t\t\t\t\t<\/a>\n\t\t\t\t\t\t\t\t\t\t\t\t\t\t\t<\/div>\n\t\t\t\t<\/div>\n\t\t\t\t\t<\/div>\n\t\t<\/div>\n\t\t\t\t<div class=\"elementor-column elementor-col-50 elementor-top-column elementor-element elementor-element-8e27024\" data-id=\"8e27024\" data-element_type=\"column\" data-e-type=\"column\">\n\t\t\t<div class=\"elementor-widget-wrap elementor-element-populated\">\n\t\t\t\t\t\t<div class=\"elementor-element elementor-element-9339d56 elementor-widget elementor-widget-image\" data-id=\"9339d56\" data-element_type=\"widget\" data-e-type=\"widget\" data-widget_type=\"image.default\">\n\t\t\t\t<div class=\"elementor-widget-container\">\n\t\t\t\t\t\t\t\t\t\t\t\t\t\t\t\t<a href=\"https:\/\/artoislittoral2.com\/wp-content\/uploads\/2025\/02\/image0-scaled.jpeg\" data-elementor-open-lightbox=\"yes\" data-elementor-lightbox-title=\"image0\" data-e-action-hash=\"#elementor-action%3Aaction%3Dlightbox%26settings%3DeyJpZCI6NTE5NSwidXJsIjoiaHR0cHM6XC9cL2FydG9pc2xpdHRvcmFsMi5jb21cL3dwLWNvbnRlbnRcL3VwbG9hZHNcLzIwMjVcLzAyXC9pbWFnZTAtc2NhbGVkLmpwZWcifQ%3D%3D\">\n\t\t\t\t\t\t\t<img decoding=\"async\" width=\"640\" height=\"853\" src=\"https:\/\/artoislittoral2.com\/wp-content\/uploads\/2025\/02\/image0-768x1024.jpeg\" class=\"attachment-large size-large wp-image-5195\" alt=\"\" srcset=\"https:\/\/artoislittoral2.com\/wp-content\/uploads\/2025\/02\/image0-768x1024.jpeg 768w, https:\/\/artoislittoral2.com\/wp-content\/uploads\/2025\/02\/image0-225x300.jpeg 225w, https:\/\/artoislittoral2.com\/wp-content\/uploads\/2025\/02\/image0-1152x1536.jpeg 1152w, https:\/\/artoislittoral2.com\/wp-content\/uploads\/2025\/02\/image0-1536x2048.jpeg 1536w, https:\/\/artoislittoral2.com\/wp-content\/uploads\/2025\/02\/image0-300x400.jpeg 300w, https:\/\/artoislittoral2.com\/wp-content\/uploads\/2025\/02\/image0-850x1133.jpeg 850w, https:\/\/artoislittoral2.com\/wp-content\/uploads\/2025\/02\/image0-scaled.jpeg 1920w\" sizes=\"(max-width: 640px) 100vw, 640px\" \/>\t\t\t\t\t\t\t\t<\/a>\n\t\t\t\t\t\t\t\t\t\t\t\t\t\t\t<\/div>\n\t\t\t\t<\/div>\n\t\t\t\t\t<\/div>\n\t\t<\/div>\n\t\t\t\t\t<\/div>\n\t\t<\/section>\n\t\t\t\t<\/div>\n\t\t","protected":false},"excerpt":{"rendered":"<p>\u00a0Je m\u2019appelle Chlo\u00e9 jolyj\u2019ai 17ans, je suis de BethuneCette ann\u00e9e je passe le bac. J\u2019ai commenc\u00e9 \u00e0 \u00eatre copilote l\u2019ann\u00e9e derni\u00e8re.Depuis que j\u2019ai commenc\u00e9, je n\u2019ai plus envie de m\u2019arr\u00eater! J\u2019ai cette passion depuis petite : le sport automobile a une place importante dans ma vie.Je copilote par passion, pour m\u2019amuser et aller le plus&#8230;<\/p>\n","protected":false},"author":1,"featured_media":0,"parent":0,"menu_order":0,"comment_status":"closed","ping_status":"closed","template":"","meta":{"footnotes":""},"class_list":["post-5200","page","type-page","status-publish","hentry"],"yoast_head":"<!-- This site is optimized with the Yoast SEO plugin v27.3 - https:\/\/yoast.com\/product\/yoast-seo-wordpress\/ -->\n<title>JOLY Chlo\u00e9 - ASA Artois Littoral 2<\/title>\n<meta name=\"robots\" content=\"index, follow, max-snippet:-1, max-image-preview:large, max-video-preview:-1\" \/>\n<link rel=\"canonical\" href=\"https:\/\/artoislittoral2.com\/index.php\/joly-chloe\/\" \/>\n<meta property=\"og:locale\" content=\"fr_FR\" \/>\n<meta property=\"og:type\" content=\"article\" \/>\n<meta property=\"og:title\" content=\"JOLY Chlo\u00e9 - ASA Artois Littoral 2\" \/>\n<meta property=\"og:description\" content=\"\u00a0Je m\u2019appelle Chlo\u00e9 jolyj\u2019ai 17ans, je suis de BethuneCette ann\u00e9e je passe le bac. J\u2019ai commenc\u00e9 \u00e0 \u00eatre copilote l\u2019ann\u00e9e derni\u00e8re.Depuis que j\u2019ai commenc\u00e9, je n\u2019ai plus envie de m\u2019arr\u00eater! J\u2019ai cette passion depuis petite : le sport automobile a une place importante dans ma vie.Je copilote par passion, pour m\u2019amuser et aller le plus...\" \/>\n<meta property=\"og:url\" content=\"https:\/\/artoislittoral2.com\/index.php\/joly-chloe\/\" \/>\n<meta property=\"og:site_name\" content=\"ASA Artois Littoral 2\" \/>\n<meta property=\"article:modified_time\" content=\"2025-02-21T10:02:14+00:00\" \/>\n<meta property=\"og:image\" content=\"https:\/\/artoislittoral2.com\/wp-content\/uploads\/2025\/02\/joly_clhloe_portrait.jpeg\" \/>\n\t<meta property=\"og:image:width\" content=\"616\" \/>\n\t<meta property=\"og:image:height\" content=\"664\" \/>\n\t<meta property=\"og:image:type\" content=\"image\/jpeg\" \/>\n<meta name=\"twitter:card\" content=\"summary_large_image\" \/>\n<meta name=\"twitter:label1\" content=\"Dur\u00e9e de lecture estim\u00e9e\" \/>\n\t<meta name=\"twitter:data1\" content=\"2 minutes\" \/>\n<script type=\"application\/ld+json\" class=\"yoast-schema-graph\">{\"@context\":\"https:\\\/\\\/schema.org\",\"@graph\":[{\"@type\":\"WebPage\",\"@id\":\"https:\\\/\\\/artoislittoral2.com\\\/index.php\\\/joly-chloe\\\/\",\"url\":\"https:\\\/\\\/artoislittoral2.com\\\/index.php\\\/joly-chloe\\\/\",\"name\":\"JOLY Chlo\u00e9 - ASA Artois Littoral 2\",\"isPartOf\":{\"@id\":\"https:\\\/\\\/artoislittoral2.com\\\/#website\"},\"primaryImageOfPage\":{\"@id\":\"https:\\\/\\\/artoislittoral2.com\\\/index.php\\\/joly-chloe\\\/#primaryimage\"},\"image\":{\"@id\":\"https:\\\/\\\/artoislittoral2.com\\\/index.php\\\/joly-chloe\\\/#primaryimage\"},\"thumbnailUrl\":\"https:\\\/\\\/artoislittoral2.com\\\/wp-content\\\/uploads\\\/2025\\\/02\\\/joly_clhloe_portrait.jpeg\",\"datePublished\":\"2025-02-21T09:57:36+00:00\",\"dateModified\":\"2025-02-21T10:02:14+00:00\",\"breadcrumb\":{\"@id\":\"https:\\\/\\\/artoislittoral2.com\\\/index.php\\\/joly-chloe\\\/#breadcrumb\"},\"inLanguage\":\"fr-FR\",\"potentialAction\":[{\"@type\":\"ReadAction\",\"target\":[\"https:\\\/\\\/artoislittoral2.com\\\/index.php\\\/joly-chloe\\\/\"]}]},{\"@type\":\"ImageObject\",\"inLanguage\":\"fr-FR\",\"@id\":\"https:\\\/\\\/artoislittoral2.com\\\/index.php\\\/joly-chloe\\\/#primaryimage\",\"url\":\"https:\\\/\\\/artoislittoral2.com\\\/wp-content\\\/uploads\\\/2025\\\/02\\\/joly_clhloe_portrait.jpeg\",\"contentUrl\":\"https:\\\/\\\/artoislittoral2.com\\\/wp-content\\\/uploads\\\/2025\\\/02\\\/joly_clhloe_portrait.jpeg\",\"width\":616,\"height\":664},{\"@type\":\"BreadcrumbList\",\"@id\":\"https:\\\/\\\/artoislittoral2.com\\\/index.php\\\/joly-chloe\\\/#breadcrumb\",\"itemListElement\":[{\"@type\":\"ListItem\",\"position\":1,\"name\":\"Accueil\",\"item\":\"https:\\\/\\\/artoislittoral2.com\\\/\"},{\"@type\":\"ListItem\",\"position\":2,\"name\":\"JOLY Chlo\u00e9\"}]},{\"@type\":\"WebSite\",\"@id\":\"https:\\\/\\\/artoislittoral2.com\\\/#website\",\"url\":\"https:\\\/\\\/artoislittoral2.com\\\/\",\"name\":\"ASA Artois Littoral 2\",\"description\":\"Bienvenue \u00e0 l&#039;ASA Artois Littoral II\",\"publisher\":{\"@id\":\"https:\\\/\\\/artoislittoral2.com\\\/#organization\"},\"potentialAction\":[{\"@type\":\"SearchAction\",\"target\":{\"@type\":\"EntryPoint\",\"urlTemplate\":\"https:\\\/\\\/artoislittoral2.com\\\/?s={search_term_string}\"},\"query-input\":{\"@type\":\"PropertyValueSpecification\",\"valueRequired\":true,\"valueName\":\"search_term_string\"}}],\"inLanguage\":\"fr-FR\"},{\"@type\":\"Organization\",\"@id\":\"https:\\\/\\\/artoislittoral2.com\\\/#organization\",\"name\":\"ASA Artois Littoral 2\",\"url\":\"https:\\\/\\\/artoislittoral2.com\\\/\",\"logo\":{\"@type\":\"ImageObject\",\"inLanguage\":\"fr-FR\",\"@id\":\"https:\\\/\\\/artoislittoral2.com\\\/#\\\/schema\\\/logo\\\/image\\\/\",\"url\":\"https:\\\/\\\/artoislittoral2.com\\\/wp-content\\\/uploads\\\/2025\\\/11\\\/cropped-cropped-bandeau-2025.jpg\",\"contentUrl\":\"https:\\\/\\\/artoislittoral2.com\\\/wp-content\\\/uploads\\\/2025\\\/11\\\/cropped-cropped-bandeau-2025.jpg\",\"width\":960,\"height\":365,\"caption\":\"ASA Artois Littoral 2\"},\"image\":{\"@id\":\"https:\\\/\\\/artoislittoral2.com\\\/#\\\/schema\\\/logo\\\/image\\\/\"}}]}<\/script>\n<!-- \/ Yoast SEO plugin. -->","yoast_head_json":{"title":"JOLY Chlo\u00e9 - ASA Artois Littoral 2","robots":{"index":"index","follow":"follow","max-snippet":"max-snippet:-1","max-image-preview":"max-image-preview:large","max-video-preview":"max-video-preview:-1"},"canonical":"https:\/\/artoislittoral2.com\/index.php\/joly-chloe\/","og_locale":"fr_FR","og_type":"article","og_title":"JOLY Chlo\u00e9 - ASA Artois Littoral 2","og_description":"\u00a0Je m\u2019appelle Chlo\u00e9 jolyj\u2019ai 17ans, je suis de BethuneCette ann\u00e9e je passe le bac. J\u2019ai commenc\u00e9 \u00e0 \u00eatre copilote l\u2019ann\u00e9e derni\u00e8re.Depuis que j\u2019ai commenc\u00e9, je n\u2019ai plus envie de m\u2019arr\u00eater! J\u2019ai cette passion depuis petite : le sport automobile a une place importante dans ma vie.Je copilote par passion, pour m\u2019amuser et aller le plus...","og_url":"https:\/\/artoislittoral2.com\/index.php\/joly-chloe\/","og_site_name":"ASA Artois Littoral 2","article_modified_time":"2025-02-21T10:02:14+00:00","og_image":[{"width":616,"height":664,"url":"https:\/\/artoislittoral2.com\/wp-content\/uploads\/2025\/02\/joly_clhloe_portrait.jpeg","type":"image\/jpeg"}],"twitter_card":"summary_large_image","twitter_misc":{"Dur\u00e9e de lecture estim\u00e9e":"2 minutes"},"schema":{"@context":"https:\/\/schema.org","@graph":[{"@type":"WebPage","@id":"https:\/\/artoislittoral2.com\/index.php\/joly-chloe\/","url":"https:\/\/artoislittoral2.com\/index.php\/joly-chloe\/","name":"JOLY Chlo\u00e9 - ASA Artois Littoral 2","isPartOf":{"@id":"https:\/\/artoislittoral2.com\/#website"},"primaryImageOfPage":{"@id":"https:\/\/artoislittoral2.com\/index.php\/joly-chloe\/#primaryimage"},"image":{"@id":"https:\/\/artoislittoral2.com\/index.php\/joly-chloe\/#primaryimage"},"thumbnailUrl":"https:\/\/artoislittoral2.com\/wp-content\/uploads\/2025\/02\/joly_clhloe_portrait.jpeg","datePublished":"2025-02-21T09:57:36+00:00","dateModified":"2025-02-21T10:02:14+00:00","breadcrumb":{"@id":"https:\/\/artoislittoral2.com\/index.php\/joly-chloe\/#breadcrumb"},"inLanguage":"fr-FR","potentialAction":[{"@type":"ReadAction","target":["https:\/\/artoislittoral2.com\/index.php\/joly-chloe\/"]}]},{"@type":"ImageObject","inLanguage":"fr-FR","@id":"https:\/\/artoislittoral2.com\/index.php\/joly-chloe\/#primaryimage","url":"https:\/\/artoislittoral2.com\/wp-content\/uploads\/2025\/02\/joly_clhloe_portrait.jpeg","contentUrl":"https:\/\/artoislittoral2.com\/wp-content\/uploads\/2025\/02\/joly_clhloe_portrait.jpeg","width":616,"height":664},{"@type":"BreadcrumbList","@id":"https:\/\/artoislittoral2.com\/index.php\/joly-chloe\/#breadcrumb","itemListElement":[{"@type":"ListItem","position":1,"name":"Accueil","item":"https:\/\/artoislittoral2.com\/"},{"@type":"ListItem","position":2,"name":"JOLY Chlo\u00e9"}]},{"@type":"WebSite","@id":"https:\/\/artoislittoral2.com\/#website","url":"https:\/\/artoislittoral2.com\/","name":"ASA Artois Littoral 2","description":"Bienvenue \u00e0 l&#039;ASA Artois Littoral II","publisher":{"@id":"https:\/\/artoislittoral2.com\/#organization"},"potentialAction":[{"@type":"SearchAction","target":{"@type":"EntryPoint","urlTemplate":"https:\/\/artoislittoral2.com\/?s={search_term_string}"},"query-input":{"@type":"PropertyValueSpecification","valueRequired":true,"valueName":"search_term_string"}}],"inLanguage":"fr-FR"},{"@type":"Organization","@id":"https:\/\/artoislittoral2.com\/#organization","name":"ASA Artois Littoral 2","url":"https:\/\/artoislittoral2.com\/","logo":{"@type":"ImageObject","inLanguage":"fr-FR","@id":"https:\/\/artoislittoral2.com\/#\/schema\/logo\/image\/","url":"https:\/\/artoislittoral2.com\/wp-content\/uploads\/2025\/11\/cropped-cropped-bandeau-2025.jpg","contentUrl":"https:\/\/artoislittoral2.com\/wp-content\/uploads\/2025\/11\/cropped-cropped-bandeau-2025.jpg","width":960,"height":365,"caption":"ASA Artois Littoral 2"},"image":{"@id":"https:\/\/artoislittoral2.com\/#\/schema\/logo\/image\/"}}]}},"jetpack_sharing_enabled":true,"_links":{"self":[{"href":"https:\/\/artoislittoral2.com\/index.php\/wp-json\/wp\/v2\/pages\/5200","targetHints":{"allow":["GET"]}}],"collection":[{"href":"https:\/\/artoislittoral2.com\/index.php\/wp-json\/wp\/v2\/pages"}],"about":[{"href":"https:\/\/artoislittoral2.com\/index.php\/wp-json\/wp\/v2\/types\/page"}],"author":[{"embeddable":true,"href":"https:\/\/artoislittoral2.com\/index.php\/wp-json\/wp\/v2\/users\/1"}],"replies":[{"embeddable":true,"href":"https:\/\/artoislittoral2.com\/index.php\/wp-json\/wp\/v2\/comments?post=5200"}],"version-history":[{"count":9,"href":"https:\/\/artoislittoral2.com\/index.php\/wp-json\/wp\/v2\/pages\/5200\/revisions"}],"predecessor-version":[{"id":5210,"href":"https:\/\/artoislittoral2.com\/index.php\/wp-json\/wp\/v2\/pages\/5200\/revisions\/5210"}],"wp:attachment":[{"href":"https:\/\/artoislittoral2.com\/index.php\/wp-json\/wp\/v2\/media?parent=5200"}],"curies":[{"name":"wp","href":"https:\/\/api.w.org\/{rel}","templated":true}]}}