{"id":5223,"date":"2025-02-21T11:15:06","date_gmt":"2025-02-21T10:15:06","guid":{"rendered":"https:\/\/artoislittoral2.com\/?page_id=5223"},"modified":"2025-02-22T15:59:41","modified_gmt":"2025-02-22T14:59:41","slug":"herenguel-paul","status":"publish","type":"page","link":"https:\/\/artoislittoral2.com\/index.php\/herenguel-paul\/","title":{"rendered":"HERENGUEL Paul"},"content":{"rendered":"\t\t<div data-elementor-type=\"wp-page\" data-elementor-id=\"5223\" class=\"elementor elementor-5223\">\n\t\t\t\t\t\t<section class=\"elementor-section elementor-top-section elementor-element elementor-element-04a6d27 elementor-section-boxed elementor-section-height-default elementor-section-height-default\" data-id=\"04a6d27\" data-element_type=\"section\" data-e-type=\"section\">\n\t\t\t\t\t\t<div class=\"elementor-container elementor-column-gap-default\">\n\t\t\t\t\t<div class=\"elementor-column elementor-col-100 elementor-top-column elementor-element elementor-element-b6234ef\" data-id=\"b6234ef\" data-element_type=\"column\" data-e-type=\"column\">\n\t\t\t<div class=\"elementor-widget-wrap elementor-element-populated\">\n\t\t\t\t\t\t<div class=\"elementor-element elementor-element-a928c7e elementor-widget elementor-widget-text-editor\" data-id=\"a928c7e\" data-element_type=\"widget\" data-e-type=\"widget\" data-widget_type=\"text-editor.default\">\n\t\t\t\t<div class=\"elementor-widget-container\">\n\t\t\t\t\t\t\t\t\t<div dir=\"auto\"><span style=\"color: #000000;\">Je m&rsquo;appelle Paul HERENGUEL,<\/span><\/div><div dir=\"auto\" style=\"text-align: center;\"><br \/><span style=\"color: #000000;\"><img decoding=\"async\" class=\"alignnone wp-image-5772 size-thumbnail\" src=\"https:\/\/artoislittoral2.com\/wp-content\/uploads\/2025\/02\/portrait_herenguel_paul-150x150.jpg\" alt=\"\" width=\"150\" height=\"150\" \/> <\/span><\/div><div dir=\"auto\">\u00a0<\/div><div dir=\"auto\" style=\"text-align: left;\"><span style=\"color: #000000;\">j&rsquo;ai 18 ans et je suis natif de Hinges<\/span><br \/><span style=\"color: #000000;\">je suis encore \u00e0 l&rsquo;\u00e9cole dans le management et gestion &#8230;\u00a0<\/span><br \/><span style=\"color: #000000;\">le sport auto est pour moi une passion depuis tout petit, depuis mon plus jeune a \u00e2ge , \u00e0 2 mois j&rsquo;\u00e9tais d\u00e9j\u00e0 au bord des routes regarder mes parents rouler.<\/span><br \/><span style=\"color: #000000;\">j&rsquo;ai toujours baign\u00e9 dans le sport auto gr\u00e2ce \u00e0 mes parents et j&rsquo;ai donc d\u00e9cid\u00e9 de me lancer cette ann\u00e9e en tant que copilote.<\/span><\/div><div dir=\"auto\" style=\"text-align: left;\"><span style=\"color: #000000;\">Ma premi\u00e8re exp\u00e9rience est une exp\u00e9rience de fou . Rouler en rally2 avec Sam est quelque chose d&rsquo;incroyable pour mon premier rallye et je le remercie encore \u00e9norm\u00e9ment de m&rsquo;avoir fais confiance pour mon premier rallye et en plus de gagner c&rsquo;est la cerise sur le g\u00e2teau ! j&rsquo;avais pour objectif de prendre un maximum d&rsquo;exp\u00e9rience, \u00e9couter les conseils , et \u00eatre \u00e0 l&rsquo;arriv\u00e9e.<\/span><\/div><div dir=\"auto\" style=\"text-align: left;\"><span style=\"color: #000000;\">je remercie pour ce week end samuel , Simon pour l&rsquo;aide, l&rsquo;assistance, mes parents , la famille et les amis au bord des routes , ainsi que l&rsquo;organisation et les b\u00e9n\u00e9voles au bord des routes sous ce temps glaciale !<\/span><\/div>\t\t\t\t\t\t\t\t<\/div>\n\t\t\t\t<\/div>\n\t\t\t\t\t<\/div>\n\t\t<\/div>\n\t\t\t\t\t<\/div>\n\t\t<\/section>\n\t\t\t\t<section class=\"elementor-section elementor-top-section elementor-element elementor-element-3b35e0a elementor-section-boxed elementor-section-height-default elementor-section-height-default\" data-id=\"3b35e0a\" data-element_type=\"section\" data-e-type=\"section\">\n\t\t\t\t\t\t<div class=\"elementor-container elementor-column-gap-default\">\n\t\t\t\t\t<div class=\"elementor-column elementor-col-50 elementor-top-column elementor-element elementor-element-1c9713a\" data-id=\"1c9713a\" data-element_type=\"column\" data-e-type=\"column\">\n\t\t\t<div class=\"elementor-widget-wrap elementor-element-populated\">\n\t\t\t\t\t\t<div class=\"elementor-element elementor-element-c140687 elementor-widget elementor-widget-image\" data-id=\"c140687\" data-element_type=\"widget\" data-e-type=\"widget\" data-widget_type=\"image.default\">\n\t\t\t\t<div class=\"elementor-widget-container\">\n\t\t\t\t\t\t\t\t\t\t\t\t\t\t\t<img fetchpriority=\"high\" decoding=\"async\" width=\"600\" height=\"800\" src=\"https:\/\/artoislittoral2.com\/wp-content\/uploads\/2025\/02\/HERENGUEL-Paul-1.jpg\" class=\"attachment-large size-large wp-image-5225\" alt=\"\" srcset=\"https:\/\/artoislittoral2.com\/wp-content\/uploads\/2025\/02\/HERENGUEL-Paul-1.jpg 600w, https:\/\/artoislittoral2.com\/wp-content\/uploads\/2025\/02\/HERENGUEL-Paul-1-225x300.jpg 225w, https:\/\/artoislittoral2.com\/wp-content\/uploads\/2025\/02\/HERENGUEL-Paul-1-300x400.jpg 300w\" sizes=\"(max-width: 600px) 100vw, 600px\" \/>\t\t\t\t\t\t\t\t\t\t\t\t\t\t\t<\/div>\n\t\t\t\t<\/div>\n\t\t\t\t\t<\/div>\n\t\t<\/div>\n\t\t\t\t<div class=\"elementor-column elementor-col-50 elementor-top-column elementor-element elementor-element-062093e\" data-id=\"062093e\" data-element_type=\"column\" data-e-type=\"column\">\n\t\t\t<div class=\"elementor-widget-wrap elementor-element-populated\">\n\t\t\t\t\t\t<div class=\"elementor-element elementor-element-8c4b776 elementor-widget elementor-widget-image\" data-id=\"8c4b776\" data-element_type=\"widget\" data-e-type=\"widget\" data-widget_type=\"image.default\">\n\t\t\t\t<div class=\"elementor-widget-container\">\n\t\t\t\t\t\t\t\t\t\t\t\t\t\t\t<img decoding=\"async\" width=\"576\" height=\"1024\" src=\"https:\/\/artoislittoral2.com\/wp-content\/uploads\/2025\/02\/HERENGUEL-Paul-2-576x1024.jpg\" class=\"attachment-large size-large wp-image-5226\" alt=\"\" srcset=\"https:\/\/artoislittoral2.com\/wp-content\/uploads\/2025\/02\/HERENGUEL-Paul-2-576x1024.jpg 576w, https:\/\/artoislittoral2.com\/wp-content\/uploads\/2025\/02\/HERENGUEL-Paul-2-169x300.jpg 169w, https:\/\/artoislittoral2.com\/wp-content\/uploads\/2025\/02\/HERENGUEL-Paul-2-300x534.jpg 300w, https:\/\/artoislittoral2.com\/wp-content\/uploads\/2025\/02\/HERENGUEL-Paul-2.jpg 607w\" sizes=\"(max-width: 576px) 100vw, 576px\" \/>\t\t\t\t\t\t\t\t\t\t\t\t\t\t\t<\/div>\n\t\t\t\t<\/div>\n\t\t\t\t\t<\/div>\n\t\t<\/div>\n\t\t\t\t\t<\/div>\n\t\t<\/section>\n\t\t\t\t<\/div>\n\t\t","protected":false},"excerpt":{"rendered":"<p>Je m&rsquo;appelle Paul HERENGUEL, \u00a0j&rsquo;ai 18 ans et je suis natif de Hingesje suis encore \u00e0 l&rsquo;\u00e9cole dans le management et gestion &#8230;\u00a0le sport auto est pour moi une passion depuis tout petit, depuis mon plus jeune a \u00e2ge , \u00e0 2 mois j&rsquo;\u00e9tais d\u00e9j\u00e0 au bord des routes regarder mes parents rouler.j&rsquo;ai toujours baign\u00e9&#8230;<\/p>\n","protected":false},"author":1,"featured_media":0,"parent":0,"menu_order":0,"comment_status":"closed","ping_status":"closed","template":"","meta":{"footnotes":""},"class_list":["post-5223","page","type-page","status-publish","hentry"],"yoast_head":"<!-- This site is optimized with the Yoast SEO plugin v27.4 - https:\/\/yoast.com\/product\/yoast-seo-wordpress\/ -->\n<title>HERENGUEL Paul - ASA Artois Littoral 2<\/title>\n<meta name=\"robots\" content=\"index, follow, max-snippet:-1, max-image-preview:large, max-video-preview:-1\" \/>\n<link rel=\"canonical\" href=\"https:\/\/artoislittoral2.com\/index.php\/herenguel-paul\/\" \/>\n<meta property=\"og:locale\" content=\"fr_FR\" \/>\n<meta property=\"og:type\" content=\"article\" \/>\n<meta property=\"og:title\" content=\"HERENGUEL Paul - ASA Artois Littoral 2\" \/>\n<meta property=\"og:description\" content=\"Je m&rsquo;appelle Paul HERENGUEL, \u00a0j&rsquo;ai 18 ans et je suis natif de Hingesje suis encore \u00e0 l&rsquo;\u00e9cole dans le management et gestion &#8230;\u00a0le sport auto est pour moi une passion depuis tout petit, depuis mon plus jeune a \u00e2ge , \u00e0 2 mois j&rsquo;\u00e9tais d\u00e9j\u00e0 au bord des routes regarder mes parents rouler.j&rsquo;ai toujours baign\u00e9...\" \/>\n<meta property=\"og:url\" content=\"https:\/\/artoislittoral2.com\/index.php\/herenguel-paul\/\" \/>\n<meta property=\"og:site_name\" content=\"ASA Artois Littoral 2\" \/>\n<meta property=\"article:modified_time\" content=\"2025-02-22T14:59:41+00:00\" \/>\n<meta property=\"og:image\" content=\"https:\/\/artoislittoral2.com\/wp-content\/uploads\/2025\/02\/portrait_herenguel_paul.jpg\" \/>\n\t<meta property=\"og:image:width\" content=\"319\" \/>\n\t<meta property=\"og:image:height\" content=\"364\" \/>\n\t<meta property=\"og:image:type\" content=\"image\/jpeg\" \/>\n<meta name=\"twitter:card\" content=\"summary_large_image\" \/>\n<meta name=\"twitter:label1\" content=\"Dur\u00e9e de lecture estim\u00e9e\" \/>\n\t<meta name=\"twitter:data1\" content=\"2 minutes\" \/>\n<script type=\"application\/ld+json\" class=\"yoast-schema-graph\">{\"@context\":\"https:\\\/\\\/schema.org\",\"@graph\":[{\"@type\":\"WebPage\",\"@id\":\"https:\\\/\\\/artoislittoral2.com\\\/index.php\\\/herenguel-paul\\\/\",\"url\":\"https:\\\/\\\/artoislittoral2.com\\\/index.php\\\/herenguel-paul\\\/\",\"name\":\"HERENGUEL Paul - ASA Artois Littoral 2\",\"isPartOf\":{\"@id\":\"https:\\\/\\\/artoislittoral2.com\\\/#website\"},\"primaryImageOfPage\":{\"@id\":\"https:\\\/\\\/artoislittoral2.com\\\/index.php\\\/herenguel-paul\\\/#primaryimage\"},\"image\":{\"@id\":\"https:\\\/\\\/artoislittoral2.com\\\/index.php\\\/herenguel-paul\\\/#primaryimage\"},\"thumbnailUrl\":\"https:\\\/\\\/artoislittoral2.com\\\/wp-content\\\/uploads\\\/2025\\\/02\\\/portrait_herenguel_paul-150x150.jpg\",\"datePublished\":\"2025-02-21T10:15:06+00:00\",\"dateModified\":\"2025-02-22T14:59:41+00:00\",\"breadcrumb\":{\"@id\":\"https:\\\/\\\/artoislittoral2.com\\\/index.php\\\/herenguel-paul\\\/#breadcrumb\"},\"inLanguage\":\"fr-FR\",\"potentialAction\":[{\"@type\":\"ReadAction\",\"target\":[\"https:\\\/\\\/artoislittoral2.com\\\/index.php\\\/herenguel-paul\\\/\"]}]},{\"@type\":\"ImageObject\",\"inLanguage\":\"fr-FR\",\"@id\":\"https:\\\/\\\/artoislittoral2.com\\\/index.php\\\/herenguel-paul\\\/#primaryimage\",\"url\":\"https:\\\/\\\/artoislittoral2.com\\\/wp-content\\\/uploads\\\/2025\\\/02\\\/portrait_herenguel_paul.jpg\",\"contentUrl\":\"https:\\\/\\\/artoislittoral2.com\\\/wp-content\\\/uploads\\\/2025\\\/02\\\/portrait_herenguel_paul.jpg\",\"width\":319,\"height\":364},{\"@type\":\"BreadcrumbList\",\"@id\":\"https:\\\/\\\/artoislittoral2.com\\\/index.php\\\/herenguel-paul\\\/#breadcrumb\",\"itemListElement\":[{\"@type\":\"ListItem\",\"position\":1,\"name\":\"Accueil\",\"item\":\"https:\\\/\\\/artoislittoral2.com\\\/\"},{\"@type\":\"ListItem\",\"position\":2,\"name\":\"HERENGUEL Paul\"}]},{\"@type\":\"WebSite\",\"@id\":\"https:\\\/\\\/artoislittoral2.com\\\/#website\",\"url\":\"https:\\\/\\\/artoislittoral2.com\\\/\",\"name\":\"ASA Artois Littoral 2\",\"description\":\"Bienvenue \u00e0 l&#039;ASA Artois Littoral II\",\"publisher\":{\"@id\":\"https:\\\/\\\/artoislittoral2.com\\\/#organization\"},\"potentialAction\":[{\"@type\":\"SearchAction\",\"target\":{\"@type\":\"EntryPoint\",\"urlTemplate\":\"https:\\\/\\\/artoislittoral2.com\\\/?s={search_term_string}\"},\"query-input\":{\"@type\":\"PropertyValueSpecification\",\"valueRequired\":true,\"valueName\":\"search_term_string\"}}],\"inLanguage\":\"fr-FR\"},{\"@type\":\"Organization\",\"@id\":\"https:\\\/\\\/artoislittoral2.com\\\/#organization\",\"name\":\"ASA Artois Littoral 2\",\"url\":\"https:\\\/\\\/artoislittoral2.com\\\/\",\"logo\":{\"@type\":\"ImageObject\",\"inLanguage\":\"fr-FR\",\"@id\":\"https:\\\/\\\/artoislittoral2.com\\\/#\\\/schema\\\/logo\\\/image\\\/\",\"url\":\"https:\\\/\\\/artoislittoral2.com\\\/wp-content\\\/uploads\\\/2025\\\/11\\\/cropped-cropped-bandeau-2025.jpg\",\"contentUrl\":\"https:\\\/\\\/artoislittoral2.com\\\/wp-content\\\/uploads\\\/2025\\\/11\\\/cropped-cropped-bandeau-2025.jpg\",\"width\":960,\"height\":365,\"caption\":\"ASA Artois Littoral 2\"},\"image\":{\"@id\":\"https:\\\/\\\/artoislittoral2.com\\\/#\\\/schema\\\/logo\\\/image\\\/\"}}]}<\/script>\n<!-- \/ Yoast SEO plugin. -->","yoast_head_json":{"title":"HERENGUEL Paul - ASA Artois Littoral 2","robots":{"index":"index","follow":"follow","max-snippet":"max-snippet:-1","max-image-preview":"max-image-preview:large","max-video-preview":"max-video-preview:-1"},"canonical":"https:\/\/artoislittoral2.com\/index.php\/herenguel-paul\/","og_locale":"fr_FR","og_type":"article","og_title":"HERENGUEL Paul - ASA Artois Littoral 2","og_description":"Je m&rsquo;appelle Paul HERENGUEL, \u00a0j&rsquo;ai 18 ans et je suis natif de Hingesje suis encore \u00e0 l&rsquo;\u00e9cole dans le management et gestion &#8230;\u00a0le sport auto est pour moi une passion depuis tout petit, depuis mon plus jeune a \u00e2ge , \u00e0 2 mois j&rsquo;\u00e9tais d\u00e9j\u00e0 au bord des routes regarder mes parents rouler.j&rsquo;ai toujours baign\u00e9...","og_url":"https:\/\/artoislittoral2.com\/index.php\/herenguel-paul\/","og_site_name":"ASA Artois Littoral 2","article_modified_time":"2025-02-22T14:59:41+00:00","og_image":[{"width":319,"height":364,"url":"https:\/\/artoislittoral2.com\/wp-content\/uploads\/2025\/02\/portrait_herenguel_paul.jpg","type":"image\/jpeg"}],"twitter_card":"summary_large_image","twitter_misc":{"Dur\u00e9e de lecture estim\u00e9e":"2 minutes"},"schema":{"@context":"https:\/\/schema.org","@graph":[{"@type":"WebPage","@id":"https:\/\/artoislittoral2.com\/index.php\/herenguel-paul\/","url":"https:\/\/artoislittoral2.com\/index.php\/herenguel-paul\/","name":"HERENGUEL Paul - ASA Artois Littoral 2","isPartOf":{"@id":"https:\/\/artoislittoral2.com\/#website"},"primaryImageOfPage":{"@id":"https:\/\/artoislittoral2.com\/index.php\/herenguel-paul\/#primaryimage"},"image":{"@id":"https:\/\/artoislittoral2.com\/index.php\/herenguel-paul\/#primaryimage"},"thumbnailUrl":"https:\/\/artoislittoral2.com\/wp-content\/uploads\/2025\/02\/portrait_herenguel_paul-150x150.jpg","datePublished":"2025-02-21T10:15:06+00:00","dateModified":"2025-02-22T14:59:41+00:00","breadcrumb":{"@id":"https:\/\/artoislittoral2.com\/index.php\/herenguel-paul\/#breadcrumb"},"inLanguage":"fr-FR","potentialAction":[{"@type":"ReadAction","target":["https:\/\/artoislittoral2.com\/index.php\/herenguel-paul\/"]}]},{"@type":"ImageObject","inLanguage":"fr-FR","@id":"https:\/\/artoislittoral2.com\/index.php\/herenguel-paul\/#primaryimage","url":"https:\/\/artoislittoral2.com\/wp-content\/uploads\/2025\/02\/portrait_herenguel_paul.jpg","contentUrl":"https:\/\/artoislittoral2.com\/wp-content\/uploads\/2025\/02\/portrait_herenguel_paul.jpg","width":319,"height":364},{"@type":"BreadcrumbList","@id":"https:\/\/artoislittoral2.com\/index.php\/herenguel-paul\/#breadcrumb","itemListElement":[{"@type":"ListItem","position":1,"name":"Accueil","item":"https:\/\/artoislittoral2.com\/"},{"@type":"ListItem","position":2,"name":"HERENGUEL Paul"}]},{"@type":"WebSite","@id":"https:\/\/artoislittoral2.com\/#website","url":"https:\/\/artoislittoral2.com\/","name":"ASA Artois Littoral 2","description":"Bienvenue \u00e0 l&#039;ASA Artois Littoral II","publisher":{"@id":"https:\/\/artoislittoral2.com\/#organization"},"potentialAction":[{"@type":"SearchAction","target":{"@type":"EntryPoint","urlTemplate":"https:\/\/artoislittoral2.com\/?s={search_term_string}"},"query-input":{"@type":"PropertyValueSpecification","valueRequired":true,"valueName":"search_term_string"}}],"inLanguage":"fr-FR"},{"@type":"Organization","@id":"https:\/\/artoislittoral2.com\/#organization","name":"ASA Artois Littoral 2","url":"https:\/\/artoislittoral2.com\/","logo":{"@type":"ImageObject","inLanguage":"fr-FR","@id":"https:\/\/artoislittoral2.com\/#\/schema\/logo\/image\/","url":"https:\/\/artoislittoral2.com\/wp-content\/uploads\/2025\/11\/cropped-cropped-bandeau-2025.jpg","contentUrl":"https:\/\/artoislittoral2.com\/wp-content\/uploads\/2025\/11\/cropped-cropped-bandeau-2025.jpg","width":960,"height":365,"caption":"ASA Artois Littoral 2"},"image":{"@id":"https:\/\/artoislittoral2.com\/#\/schema\/logo\/image\/"}}]}},"jetpack_sharing_enabled":true,"_links":{"self":[{"href":"https:\/\/artoislittoral2.com\/index.php\/wp-json\/wp\/v2\/pages\/5223","targetHints":{"allow":["GET"]}}],"collection":[{"href":"https:\/\/artoislittoral2.com\/index.php\/wp-json\/wp\/v2\/pages"}],"about":[{"href":"https:\/\/artoislittoral2.com\/index.php\/wp-json\/wp\/v2\/types\/page"}],"author":[{"embeddable":true,"href":"https:\/\/artoislittoral2.com\/index.php\/wp-json\/wp\/v2\/users\/1"}],"replies":[{"embeddable":true,"href":"https:\/\/artoislittoral2.com\/index.php\/wp-json\/wp\/v2\/comments?post=5223"}],"version-history":[{"count":15,"href":"https:\/\/artoislittoral2.com\/index.php\/wp-json\/wp\/v2\/pages\/5223\/revisions"}],"predecessor-version":[{"id":5775,"href":"https:\/\/artoislittoral2.com\/index.php\/wp-json\/wp\/v2\/pages\/5223\/revisions\/5775"}],"wp:attachment":[{"href":"https:\/\/artoislittoral2.com\/index.php\/wp-json\/wp\/v2\/media?parent=5223"}],"curies":[{"name":"wp","href":"https:\/\/api.w.org\/{rel}","templated":true}]}}