{"id":5251,"date":"2025-02-21T11:31:25","date_gmt":"2025-02-21T10:31:25","guid":{"rendered":"https:\/\/artoislittoral2.com\/?page_id=5251"},"modified":"2025-02-24T19:29:28","modified_gmt":"2025-02-24T18:29:28","slug":"tramcourt-yanis","status":"publish","type":"page","link":"https:\/\/artoislittoral2.com\/index.php\/tramcourt-yanis\/","title":{"rendered":"TRAMCOURT Yanis"},"content":{"rendered":"\t\t<div data-elementor-type=\"wp-page\" data-elementor-id=\"5251\" class=\"elementor elementor-5251\">\n\t\t\t\t\t\t<section class=\"elementor-section elementor-top-section elementor-element elementor-element-9ee6274 elementor-section-boxed elementor-section-height-default elementor-section-height-default\" data-id=\"9ee6274\" data-element_type=\"section\" data-e-type=\"section\">\n\t\t\t\t\t\t<div class=\"elementor-container elementor-column-gap-default\">\n\t\t\t\t\t<div class=\"elementor-column elementor-col-100 elementor-top-column elementor-element elementor-element-dc99833\" data-id=\"dc99833\" data-element_type=\"column\" data-e-type=\"column\">\n\t\t\t<div class=\"elementor-widget-wrap elementor-element-populated\">\n\t\t\t\t\t\t<div class=\"elementor-element elementor-element-892b496 elementor-widget elementor-widget-text-editor\" data-id=\"892b496\" data-element_type=\"widget\" data-e-type=\"widget\" data-widget_type=\"text-editor.default\">\n\t\t\t\t<div class=\"elementor-widget-container\">\n\t\t\t\t\t\t\t\t\t<p>\u00a0<img fetchpriority=\"high\" decoding=\"async\" class=\"alignnone size-medium wp-image-5257\" src=\"https:\/\/artoislittoral2.com\/wp-content\/uploads\/2025\/02\/yanis-297x300.jpg\" alt=\"\" width=\"297\" height=\"300\" srcset=\"https:\/\/artoislittoral2.com\/wp-content\/uploads\/2025\/02\/yanis-297x300.jpg 297w, https:\/\/artoislittoral2.com\/wp-content\/uploads\/2025\/02\/yanis-768x776.jpg 768w, https:\/\/artoislittoral2.com\/wp-content\/uploads\/2025\/02\/yanis-300x303.jpg 300w, https:\/\/artoislittoral2.com\/wp-content\/uploads\/2025\/02\/yanis-850x859.jpg 850w, https:\/\/artoislittoral2.com\/wp-content\/uploads\/2025\/02\/yanis.jpg 950w\" sizes=\"(max-width: 297px) 100vw, 297px\" \/><\/p><p><span style=\"color: #000000;\">Je suis en Bac Pro R\u00e9paration des Carrosserie, ensuite je r\u00e9aliserai un Bac Pro M\u00e9canique Auto. Je souhaite vivre de ma passion, peu importe le r\u00f4le, je vais tout faire pour me professionnalis\u00e9 en tant que copilote, et si je n&rsquo;y parviens pas, je postulerai comme mecanicien dans un Team officiel<\/span> <\/p><p><span style=\"color: #0000ff;\">Pourquoi le sport auto ?<\/span><\/p><p><span style=\"color: #000000;\">Fan de rallye et de l\u2019automobile en g\u00e9n\u00e9ral depuis mon plus jeune \u00e2ge.<\/span><\/p><p><span style=\"color: #000000;\">Depuis tout petit je suis mon p\u00e8re sur chaque \u00e9v\u00e8nement o\u00f9 il va, je ne sais pas je dirais que <\/span><br \/><span style=\"color: #000000;\">c\u2019est comme un d\u00e9clic, quand on entre dans la grande famille du sport auto, notamment du rallye, on <\/span><br \/><span style=\"color: #000000;\">en sort plus, l\u2019ambiance, se retrouver avec les copains, ce m\u00e9lange d\u2019adr\u00e9naline, de stress et de bonne <\/span><br \/><span style=\"color: #000000;\">humeur c\u2019est juste exceptionnel. <\/span><br \/><span style=\"color: #000000;\">Mes parents sont dans le sport auto, mon p\u00e8re d\u2019abord,<\/span><br \/><span style=\"color: #000000;\">c\u2019est mon pilote et c\u2019est \u00e9galement lui qui m\u2019a tout enseign\u00e9 la dedans, ma m\u00e8re un peu moins, elle <\/span><br \/><span style=\"color: #000000;\">nous suit dans ce que l\u2019on fait, elle participe en nous aidant a sa mani\u00e8re mais elle ne vient pas ou tr\u00e8s rarement sur les rallyes. Sans eux je ne pourrais vivre ce que je vis actuellement et je les remercie pour \u00e7a.<\/span><\/p><p><span style=\"color: #000000;\">Mon p\u00e8re est passionn\u00e9 de sport automobile depuis qu&rsquo;il a 14\/15ans, il m&rsquo; transmis sa passion, jusqu&rsquo;\u00e0 ce que je le pousse \u00e0 me lancer dans le milieu ! Et maintenant il dit que je suis plus mordu que lui ! <\/span><\/p><p><span style=\"color: #000000;\">Depuis le 24 Juin 2023, <\/span><span style=\"color: #000000;\">on roule avec une Peugeot 206cc F2000\/14<\/span><\/p><p><span style=\"color: #0000ff;\">Quelles sont tes plus belles exp\u00e9riences et r\u00e9ussites ? Sur quelle \u00e9preuve ?<\/span><\/p><p><span style=\"color: #000000;\">Avec mon p\u00e8re, on forme une tr\u00e8s bonne \u00e9quipe, on rigole bien, je pense que l\u2019on rigole plus qu\u2019il n\u2019y a de s\u00e9rieux dans la voiture, c\u2019est g\u00e9nial de pouvoir partager \u00e7a <\/span><br \/><span style=\"color: #000000;\">avec lui et je pense qu\u2019il partage la m\u00eame opinion sur ce point<\/span><br \/><span style=\"color: #000000;\">Mes plus belles <\/span><span style=\"color: #000000;\">exp\u00e9riences sont, d\u00e9j\u00e0 tout d\u2019abord mon premier rallye, \u00e7a c\u2019est pass\u00e9 au Rallye du Centurion le 24 <\/span><span style=\"color: #000000;\">Juin 2023, j\u2019\u00e9tais tr\u00e8s stress\u00e9 mais tout le monde \u00e9tait adorable, ils m\u2019ont tous bien aid\u00e9, conseill\u00e9, <\/span><span style=\"color: #000000;\">etc. pas que mon p\u00e8re, mais aussi les copains, les autres \u00e9quipages, les commissaires, et tout s\u2019est bien pass\u00e9 sauf au d\u00e9part de l\u2019ES2 ou je perd mes lunettes en les oubliant sur le toit en me casquant, <\/span><br \/><span style=\"color: #000000;\">heureusement elles \u00e9taient tomb\u00e9 mais pas cass\u00e9, r\u00e9sultat pointage 2 minutes en retard mais ce n\u2019est pas grave on s\u2019est amus\u00e9, <br \/>et ma deuxi\u00e8me je dirais au Rallye du Pays du Lin, je ne sais plus dans <\/span><span style=\"color: #000000;\">quelle sp\u00e9ciale mais dans une descente de 300m avant un gauche 90\u00b0 je vois une biche qui court dans le champs en face, je pr\u00e9viens mon p\u00e8re de faire attention, parce qu\u2019elle se dirigeait vers la route, <\/span><span style=\"color: #000000;\">et \u00e7a n\u2019a pas manqu\u00e9, juste apr\u00e8s le gauche 90\u00b0 elle est pass\u00e9 \u00e0 2 m\u00e8tres devant le capot, tr\u00e8s impressionnant mais une belle frayeur tout de m\u00eame.<\/span><\/p><p><span style=\"color: #0000ff;\">Y a t il des exp\u00e9riences \u00e0 oublier ?<\/span><\/p><p><span style=\"color: #000000;\">Le rallye de la lys 2024, que des probl\u00e8mes, suivie d&rsquo;un abandon \u00e0 l&rsquo;arriv\u00e9e de l&rsquo;ES4 !<\/span><\/p><p><span style=\"color: #0000ff;\">Quels sont tes objectifs<\/span><\/p><p><span style=\"color: #000000;\">Pour cette ann\u00e9e, continuer de prendre de l&rsquo;exp\u00e9rience ! Et pour le long terme, tout faire pour me professionnalis\u00e9 !<\/span><\/p>\t\t\t\t\t\t\t\t<\/div>\n\t\t\t\t<\/div>\n\t\t\t\t\t<\/div>\n\t\t<\/div>\n\t\t\t\t\t<\/div>\n\t\t<\/section>\n\t\t\t\t<section class=\"elementor-section elementor-top-section elementor-element elementor-element-1633a70 elementor-section-boxed elementor-section-height-default elementor-section-height-default\" data-id=\"1633a70\" data-element_type=\"section\" data-e-type=\"section\">\n\t\t\t\t\t\t<div class=\"elementor-container elementor-column-gap-default\">\n\t\t\t\t\t<div class=\"elementor-column elementor-col-100 elementor-top-column elementor-element elementor-element-2f848d5\" data-id=\"2f848d5\" data-element_type=\"column\" data-e-type=\"column\">\n\t\t\t<div class=\"elementor-widget-wrap elementor-element-populated\">\n\t\t\t\t\t\t<div class=\"elementor-element elementor-element-918ca03 gallery-spacing-custom elementor-widget elementor-widget-image-gallery\" data-id=\"918ca03\" data-element_type=\"widget\" data-e-type=\"widget\" data-widget_type=\"image-gallery.default\">\n\t\t\t\t<div class=\"elementor-widget-container\">\n\t\t\t\t\t\t\t<div class=\"elementor-image-gallery\">\n\t\t\t<div id='gallery-1' class='gallery galleryid-5251 gallery-columns-4 gallery-size-thumbnail'><figure class='gallery-item'>\n\t\t\t<div class='gallery-icon landscape'>\n\t\t\t\t<a data-elementor-open-lightbox=\"yes\" data-elementor-lightbox-slideshow=\"918ca03\" data-elementor-lightbox-title=\"1 Yanis Tramcourt\" data-e-action-hash=\"#elementor-action%3Aaction%3Dlightbox%26settings%3DeyJpZCI6NTkwMywidXJsIjoiaHR0cHM6XC9cL2FydG9pc2xpdHRvcmFsMi5jb21cL3dwLWNvbnRlbnRcL3VwbG9hZHNcLzIwMjVcLzAyXC8xLVlhbmlzLVRyYW1jb3VydC5qcGciLCJzbGlkZXNob3ciOiI5MThjYTAzIn0%3D\" href='https:\/\/artoislittoral2.com\/wp-content\/uploads\/2025\/02\/1-Yanis-Tramcourt.jpg'><img decoding=\"async\" width=\"150\" height=\"150\" src=\"https:\/\/artoislittoral2.com\/wp-content\/uploads\/2025\/02\/1-Yanis-Tramcourt-150x150.jpg\" class=\"attachment-thumbnail size-thumbnail\" alt=\"\" \/><\/a>\n\t\t\t<\/div><\/figure><figure class='gallery-item'>\n\t\t\t<div class='gallery-icon landscape'>\n\t\t\t\t<a data-elementor-open-lightbox=\"yes\" data-elementor-lightbox-slideshow=\"918ca03\" data-elementor-lightbox-title=\"2 Yanis Tramcourt\" data-e-action-hash=\"#elementor-action%3Aaction%3Dlightbox%26settings%3DeyJpZCI6NTkwNCwidXJsIjoiaHR0cHM6XC9cL2FydG9pc2xpdHRvcmFsMi5jb21cL3dwLWNvbnRlbnRcL3VwbG9hZHNcLzIwMjVcLzAyXC8yLVlhbmlzLVRyYW1jb3VydC5qcGciLCJzbGlkZXNob3ciOiI5MThjYTAzIn0%3D\" href='https:\/\/artoislittoral2.com\/wp-content\/uploads\/2025\/02\/2-Yanis-Tramcourt.jpg'><img decoding=\"async\" width=\"150\" height=\"150\" src=\"https:\/\/artoislittoral2.com\/wp-content\/uploads\/2025\/02\/2-Yanis-Tramcourt-150x150.jpg\" class=\"attachment-thumbnail size-thumbnail\" alt=\"\" \/><\/a>\n\t\t\t<\/div><\/figure><figure class='gallery-item'>\n\t\t\t<div class='gallery-icon landscape'>\n\t\t\t\t<a data-elementor-open-lightbox=\"yes\" data-elementor-lightbox-slideshow=\"918ca03\" data-elementor-lightbox-title=\"3 Yanis Tramcourt\" data-e-action-hash=\"#elementor-action%3Aaction%3Dlightbox%26settings%3DeyJpZCI6NTkwNSwidXJsIjoiaHR0cHM6XC9cL2FydG9pc2xpdHRvcmFsMi5jb21cL3dwLWNvbnRlbnRcL3VwbG9hZHNcLzIwMjVcLzAyXC8zLVlhbmlzLVRyYW1jb3VydC5qcGciLCJzbGlkZXNob3ciOiI5MThjYTAzIn0%3D\" href='https:\/\/artoislittoral2.com\/wp-content\/uploads\/2025\/02\/3-Yanis-Tramcourt.jpg'><img loading=\"lazy\" decoding=\"async\" width=\"150\" height=\"150\" src=\"https:\/\/artoislittoral2.com\/wp-content\/uploads\/2025\/02\/3-Yanis-Tramcourt-150x150.jpg\" class=\"attachment-thumbnail size-thumbnail\" alt=\"\" \/><\/a>\n\t\t\t<\/div><\/figure><figure class='gallery-item'>\n\t\t\t<div class='gallery-icon landscape'>\n\t\t\t\t<a data-elementor-open-lightbox=\"yes\" data-elementor-lightbox-slideshow=\"918ca03\" data-elementor-lightbox-title=\"4 Yanis Tramcourt\" data-e-action-hash=\"#elementor-action%3Aaction%3Dlightbox%26settings%3DeyJpZCI6NTkwNiwidXJsIjoiaHR0cHM6XC9cL2FydG9pc2xpdHRvcmFsMi5jb21cL3dwLWNvbnRlbnRcL3VwbG9hZHNcLzIwMjVcLzAyXC80LVlhbmlzLVRyYW1jb3VydC5qcGciLCJzbGlkZXNob3ciOiI5MThjYTAzIn0%3D\" href='https:\/\/artoislittoral2.com\/wp-content\/uploads\/2025\/02\/4-Yanis-Tramcourt.jpg'><img loading=\"lazy\" decoding=\"async\" width=\"150\" height=\"150\" src=\"https:\/\/artoislittoral2.com\/wp-content\/uploads\/2025\/02\/4-Yanis-Tramcourt-150x150.jpg\" class=\"attachment-thumbnail size-thumbnail\" alt=\"\" \/><\/a>\n\t\t\t<\/div><\/figure><figure class='gallery-item'>\n\t\t\t<div class='gallery-icon landscape'>\n\t\t\t\t<a data-elementor-open-lightbox=\"yes\" data-elementor-lightbox-slideshow=\"918ca03\" data-elementor-lightbox-title=\"5 Yanis Tramcourt\" data-e-action-hash=\"#elementor-action%3Aaction%3Dlightbox%26settings%3DeyJpZCI6NTkwNywidXJsIjoiaHR0cHM6XC9cL2FydG9pc2xpdHRvcmFsMi5jb21cL3dwLWNvbnRlbnRcL3VwbG9hZHNcLzIwMjVcLzAyXC81LVlhbmlzLVRyYW1jb3VydC5qcGciLCJzbGlkZXNob3ciOiI5MThjYTAzIn0%3D\" href='https:\/\/artoislittoral2.com\/wp-content\/uploads\/2025\/02\/5-Yanis-Tramcourt.jpg'><img loading=\"lazy\" decoding=\"async\" width=\"150\" height=\"150\" src=\"https:\/\/artoislittoral2.com\/wp-content\/uploads\/2025\/02\/5-Yanis-Tramcourt-150x150.jpg\" class=\"attachment-thumbnail size-thumbnail\" alt=\"\" \/><\/a>\n\t\t\t<\/div><\/figure><figure class='gallery-item'>\n\t\t\t<div class='gallery-icon landscape'>\n\t\t\t\t<a data-elementor-open-lightbox=\"yes\" data-elementor-lightbox-slideshow=\"918ca03\" data-elementor-lightbox-title=\"6 Yanis Tramcourt(1)\" data-e-action-hash=\"#elementor-action%3Aaction%3Dlightbox%26settings%3DeyJpZCI6NTkwOCwidXJsIjoiaHR0cHM6XC9cL2FydG9pc2xpdHRvcmFsMi5jb21cL3dwLWNvbnRlbnRcL3VwbG9hZHNcLzIwMjVcLzAyXC82LVlhbmlzLVRyYW1jb3VydDEuanBnIiwic2xpZGVzaG93IjoiOTE4Y2EwMyJ9\" href='https:\/\/artoislittoral2.com\/wp-content\/uploads\/2025\/02\/6-Yanis-Tramcourt1.jpg'><img loading=\"lazy\" decoding=\"async\" width=\"150\" height=\"150\" src=\"https:\/\/artoislittoral2.com\/wp-content\/uploads\/2025\/02\/6-Yanis-Tramcourt1-150x150.jpg\" class=\"attachment-thumbnail size-thumbnail\" alt=\"\" \/><\/a>\n\t\t\t<\/div><\/figure><figure class='gallery-item'>\n\t\t\t<div class='gallery-icon landscape'>\n\t\t\t\t<a data-elementor-open-lightbox=\"yes\" data-elementor-lightbox-slideshow=\"918ca03\" data-elementor-lightbox-title=\"7 Yanis Tramcourt\" data-e-action-hash=\"#elementor-action%3Aaction%3Dlightbox%26settings%3DeyJpZCI6NTkwOSwidXJsIjoiaHR0cHM6XC9cL2FydG9pc2xpdHRvcmFsMi5jb21cL3dwLWNvbnRlbnRcL3VwbG9hZHNcLzIwMjVcLzAyXC83LVlhbmlzLVRyYW1jb3VydC5qcGciLCJzbGlkZXNob3ciOiI5MThjYTAzIn0%3D\" href='https:\/\/artoislittoral2.com\/wp-content\/uploads\/2025\/02\/7-Yanis-Tramcourt.jpg'><img loading=\"lazy\" decoding=\"async\" width=\"150\" height=\"150\" src=\"https:\/\/artoislittoral2.com\/wp-content\/uploads\/2025\/02\/7-Yanis-Tramcourt-150x150.jpg\" class=\"attachment-thumbnail size-thumbnail\" alt=\"\" \/><\/a>\n\t\t\t<\/div><\/figure><figure class='gallery-item'>\n\t\t\t<div class='gallery-icon landscape'>\n\t\t\t\t<a data-elementor-open-lightbox=\"yes\" data-elementor-lightbox-slideshow=\"918ca03\" data-elementor-lightbox-title=\"8 Yanis Tramcourt\" data-e-action-hash=\"#elementor-action%3Aaction%3Dlightbox%26settings%3DeyJpZCI6NTkxMCwidXJsIjoiaHR0cHM6XC9cL2FydG9pc2xpdHRvcmFsMi5jb21cL3dwLWNvbnRlbnRcL3VwbG9hZHNcLzIwMjVcLzAyXC84LVlhbmlzLVRyYW1jb3VydC5qcGciLCJzbGlkZXNob3ciOiI5MThjYTAzIn0%3D\" href='https:\/\/artoislittoral2.com\/wp-content\/uploads\/2025\/02\/8-Yanis-Tramcourt.jpg'><img loading=\"lazy\" decoding=\"async\" width=\"150\" height=\"150\" src=\"https:\/\/artoislittoral2.com\/wp-content\/uploads\/2025\/02\/8-Yanis-Tramcourt-150x150.jpg\" class=\"attachment-thumbnail size-thumbnail\" alt=\"\" \/><\/a>\n\t\t\t<\/div><\/figure><figure class='gallery-item'>\n\t\t\t<div class='gallery-icon landscape'>\n\t\t\t\t<a data-elementor-open-lightbox=\"yes\" data-elementor-lightbox-slideshow=\"918ca03\" data-elementor-lightbox-title=\"9 Yanis Tramcourt\" data-e-action-hash=\"#elementor-action%3Aaction%3Dlightbox%26settings%3DeyJpZCI6NTkxMSwidXJsIjoiaHR0cHM6XC9cL2FydG9pc2xpdHRvcmFsMi5jb21cL3dwLWNvbnRlbnRcL3VwbG9hZHNcLzIwMjVcLzAyXC85LVlhbmlzLVRyYW1jb3VydC5qcGVnIiwic2xpZGVzaG93IjoiOTE4Y2EwMyJ9\" href='https:\/\/artoislittoral2.com\/wp-content\/uploads\/2025\/02\/9-Yanis-Tramcourt.jpeg'><img loading=\"lazy\" decoding=\"async\" width=\"150\" height=\"150\" src=\"https:\/\/artoislittoral2.com\/wp-content\/uploads\/2025\/02\/9-Yanis-Tramcourt-150x150.jpeg\" class=\"attachment-thumbnail size-thumbnail\" alt=\"\" \/><\/a>\n\t\t\t<\/div><\/figure><figure class='gallery-item'>\n\t\t\t<div class='gallery-icon landscape'>\n\t\t\t\t<a data-elementor-open-lightbox=\"yes\" data-elementor-lightbox-slideshow=\"918ca03\" data-elementor-lightbox-title=\"10 Yanis Tramcourt\" data-e-action-hash=\"#elementor-action%3Aaction%3Dlightbox%26settings%3DeyJpZCI6NTkxMiwidXJsIjoiaHR0cHM6XC9cL2FydG9pc2xpdHRvcmFsMi5jb21cL3dwLWNvbnRlbnRcL3VwbG9hZHNcLzIwMjVcLzAyXC8xMC1ZYW5pcy1UcmFtY291cnQtc2NhbGVkLmpwZWciLCJzbGlkZXNob3ciOiI5MThjYTAzIn0%3D\" href='https:\/\/artoislittoral2.com\/wp-content\/uploads\/2025\/02\/10-Yanis-Tramcourt-scaled.jpeg'><img loading=\"lazy\" decoding=\"async\" width=\"150\" height=\"150\" src=\"https:\/\/artoislittoral2.com\/wp-content\/uploads\/2025\/02\/10-Yanis-Tramcourt-150x150.jpeg\" class=\"attachment-thumbnail size-thumbnail\" alt=\"\" \/><\/a>\n\t\t\t<\/div><\/figure>\n\t\t<\/div>\n\t\t<\/div>\n\t\t\t\t\t\t<\/div>\n\t\t\t\t<\/div>\n\t\t\t\t\t<\/div>\n\t\t<\/div>\n\t\t\t\t\t<\/div>\n\t\t<\/section>\n\t\t\t\t<\/div>\n\t\t","protected":false},"excerpt":{"rendered":"<p>\u00a0 Je suis en Bac Pro R\u00e9paration des Carrosserie, ensuite je r\u00e9aliserai un Bac Pro M\u00e9canique Auto. Je souhaite vivre de ma passion, peu importe le r\u00f4le, je vais tout faire pour me professionnalis\u00e9 en tant que copilote, et si je n&rsquo;y parviens pas, je postulerai comme mecanicien dans un Team officiel Pourquoi le sport&#8230;<\/p>\n","protected":false},"author":1,"featured_media":0,"parent":0,"menu_order":0,"comment_status":"closed","ping_status":"closed","template":"","meta":{"footnotes":""},"class_list":["post-5251","page","type-page","status-publish","hentry"],"yoast_head":"<!-- This site is optimized with the Yoast SEO plugin v27.3 - https:\/\/yoast.com\/product\/yoast-seo-wordpress\/ -->\n<title>TRAMCOURT Yanis - ASA Artois Littoral 2<\/title>\n<meta name=\"robots\" content=\"index, follow, max-snippet:-1, max-image-preview:large, max-video-preview:-1\" \/>\n<link rel=\"canonical\" href=\"https:\/\/artoislittoral2.com\/index.php\/tramcourt-yanis\/\" \/>\n<meta property=\"og:locale\" content=\"fr_FR\" \/>\n<meta property=\"og:type\" content=\"article\" \/>\n<meta property=\"og:title\" content=\"TRAMCOURT Yanis - ASA Artois Littoral 2\" \/>\n<meta property=\"og:description\" content=\"\u00a0 Je suis en Bac Pro R\u00e9paration des Carrosserie, ensuite je r\u00e9aliserai un Bac Pro M\u00e9canique Auto. Je souhaite vivre de ma passion, peu importe le r\u00f4le, je vais tout faire pour me professionnalis\u00e9 en tant que copilote, et si je n&rsquo;y parviens pas, je postulerai comme mecanicien dans un Team officiel Pourquoi le sport...\" \/>\n<meta property=\"og:url\" content=\"https:\/\/artoislittoral2.com\/index.php\/tramcourt-yanis\/\" \/>\n<meta property=\"og:site_name\" content=\"ASA Artois Littoral 2\" \/>\n<meta property=\"article:modified_time\" content=\"2025-02-24T18:29:28+00:00\" \/>\n<meta property=\"og:image\" content=\"https:\/\/artoislittoral2.com\/wp-content\/uploads\/2025\/02\/yanis.jpg\" \/>\n\t<meta property=\"og:image:width\" content=\"950\" \/>\n\t<meta property=\"og:image:height\" content=\"960\" \/>\n\t<meta property=\"og:image:type\" content=\"image\/jpeg\" \/>\n<meta name=\"twitter:card\" content=\"summary_large_image\" \/>\n<meta name=\"twitter:label1\" content=\"Dur\u00e9e de lecture estim\u00e9e\" \/>\n\t<meta name=\"twitter:data1\" content=\"5 minutes\" \/>\n<script type=\"application\/ld+json\" class=\"yoast-schema-graph\">{\"@context\":\"https:\\\/\\\/schema.org\",\"@graph\":[{\"@type\":\"WebPage\",\"@id\":\"https:\\\/\\\/artoislittoral2.com\\\/index.php\\\/tramcourt-yanis\\\/\",\"url\":\"https:\\\/\\\/artoislittoral2.com\\\/index.php\\\/tramcourt-yanis\\\/\",\"name\":\"TRAMCOURT Yanis - ASA Artois Littoral 2\",\"isPartOf\":{\"@id\":\"https:\\\/\\\/artoislittoral2.com\\\/#website\"},\"primaryImageOfPage\":{\"@id\":\"https:\\\/\\\/artoislittoral2.com\\\/index.php\\\/tramcourt-yanis\\\/#primaryimage\"},\"image\":{\"@id\":\"https:\\\/\\\/artoislittoral2.com\\\/index.php\\\/tramcourt-yanis\\\/#primaryimage\"},\"thumbnailUrl\":\"https:\\\/\\\/artoislittoral2.com\\\/wp-content\\\/uploads\\\/2025\\\/02\\\/yanis-297x300.jpg\",\"datePublished\":\"2025-02-21T10:31:25+00:00\",\"dateModified\":\"2025-02-24T18:29:28+00:00\",\"breadcrumb\":{\"@id\":\"https:\\\/\\\/artoislittoral2.com\\\/index.php\\\/tramcourt-yanis\\\/#breadcrumb\"},\"inLanguage\":\"fr-FR\",\"potentialAction\":[{\"@type\":\"ReadAction\",\"target\":[\"https:\\\/\\\/artoislittoral2.com\\\/index.php\\\/tramcourt-yanis\\\/\"]}]},{\"@type\":\"ImageObject\",\"inLanguage\":\"fr-FR\",\"@id\":\"https:\\\/\\\/artoislittoral2.com\\\/index.php\\\/tramcourt-yanis\\\/#primaryimage\",\"url\":\"https:\\\/\\\/artoislittoral2.com\\\/wp-content\\\/uploads\\\/2025\\\/02\\\/yanis.jpg\",\"contentUrl\":\"https:\\\/\\\/artoislittoral2.com\\\/wp-content\\\/uploads\\\/2025\\\/02\\\/yanis.jpg\",\"width\":950,\"height\":960},{\"@type\":\"BreadcrumbList\",\"@id\":\"https:\\\/\\\/artoislittoral2.com\\\/index.php\\\/tramcourt-yanis\\\/#breadcrumb\",\"itemListElement\":[{\"@type\":\"ListItem\",\"position\":1,\"name\":\"Accueil\",\"item\":\"https:\\\/\\\/artoislittoral2.com\\\/\"},{\"@type\":\"ListItem\",\"position\":2,\"name\":\"TRAMCOURT Yanis\"}]},{\"@type\":\"WebSite\",\"@id\":\"https:\\\/\\\/artoislittoral2.com\\\/#website\",\"url\":\"https:\\\/\\\/artoislittoral2.com\\\/\",\"name\":\"ASA Artois Littoral 2\",\"description\":\"Bienvenue \u00e0 l&#039;ASA Artois Littoral II\",\"publisher\":{\"@id\":\"https:\\\/\\\/artoislittoral2.com\\\/#organization\"},\"potentialAction\":[{\"@type\":\"SearchAction\",\"target\":{\"@type\":\"EntryPoint\",\"urlTemplate\":\"https:\\\/\\\/artoislittoral2.com\\\/?s={search_term_string}\"},\"query-input\":{\"@type\":\"PropertyValueSpecification\",\"valueRequired\":true,\"valueName\":\"search_term_string\"}}],\"inLanguage\":\"fr-FR\"},{\"@type\":\"Organization\",\"@id\":\"https:\\\/\\\/artoislittoral2.com\\\/#organization\",\"name\":\"ASA Artois Littoral 2\",\"url\":\"https:\\\/\\\/artoislittoral2.com\\\/\",\"logo\":{\"@type\":\"ImageObject\",\"inLanguage\":\"fr-FR\",\"@id\":\"https:\\\/\\\/artoislittoral2.com\\\/#\\\/schema\\\/logo\\\/image\\\/\",\"url\":\"https:\\\/\\\/artoislittoral2.com\\\/wp-content\\\/uploads\\\/2025\\\/11\\\/cropped-cropped-bandeau-2025.jpg\",\"contentUrl\":\"https:\\\/\\\/artoislittoral2.com\\\/wp-content\\\/uploads\\\/2025\\\/11\\\/cropped-cropped-bandeau-2025.jpg\",\"width\":960,\"height\":365,\"caption\":\"ASA Artois Littoral 2\"},\"image\":{\"@id\":\"https:\\\/\\\/artoislittoral2.com\\\/#\\\/schema\\\/logo\\\/image\\\/\"}}]}<\/script>\n<!-- \/ Yoast SEO plugin. -->","yoast_head_json":{"title":"TRAMCOURT Yanis - ASA Artois Littoral 2","robots":{"index":"index","follow":"follow","max-snippet":"max-snippet:-1","max-image-preview":"max-image-preview:large","max-video-preview":"max-video-preview:-1"},"canonical":"https:\/\/artoislittoral2.com\/index.php\/tramcourt-yanis\/","og_locale":"fr_FR","og_type":"article","og_title":"TRAMCOURT Yanis - ASA Artois Littoral 2","og_description":"\u00a0 Je suis en Bac Pro R\u00e9paration des Carrosserie, ensuite je r\u00e9aliserai un Bac Pro M\u00e9canique Auto. Je souhaite vivre de ma passion, peu importe le r\u00f4le, je vais tout faire pour me professionnalis\u00e9 en tant que copilote, et si je n&rsquo;y parviens pas, je postulerai comme mecanicien dans un Team officiel Pourquoi le sport...","og_url":"https:\/\/artoislittoral2.com\/index.php\/tramcourt-yanis\/","og_site_name":"ASA Artois Littoral 2","article_modified_time":"2025-02-24T18:29:28+00:00","og_image":[{"width":950,"height":960,"url":"https:\/\/artoislittoral2.com\/wp-content\/uploads\/2025\/02\/yanis.jpg","type":"image\/jpeg"}],"twitter_card":"summary_large_image","twitter_misc":{"Dur\u00e9e de lecture estim\u00e9e":"5 minutes"},"schema":{"@context":"https:\/\/schema.org","@graph":[{"@type":"WebPage","@id":"https:\/\/artoislittoral2.com\/index.php\/tramcourt-yanis\/","url":"https:\/\/artoislittoral2.com\/index.php\/tramcourt-yanis\/","name":"TRAMCOURT Yanis - ASA Artois Littoral 2","isPartOf":{"@id":"https:\/\/artoislittoral2.com\/#website"},"primaryImageOfPage":{"@id":"https:\/\/artoislittoral2.com\/index.php\/tramcourt-yanis\/#primaryimage"},"image":{"@id":"https:\/\/artoislittoral2.com\/index.php\/tramcourt-yanis\/#primaryimage"},"thumbnailUrl":"https:\/\/artoislittoral2.com\/wp-content\/uploads\/2025\/02\/yanis-297x300.jpg","datePublished":"2025-02-21T10:31:25+00:00","dateModified":"2025-02-24T18:29:28+00:00","breadcrumb":{"@id":"https:\/\/artoislittoral2.com\/index.php\/tramcourt-yanis\/#breadcrumb"},"inLanguage":"fr-FR","potentialAction":[{"@type":"ReadAction","target":["https:\/\/artoislittoral2.com\/index.php\/tramcourt-yanis\/"]}]},{"@type":"ImageObject","inLanguage":"fr-FR","@id":"https:\/\/artoislittoral2.com\/index.php\/tramcourt-yanis\/#primaryimage","url":"https:\/\/artoislittoral2.com\/wp-content\/uploads\/2025\/02\/yanis.jpg","contentUrl":"https:\/\/artoislittoral2.com\/wp-content\/uploads\/2025\/02\/yanis.jpg","width":950,"height":960},{"@type":"BreadcrumbList","@id":"https:\/\/artoislittoral2.com\/index.php\/tramcourt-yanis\/#breadcrumb","itemListElement":[{"@type":"ListItem","position":1,"name":"Accueil","item":"https:\/\/artoislittoral2.com\/"},{"@type":"ListItem","position":2,"name":"TRAMCOURT Yanis"}]},{"@type":"WebSite","@id":"https:\/\/artoislittoral2.com\/#website","url":"https:\/\/artoislittoral2.com\/","name":"ASA Artois Littoral 2","description":"Bienvenue \u00e0 l&#039;ASA Artois Littoral II","publisher":{"@id":"https:\/\/artoislittoral2.com\/#organization"},"potentialAction":[{"@type":"SearchAction","target":{"@type":"EntryPoint","urlTemplate":"https:\/\/artoislittoral2.com\/?s={search_term_string}"},"query-input":{"@type":"PropertyValueSpecification","valueRequired":true,"valueName":"search_term_string"}}],"inLanguage":"fr-FR"},{"@type":"Organization","@id":"https:\/\/artoislittoral2.com\/#organization","name":"ASA Artois Littoral 2","url":"https:\/\/artoislittoral2.com\/","logo":{"@type":"ImageObject","inLanguage":"fr-FR","@id":"https:\/\/artoislittoral2.com\/#\/schema\/logo\/image\/","url":"https:\/\/artoislittoral2.com\/wp-content\/uploads\/2025\/11\/cropped-cropped-bandeau-2025.jpg","contentUrl":"https:\/\/artoislittoral2.com\/wp-content\/uploads\/2025\/11\/cropped-cropped-bandeau-2025.jpg","width":960,"height":365,"caption":"ASA Artois Littoral 2"},"image":{"@id":"https:\/\/artoislittoral2.com\/#\/schema\/logo\/image\/"}}]}},"jetpack_sharing_enabled":true,"_links":{"self":[{"href":"https:\/\/artoislittoral2.com\/index.php\/wp-json\/wp\/v2\/pages\/5251","targetHints":{"allow":["GET"]}}],"collection":[{"href":"https:\/\/artoislittoral2.com\/index.php\/wp-json\/wp\/v2\/pages"}],"about":[{"href":"https:\/\/artoislittoral2.com\/index.php\/wp-json\/wp\/v2\/types\/page"}],"author":[{"embeddable":true,"href":"https:\/\/artoislittoral2.com\/index.php\/wp-json\/wp\/v2\/users\/1"}],"replies":[{"embeddable":true,"href":"https:\/\/artoislittoral2.com\/index.php\/wp-json\/wp\/v2\/comments?post=5251"}],"version-history":[{"count":27,"href":"https:\/\/artoislittoral2.com\/index.php\/wp-json\/wp\/v2\/pages\/5251\/revisions"}],"predecessor-version":[{"id":5916,"href":"https:\/\/artoislittoral2.com\/index.php\/wp-json\/wp\/v2\/pages\/5251\/revisions\/5916"}],"wp:attachment":[{"href":"https:\/\/artoislittoral2.com\/index.php\/wp-json\/wp\/v2\/media?parent=5251"}],"curies":[{"name":"wp","href":"https:\/\/api.w.org\/{rel}","templated":true}]}}