{"id":5317,"date":"2025-02-21T14:48:04","date_gmt":"2025-02-21T13:48:04","guid":{"rendered":"https:\/\/artoislittoral2.com\/?page_id=5317"},"modified":"2025-02-21T15:23:36","modified_gmt":"2025-02-21T14:23:36","slug":"magnier-remi","status":"publish","type":"page","link":"https:\/\/artoislittoral2.com\/index.php\/magnier-remi\/","title":{"rendered":"MAGNIER R\u00e9mi"},"content":{"rendered":"\t\t<div data-elementor-type=\"wp-page\" data-elementor-id=\"5317\" class=\"elementor elementor-5317\">\n\t\t\t\t\t\t<section class=\"elementor-section elementor-top-section elementor-element elementor-element-939a36f elementor-section-boxed elementor-section-height-default elementor-section-height-default\" data-id=\"939a36f\" data-element_type=\"section\" data-e-type=\"section\">\n\t\t\t\t\t\t<div class=\"elementor-container elementor-column-gap-default\">\n\t\t\t\t\t<div class=\"elementor-column elementor-col-100 elementor-top-column elementor-element elementor-element-40fadd0\" data-id=\"40fadd0\" data-element_type=\"column\" data-e-type=\"column\">\n\t\t\t<div class=\"elementor-widget-wrap elementor-element-populated\">\n\t\t\t\t\t\t<div class=\"elementor-element elementor-element-6733629 elementor-widget elementor-widget-text-editor\" data-id=\"6733629\" data-element_type=\"widget\" data-e-type=\"widget\" data-widget_type=\"text-editor.default\">\n\t\t\t\t<div class=\"elementor-widget-container\">\n\t\t\t\t\t\t\t\t\t<p><span style=\"color: #000000;\">Voici ma pr\u00e9sentation :\u00a0<\/span><\/p><p><span style=\"color: #000000;\">Je me pr\u00e9sente, R\u00e9mi j\u2019ai 23 ans, m\u00e9canicien automobile et je me pr\u00e9pare pour ma deuxi\u00e8me saison en rallye \u00e0 bord d\u2019une 206 N2s.\u00a0<\/span><\/p><p><span style=\"color: #000000;\">Pour mes premiers rallyes la saison pass\u00e9e nous avons d\u2019abord fait des rallyes r\u00e9gionaux avec des r\u00e9sultats encourageants pour la suite. Cette saison nous avons pour projet de faire plusieurs rallyes nationaux.\u00a0<\/span><\/p><p dir=\"auto\"><span style=\"color: #000000;\">Bonne saison \u00e0 tous\u00a0<\/span><\/p>\t\t\t\t\t\t\t\t<\/div>\n\t\t\t\t<\/div>\n\t\t\t\t\t<\/div>\n\t\t<\/div>\n\t\t\t\t\t<\/div>\n\t\t<\/section>\n\t\t\t\t<section class=\"elementor-section elementor-top-section elementor-element elementor-element-87eb1f6 elementor-section-boxed elementor-section-height-default elementor-section-height-default\" data-id=\"87eb1f6\" data-element_type=\"section\" data-e-type=\"section\">\n\t\t\t\t\t\t<div class=\"elementor-container elementor-column-gap-default\">\n\t\t\t\t\t<div class=\"elementor-column elementor-col-50 elementor-top-column elementor-element elementor-element-738c1f4\" data-id=\"738c1f4\" data-element_type=\"column\" data-e-type=\"column\">\n\t\t\t<div class=\"elementor-widget-wrap elementor-element-populated\">\n\t\t\t\t\t\t<div class=\"elementor-element elementor-element-8a99ccf elementor-widget elementor-widget-image\" data-id=\"8a99ccf\" data-element_type=\"widget\" data-e-type=\"widget\" data-widget_type=\"image.default\">\n\t\t\t\t<div class=\"elementor-widget-container\">\n\t\t\t\t\t\t\t\t\t\t\t\t\t\t\t<img fetchpriority=\"high\" decoding=\"async\" width=\"576\" height=\"1024\" src=\"https:\/\/artoislittoral2.com\/wp-content\/uploads\/2025\/02\/IMG_6509-576x1024.jpeg\" class=\"attachment-large size-large wp-image-5324\" alt=\"\" srcset=\"https:\/\/artoislittoral2.com\/wp-content\/uploads\/2025\/02\/IMG_6509-576x1024.jpeg 576w, https:\/\/artoislittoral2.com\/wp-content\/uploads\/2025\/02\/IMG_6509-169x300.jpeg 169w, https:\/\/artoislittoral2.com\/wp-content\/uploads\/2025\/02\/IMG_6509-768x1365.jpeg 768w, https:\/\/artoislittoral2.com\/wp-content\/uploads\/2025\/02\/IMG_6509-864x1536.jpeg 864w, https:\/\/artoislittoral2.com\/wp-content\/uploads\/2025\/02\/IMG_6509-300x533.jpeg 300w, https:\/\/artoislittoral2.com\/wp-content\/uploads\/2025\/02\/IMG_6509-850x1511.jpeg 850w, https:\/\/artoislittoral2.com\/wp-content\/uploads\/2025\/02\/IMG_6509.jpeg 1152w\" sizes=\"(max-width: 576px) 100vw, 576px\" \/>\t\t\t\t\t\t\t\t\t\t\t\t\t\t\t<\/div>\n\t\t\t\t<\/div>\n\t\t\t\t\t<\/div>\n\t\t<\/div>\n\t\t\t\t<div class=\"elementor-column elementor-col-50 elementor-top-column elementor-element elementor-element-5a63480\" data-id=\"5a63480\" data-element_type=\"column\" data-e-type=\"column\">\n\t\t\t<div class=\"elementor-widget-wrap elementor-element-populated\">\n\t\t\t\t\t\t<div class=\"elementor-element elementor-element-056d4c0 elementor-widget elementor-widget-image\" data-id=\"056d4c0\" data-element_type=\"widget\" data-e-type=\"widget\" data-widget_type=\"image.default\">\n\t\t\t\t<div class=\"elementor-widget-container\">\n\t\t\t\t\t\t\t\t\t\t\t\t\t\t\t<img decoding=\"async\" width=\"640\" height=\"853\" src=\"https:\/\/artoislittoral2.com\/wp-content\/uploads\/2025\/02\/IMG_7777-768x1024.jpeg\" class=\"attachment-large size-large wp-image-5325\" alt=\"\" srcset=\"https:\/\/artoislittoral2.com\/wp-content\/uploads\/2025\/02\/IMG_7777-768x1024.jpeg 768w, https:\/\/artoislittoral2.com\/wp-content\/uploads\/2025\/02\/IMG_7777-225x300.jpeg 225w, https:\/\/artoislittoral2.com\/wp-content\/uploads\/2025\/02\/IMG_7777-1152x1536.jpeg 1152w, https:\/\/artoislittoral2.com\/wp-content\/uploads\/2025\/02\/IMG_7777-1536x2048.jpeg 1536w, https:\/\/artoislittoral2.com\/wp-content\/uploads\/2025\/02\/IMG_7777-300x400.jpeg 300w, https:\/\/artoislittoral2.com\/wp-content\/uploads\/2025\/02\/IMG_7777-scaled.jpeg 1920w\" sizes=\"(max-width: 640px) 100vw, 640px\" \/>\t\t\t\t\t\t\t\t\t\t\t\t\t\t\t<\/div>\n\t\t\t\t<\/div>\n\t\t\t\t\t<\/div>\n\t\t<\/div>\n\t\t\t\t\t<\/div>\n\t\t<\/section>\n\t\t\t\t<section class=\"elementor-section elementor-top-section elementor-element elementor-element-fb7650a elementor-section-boxed elementor-section-height-default elementor-section-height-default\" data-id=\"fb7650a\" data-element_type=\"section\" data-e-type=\"section\">\n\t\t\t\t\t\t<div class=\"elementor-container elementor-column-gap-default\">\n\t\t\t\t\t<div class=\"elementor-column elementor-col-100 elementor-top-column elementor-element elementor-element-4f2b0a2\" data-id=\"4f2b0a2\" data-element_type=\"column\" data-e-type=\"column\">\n\t\t\t<div class=\"elementor-widget-wrap elementor-element-populated\">\n\t\t\t\t\t\t<div class=\"elementor-element elementor-element-389e2c4 elementor-widget elementor-widget-image\" data-id=\"389e2c4\" data-element_type=\"widget\" data-e-type=\"widget\" data-widget_type=\"image.default\">\n\t\t\t\t<div class=\"elementor-widget-container\">\n\t\t\t\t\t\t\t\t\t\t\t\t\t\t\t<img decoding=\"async\" width=\"640\" height=\"427\" src=\"https:\/\/artoislittoral2.com\/wp-content\/uploads\/2025\/02\/IMG_7833-scaled.jpeg\" class=\"attachment-large size-large wp-image-5326\" alt=\"\" srcset=\"https:\/\/artoislittoral2.com\/wp-content\/uploads\/2025\/02\/IMG_7833-scaled.jpeg 2560w, https:\/\/artoislittoral2.com\/wp-content\/uploads\/2025\/02\/IMG_7833-300x200.jpeg 300w\" sizes=\"(max-width: 640px) 100vw, 640px\" \/>\t\t\t\t\t\t\t\t\t\t\t\t\t\t\t<\/div>\n\t\t\t\t<\/div>\n\t\t\t\t\t<\/div>\n\t\t<\/div>\n\t\t\t\t\t<\/div>\n\t\t<\/section>\n\t\t\t\t<\/div>\n\t\t","protected":false},"excerpt":{"rendered":"<p>Voici ma pr\u00e9sentation :\u00a0 Je me pr\u00e9sente, R\u00e9mi j\u2019ai 23 ans, m\u00e9canicien automobile et je me pr\u00e9pare pour ma deuxi\u00e8me saison en rallye \u00e0 bord d\u2019une 206 N2s.\u00a0 Pour mes premiers rallyes la saison pass\u00e9e nous avons d\u2019abord fait des rallyes r\u00e9gionaux avec des r\u00e9sultats encourageants pour la suite. Cette saison nous avons pour projet&#8230;<\/p>\n","protected":false},"author":1,"featured_media":0,"parent":0,"menu_order":0,"comment_status":"closed","ping_status":"closed","template":"","meta":{"footnotes":""},"class_list":["post-5317","page","type-page","status-publish","hentry"],"yoast_head":"<!-- This site is optimized with the Yoast SEO plugin v27.3 - https:\/\/yoast.com\/product\/yoast-seo-wordpress\/ -->\n<title>MAGNIER R\u00e9mi - ASA Artois Littoral 2<\/title>\n<meta name=\"robots\" content=\"index, follow, max-snippet:-1, max-image-preview:large, max-video-preview:-1\" \/>\n<link rel=\"canonical\" href=\"https:\/\/artoislittoral2.com\/index.php\/magnier-remi\/\" \/>\n<meta property=\"og:locale\" content=\"fr_FR\" \/>\n<meta property=\"og:type\" content=\"article\" \/>\n<meta property=\"og:title\" content=\"MAGNIER R\u00e9mi - ASA Artois Littoral 2\" \/>\n<meta property=\"og:description\" content=\"Voici ma pr\u00e9sentation :\u00a0 Je me pr\u00e9sente, R\u00e9mi j\u2019ai 23 ans, m\u00e9canicien automobile et je me pr\u00e9pare pour ma deuxi\u00e8me saison en rallye \u00e0 bord d\u2019une 206 N2s.\u00a0 Pour mes premiers rallyes la saison pass\u00e9e nous avons d\u2019abord fait des rallyes r\u00e9gionaux avec des r\u00e9sultats encourageants pour la suite. Cette saison nous avons pour projet...\" \/>\n<meta property=\"og:url\" content=\"https:\/\/artoislittoral2.com\/index.php\/magnier-remi\/\" \/>\n<meta property=\"og:site_name\" content=\"ASA Artois Littoral 2\" \/>\n<meta property=\"article:modified_time\" content=\"2025-02-21T14:23:36+00:00\" \/>\n<meta property=\"og:image\" content=\"https:\/\/artoislittoral2.com\/wp-content\/uploads\/2025\/02\/IMG_6509.jpeg\" \/>\n\t<meta property=\"og:image:width\" content=\"1152\" \/>\n\t<meta property=\"og:image:height\" content=\"2048\" \/>\n\t<meta property=\"og:image:type\" content=\"image\/jpeg\" \/>\n<meta name=\"twitter:card\" content=\"summary_large_image\" \/>\n<meta name=\"twitter:label1\" content=\"Dur\u00e9e de lecture estim\u00e9e\" \/>\n\t<meta name=\"twitter:data1\" content=\"1 minute\" \/>\n<script type=\"application\/ld+json\" class=\"yoast-schema-graph\">{\"@context\":\"https:\\\/\\\/schema.org\",\"@graph\":[{\"@type\":\"WebPage\",\"@id\":\"https:\\\/\\\/artoislittoral2.com\\\/index.php\\\/magnier-remi\\\/\",\"url\":\"https:\\\/\\\/artoislittoral2.com\\\/index.php\\\/magnier-remi\\\/\",\"name\":\"MAGNIER R\u00e9mi - ASA Artois Littoral 2\",\"isPartOf\":{\"@id\":\"https:\\\/\\\/artoislittoral2.com\\\/#website\"},\"primaryImageOfPage\":{\"@id\":\"https:\\\/\\\/artoislittoral2.com\\\/index.php\\\/magnier-remi\\\/#primaryimage\"},\"image\":{\"@id\":\"https:\\\/\\\/artoislittoral2.com\\\/index.php\\\/magnier-remi\\\/#primaryimage\"},\"thumbnailUrl\":\"https:\\\/\\\/artoislittoral2.com\\\/wp-content\\\/uploads\\\/2025\\\/02\\\/IMG_6509-576x1024.jpeg\",\"datePublished\":\"2025-02-21T13:48:04+00:00\",\"dateModified\":\"2025-02-21T14:23:36+00:00\",\"breadcrumb\":{\"@id\":\"https:\\\/\\\/artoislittoral2.com\\\/index.php\\\/magnier-remi\\\/#breadcrumb\"},\"inLanguage\":\"fr-FR\",\"potentialAction\":[{\"@type\":\"ReadAction\",\"target\":[\"https:\\\/\\\/artoislittoral2.com\\\/index.php\\\/magnier-remi\\\/\"]}]},{\"@type\":\"ImageObject\",\"inLanguage\":\"fr-FR\",\"@id\":\"https:\\\/\\\/artoislittoral2.com\\\/index.php\\\/magnier-remi\\\/#primaryimage\",\"url\":\"https:\\\/\\\/artoislittoral2.com\\\/wp-content\\\/uploads\\\/2025\\\/02\\\/IMG_6509.jpeg\",\"contentUrl\":\"https:\\\/\\\/artoislittoral2.com\\\/wp-content\\\/uploads\\\/2025\\\/02\\\/IMG_6509.jpeg\",\"width\":1152,\"height\":2048},{\"@type\":\"BreadcrumbList\",\"@id\":\"https:\\\/\\\/artoislittoral2.com\\\/index.php\\\/magnier-remi\\\/#breadcrumb\",\"itemListElement\":[{\"@type\":\"ListItem\",\"position\":1,\"name\":\"Accueil\",\"item\":\"https:\\\/\\\/artoislittoral2.com\\\/\"},{\"@type\":\"ListItem\",\"position\":2,\"name\":\"MAGNIER R\u00e9mi\"}]},{\"@type\":\"WebSite\",\"@id\":\"https:\\\/\\\/artoislittoral2.com\\\/#website\",\"url\":\"https:\\\/\\\/artoislittoral2.com\\\/\",\"name\":\"ASA Artois Littoral 2\",\"description\":\"Bienvenue \u00e0 l&#039;ASA Artois Littoral II\",\"publisher\":{\"@id\":\"https:\\\/\\\/artoislittoral2.com\\\/#organization\"},\"potentialAction\":[{\"@type\":\"SearchAction\",\"target\":{\"@type\":\"EntryPoint\",\"urlTemplate\":\"https:\\\/\\\/artoislittoral2.com\\\/?s={search_term_string}\"},\"query-input\":{\"@type\":\"PropertyValueSpecification\",\"valueRequired\":true,\"valueName\":\"search_term_string\"}}],\"inLanguage\":\"fr-FR\"},{\"@type\":\"Organization\",\"@id\":\"https:\\\/\\\/artoislittoral2.com\\\/#organization\",\"name\":\"ASA Artois Littoral 2\",\"url\":\"https:\\\/\\\/artoislittoral2.com\\\/\",\"logo\":{\"@type\":\"ImageObject\",\"inLanguage\":\"fr-FR\",\"@id\":\"https:\\\/\\\/artoislittoral2.com\\\/#\\\/schema\\\/logo\\\/image\\\/\",\"url\":\"https:\\\/\\\/artoislittoral2.com\\\/wp-content\\\/uploads\\\/2025\\\/11\\\/cropped-cropped-bandeau-2025.jpg\",\"contentUrl\":\"https:\\\/\\\/artoislittoral2.com\\\/wp-content\\\/uploads\\\/2025\\\/11\\\/cropped-cropped-bandeau-2025.jpg\",\"width\":960,\"height\":365,\"caption\":\"ASA Artois Littoral 2\"},\"image\":{\"@id\":\"https:\\\/\\\/artoislittoral2.com\\\/#\\\/schema\\\/logo\\\/image\\\/\"}}]}<\/script>\n<!-- \/ Yoast SEO plugin. -->","yoast_head_json":{"title":"MAGNIER R\u00e9mi - ASA Artois Littoral 2","robots":{"index":"index","follow":"follow","max-snippet":"max-snippet:-1","max-image-preview":"max-image-preview:large","max-video-preview":"max-video-preview:-1"},"canonical":"https:\/\/artoislittoral2.com\/index.php\/magnier-remi\/","og_locale":"fr_FR","og_type":"article","og_title":"MAGNIER R\u00e9mi - ASA Artois Littoral 2","og_description":"Voici ma pr\u00e9sentation :\u00a0 Je me pr\u00e9sente, R\u00e9mi j\u2019ai 23 ans, m\u00e9canicien automobile et je me pr\u00e9pare pour ma deuxi\u00e8me saison en rallye \u00e0 bord d\u2019une 206 N2s.\u00a0 Pour mes premiers rallyes la saison pass\u00e9e nous avons d\u2019abord fait des rallyes r\u00e9gionaux avec des r\u00e9sultats encourageants pour la suite. Cette saison nous avons pour projet...","og_url":"https:\/\/artoislittoral2.com\/index.php\/magnier-remi\/","og_site_name":"ASA Artois Littoral 2","article_modified_time":"2025-02-21T14:23:36+00:00","og_image":[{"width":1152,"height":2048,"url":"https:\/\/artoislittoral2.com\/wp-content\/uploads\/2025\/02\/IMG_6509.jpeg","type":"image\/jpeg"}],"twitter_card":"summary_large_image","twitter_misc":{"Dur\u00e9e de lecture estim\u00e9e":"1 minute"},"schema":{"@context":"https:\/\/schema.org","@graph":[{"@type":"WebPage","@id":"https:\/\/artoislittoral2.com\/index.php\/magnier-remi\/","url":"https:\/\/artoislittoral2.com\/index.php\/magnier-remi\/","name":"MAGNIER R\u00e9mi - ASA Artois Littoral 2","isPartOf":{"@id":"https:\/\/artoislittoral2.com\/#website"},"primaryImageOfPage":{"@id":"https:\/\/artoislittoral2.com\/index.php\/magnier-remi\/#primaryimage"},"image":{"@id":"https:\/\/artoislittoral2.com\/index.php\/magnier-remi\/#primaryimage"},"thumbnailUrl":"https:\/\/artoislittoral2.com\/wp-content\/uploads\/2025\/02\/IMG_6509-576x1024.jpeg","datePublished":"2025-02-21T13:48:04+00:00","dateModified":"2025-02-21T14:23:36+00:00","breadcrumb":{"@id":"https:\/\/artoislittoral2.com\/index.php\/magnier-remi\/#breadcrumb"},"inLanguage":"fr-FR","potentialAction":[{"@type":"ReadAction","target":["https:\/\/artoislittoral2.com\/index.php\/magnier-remi\/"]}]},{"@type":"ImageObject","inLanguage":"fr-FR","@id":"https:\/\/artoislittoral2.com\/index.php\/magnier-remi\/#primaryimage","url":"https:\/\/artoislittoral2.com\/wp-content\/uploads\/2025\/02\/IMG_6509.jpeg","contentUrl":"https:\/\/artoislittoral2.com\/wp-content\/uploads\/2025\/02\/IMG_6509.jpeg","width":1152,"height":2048},{"@type":"BreadcrumbList","@id":"https:\/\/artoislittoral2.com\/index.php\/magnier-remi\/#breadcrumb","itemListElement":[{"@type":"ListItem","position":1,"name":"Accueil","item":"https:\/\/artoislittoral2.com\/"},{"@type":"ListItem","position":2,"name":"MAGNIER R\u00e9mi"}]},{"@type":"WebSite","@id":"https:\/\/artoislittoral2.com\/#website","url":"https:\/\/artoislittoral2.com\/","name":"ASA Artois Littoral 2","description":"Bienvenue \u00e0 l&#039;ASA Artois Littoral II","publisher":{"@id":"https:\/\/artoislittoral2.com\/#organization"},"potentialAction":[{"@type":"SearchAction","target":{"@type":"EntryPoint","urlTemplate":"https:\/\/artoislittoral2.com\/?s={search_term_string}"},"query-input":{"@type":"PropertyValueSpecification","valueRequired":true,"valueName":"search_term_string"}}],"inLanguage":"fr-FR"},{"@type":"Organization","@id":"https:\/\/artoislittoral2.com\/#organization","name":"ASA Artois Littoral 2","url":"https:\/\/artoislittoral2.com\/","logo":{"@type":"ImageObject","inLanguage":"fr-FR","@id":"https:\/\/artoislittoral2.com\/#\/schema\/logo\/image\/","url":"https:\/\/artoislittoral2.com\/wp-content\/uploads\/2025\/11\/cropped-cropped-bandeau-2025.jpg","contentUrl":"https:\/\/artoislittoral2.com\/wp-content\/uploads\/2025\/11\/cropped-cropped-bandeau-2025.jpg","width":960,"height":365,"caption":"ASA Artois Littoral 2"},"image":{"@id":"https:\/\/artoislittoral2.com\/#\/schema\/logo\/image\/"}}]}},"jetpack_sharing_enabled":true,"_links":{"self":[{"href":"https:\/\/artoislittoral2.com\/index.php\/wp-json\/wp\/v2\/pages\/5317","targetHints":{"allow":["GET"]}}],"collection":[{"href":"https:\/\/artoislittoral2.com\/index.php\/wp-json\/wp\/v2\/pages"}],"about":[{"href":"https:\/\/artoislittoral2.com\/index.php\/wp-json\/wp\/v2\/types\/page"}],"author":[{"embeddable":true,"href":"https:\/\/artoislittoral2.com\/index.php\/wp-json\/wp\/v2\/users\/1"}],"replies":[{"embeddable":true,"href":"https:\/\/artoislittoral2.com\/index.php\/wp-json\/wp\/v2\/comments?post=5317"}],"version-history":[{"count":12,"href":"https:\/\/artoislittoral2.com\/index.php\/wp-json\/wp\/v2\/pages\/5317\/revisions"}],"predecessor-version":[{"id":5337,"href":"https:\/\/artoislittoral2.com\/index.php\/wp-json\/wp\/v2\/pages\/5317\/revisions\/5337"}],"wp:attachment":[{"href":"https:\/\/artoislittoral2.com\/index.php\/wp-json\/wp\/v2\/media?parent=5317"}],"curies":[{"name":"wp","href":"https:\/\/api.w.org\/{rel}","templated":true}]}}