{"id":5947,"date":"2025-02-24T20:05:38","date_gmt":"2025-02-24T19:05:38","guid":{"rendered":"https:\/\/artoislittoral2.com\/?page_id=5947"},"modified":"2025-02-24T21:08:23","modified_gmt":"2025-02-24T20:08:23","slug":"gerard-olivia","status":"publish","type":"page","link":"https:\/\/artoislittoral2.com\/index.php\/gerard-olivia\/","title":{"rendered":"GERARD Olivia"},"content":{"rendered":"\t\t<div data-elementor-type=\"wp-page\" data-elementor-id=\"5947\" class=\"elementor elementor-5947\">\n\t\t\t\t\t\t<section class=\"elementor-section elementor-top-section elementor-element elementor-element-f14dc1e elementor-section-boxed elementor-section-height-default elementor-section-height-default\" data-id=\"f14dc1e\" data-element_type=\"section\" data-e-type=\"section\">\n\t\t\t\t\t\t<div class=\"elementor-container elementor-column-gap-default\">\n\t\t\t\t\t<div class=\"elementor-column elementor-col-100 elementor-top-column elementor-element elementor-element-cd27e6e\" data-id=\"cd27e6e\" data-element_type=\"column\" data-e-type=\"column\">\n\t\t\t<div class=\"elementor-widget-wrap elementor-element-populated\">\n\t\t\t\t\t\t<div class=\"elementor-element elementor-element-6b107f7 elementor-widget elementor-widget-text-editor\" data-id=\"6b107f7\" data-element_type=\"widget\" data-e-type=\"widget\" data-widget_type=\"text-editor.default\">\n\t\t\t\t<div class=\"elementor-widget-container\">\n\t\t\t\t\t\t\t\t\t<p><span style=\"color: #000000;\"><img fetchpriority=\"high\" decoding=\"async\" class=\"size-medium wp-image-5969 alignleft\" src=\"https:\/\/artoislittoral2.com\/wp-content\/uploads\/2025\/02\/portrait-ilovia-gerad-241x300.jpeg\" alt=\"\" width=\"241\" height=\"300\" srcset=\"https:\/\/artoislittoral2.com\/wp-content\/uploads\/2025\/02\/portrait-ilovia-gerad-241x300.jpeg 241w, https:\/\/artoislittoral2.com\/wp-content\/uploads\/2025\/02\/portrait-ilovia-gerad-823x1024.jpeg 823w, https:\/\/artoislittoral2.com\/wp-content\/uploads\/2025\/02\/portrait-ilovia-gerad-768x956.jpeg 768w, https:\/\/artoislittoral2.com\/wp-content\/uploads\/2025\/02\/portrait-ilovia-gerad-300x373.jpeg 300w, https:\/\/artoislittoral2.com\/wp-content\/uploads\/2025\/02\/portrait-ilovia-gerad-850x1058.jpeg 850w, https:\/\/artoislittoral2.com\/wp-content\/uploads\/2025\/02\/portrait-ilovia-gerad.jpeg 1196w\" sizes=\"(max-width: 241px) 100vw, 241px\" \/>Je suis au lyc\u00e9e, en terminale. Je vais donc passer le bac cette ann\u00e9e.<\/span><\/p><p><span style=\"color: #0000ff;\">Pourquoi le sport auto ?<\/span><\/p><p><span style=\"color: #000000;\">On peut dire merci \u00e0 papa pour m&rsquo;avoir transmis cette passion \u00e0 moi et mon fr\u00e8re ! <\/span><br \/><span style=\"color: #000000;\">Quand j\u2019\u00e9tais petite, j\u2019entendais mon p\u00e8re et mon fr\u00e8re aller au rallye et je leur disais toujours \u00ab oh c\u2019est nul \u00bb mais maintenant je dis plut\u00f4t \u00ab allez debout on va au rallye !! \u00bb<\/span><\/p><p><span style=\"color: #0000ff;\">Quelles sont tes plus belles exp\u00e9riences et r\u00e9ussites ? Sur quelle \u00e9preuve ?<\/span><\/p><p><span style=\"color: #000000;\">C\u2019est ma premi\u00e8re ann\u00e9e en tant que copilote avec mon fr\u00e8re en Saxo VTS en N2 !<\/span><\/p><p><span style=\"color: #0000ff;\">Quels sont tes objectifs<\/span><\/p><p><span style=\"color: #000000;\">L\u2019objectif est de s\u2019amuser un maximum et de finir les rallyes !<\/span><\/p>\t\t\t\t\t\t\t\t<\/div>\n\t\t\t\t<\/div>\n\t\t\t\t\t<\/div>\n\t\t<\/div>\n\t\t\t\t\t<\/div>\n\t\t<\/section>\n\t\t\t\t<section class=\"elementor-section elementor-top-section elementor-element elementor-element-c3f20a5 elementor-section-boxed elementor-section-height-default elementor-section-height-default\" data-id=\"c3f20a5\" data-element_type=\"section\" data-e-type=\"section\">\n\t\t\t\t\t\t<div class=\"elementor-container elementor-column-gap-default\">\n\t\t\t\t\t<div class=\"elementor-column elementor-col-50 elementor-top-column elementor-element elementor-element-768fddb\" data-id=\"768fddb\" data-element_type=\"column\" data-e-type=\"column\">\n\t\t\t<div class=\"elementor-widget-wrap elementor-element-populated\">\n\t\t\t\t\t\t<div class=\"elementor-element elementor-element-439d52b elementor-widget elementor-widget-image\" data-id=\"439d52b\" data-element_type=\"widget\" data-e-type=\"widget\" data-widget_type=\"image.default\">\n\t\t\t\t<div class=\"elementor-widget-container\">\n\t\t\t\t\t\t\t\t\t\t\t\t\t\t\t<img decoding=\"async\" width=\"640\" height=\"747\" src=\"https:\/\/artoislittoral2.com\/wp-content\/uploads\/2025\/02\/IMG_7361-Olivia-Grd-877x1024.jpeg\" class=\"attachment-large size-large wp-image-5962\" alt=\"\" srcset=\"https:\/\/artoislittoral2.com\/wp-content\/uploads\/2025\/02\/IMG_7361-Olivia-Grd-877x1024.jpeg 877w, https:\/\/artoislittoral2.com\/wp-content\/uploads\/2025\/02\/IMG_7361-Olivia-Grd-257x300.jpeg 257w, https:\/\/artoislittoral2.com\/wp-content\/uploads\/2025\/02\/IMG_7361-Olivia-Grd-768x897.jpeg 768w, https:\/\/artoislittoral2.com\/wp-content\/uploads\/2025\/02\/IMG_7361-Olivia-Grd-300x350.jpeg 300w, https:\/\/artoislittoral2.com\/wp-content\/uploads\/2025\/02\/IMG_7361-Olivia-Grd-850x993.jpeg 850w, https:\/\/artoislittoral2.com\/wp-content\/uploads\/2025\/02\/IMG_7361-Olivia-Grd.jpeg 994w\" sizes=\"(max-width: 640px) 100vw, 640px\" \/>\t\t\t\t\t\t\t\t\t\t\t\t\t\t\t<\/div>\n\t\t\t\t<\/div>\n\t\t\t\t<div class=\"elementor-element elementor-element-1805c8d elementor-widget elementor-widget-image\" data-id=\"1805c8d\" data-element_type=\"widget\" data-e-type=\"widget\" data-widget_type=\"image.default\">\n\t\t\t\t<div class=\"elementor-widget-container\">\n\t\t\t\t\t\t\t\t\t\t\t\t\t\t\t<img decoding=\"async\" width=\"640\" height=\"640\" src=\"https:\/\/artoislittoral2.com\/wp-content\/uploads\/2025\/02\/IMG_6587-Olivia-Grd-1024x1024.jpeg\" class=\"attachment-large size-large wp-image-5961\" alt=\"\" srcset=\"https:\/\/artoislittoral2.com\/wp-content\/uploads\/2025\/02\/IMG_6587-Olivia-Grd-1024x1024.jpeg 1024w, https:\/\/artoislittoral2.com\/wp-content\/uploads\/2025\/02\/IMG_6587-Olivia-Grd-300x300.jpeg 300w, https:\/\/artoislittoral2.com\/wp-content\/uploads\/2025\/02\/IMG_6587-Olivia-Grd-150x150.jpeg 150w, https:\/\/artoislittoral2.com\/wp-content\/uploads\/2025\/02\/IMG_6587-Olivia-Grd-768x768.jpeg 768w, https:\/\/artoislittoral2.com\/wp-content\/uploads\/2025\/02\/IMG_6587-Olivia-Grd-1536x1536.jpeg 1536w, https:\/\/artoislittoral2.com\/wp-content\/uploads\/2025\/02\/IMG_6587-Olivia-Grd-2048x2048.jpeg 2048w, https:\/\/artoislittoral2.com\/wp-content\/uploads\/2025\/02\/IMG_6587-Olivia-Grd-850x850.jpeg 850w\" sizes=\"(max-width: 640px) 100vw, 640px\" \/>\t\t\t\t\t\t\t\t\t\t\t\t\t\t\t<\/div>\n\t\t\t\t<\/div>\n\t\t\t\t\t<\/div>\n\t\t<\/div>\n\t\t\t\t<div class=\"elementor-column elementor-col-50 elementor-top-column elementor-element elementor-element-1fbbf7d\" data-id=\"1fbbf7d\" data-element_type=\"column\" data-e-type=\"column\">\n\t\t\t<div class=\"elementor-widget-wrap elementor-element-populated\">\n\t\t\t\t\t\t<div class=\"elementor-element elementor-element-b42745e elementor-widget elementor-widget-image\" data-id=\"b42745e\" data-element_type=\"widget\" data-e-type=\"widget\" data-widget_type=\"image.default\">\n\t\t\t\t<div class=\"elementor-widget-container\">\n\t\t\t\t\t\t\t\t\t\t\t\t\t\t\t<img loading=\"lazy\" decoding=\"async\" width=\"559\" height=\"1024\" src=\"https:\/\/artoislittoral2.com\/wp-content\/uploads\/2025\/02\/IMG_2621-Olivia-Grd-559x1024.jpeg\" class=\"attachment-large size-large wp-image-5960\" alt=\"\" srcset=\"https:\/\/artoislittoral2.com\/wp-content\/uploads\/2025\/02\/IMG_2621-Olivia-Grd-559x1024.jpeg 559w, https:\/\/artoislittoral2.com\/wp-content\/uploads\/2025\/02\/IMG_2621-Olivia-Grd-164x300.jpeg 164w, https:\/\/artoislittoral2.com\/wp-content\/uploads\/2025\/02\/IMG_2621-Olivia-Grd-768x1406.jpeg 768w, https:\/\/artoislittoral2.com\/wp-content\/uploads\/2025\/02\/IMG_2621-Olivia-Grd-839x1536.jpeg 839w, https:\/\/artoislittoral2.com\/wp-content\/uploads\/2025\/02\/IMG_2621-Olivia-Grd-1119x2048.jpeg 1119w, https:\/\/artoislittoral2.com\/wp-content\/uploads\/2025\/02\/IMG_2621-Olivia-Grd-300x549.jpeg 300w, https:\/\/artoislittoral2.com\/wp-content\/uploads\/2025\/02\/IMG_2621-Olivia-Grd-850x1556.jpeg 850w, https:\/\/artoislittoral2.com\/wp-content\/uploads\/2025\/02\/IMG_2621-Olivia-Grd.jpeg 1206w\" sizes=\"(max-width: 559px) 100vw, 559px\" \/>\t\t\t\t\t\t\t\t\t\t\t\t\t\t\t<\/div>\n\t\t\t\t<\/div>\n\t\t\t\t\t<\/div>\n\t\t<\/div>\n\t\t\t\t\t<\/div>\n\t\t<\/section>\n\t\t\t\t<\/div>\n\t\t","protected":false},"excerpt":{"rendered":"<p>Je suis au lyc\u00e9e, en terminale. Je vais donc passer le bac cette ann\u00e9e. Pourquoi le sport auto ? On peut dire merci \u00e0 papa pour m&rsquo;avoir transmis cette passion \u00e0 moi et mon fr\u00e8re ! Quand j\u2019\u00e9tais petite, j\u2019entendais mon p\u00e8re et mon fr\u00e8re aller au rallye et je leur disais toujours \u00ab oh&#8230;<\/p>\n","protected":false},"author":1,"featured_media":0,"parent":0,"menu_order":0,"comment_status":"closed","ping_status":"closed","template":"","meta":{"footnotes":""},"class_list":["post-5947","page","type-page","status-publish","hentry"],"yoast_head":"<!-- This site is optimized with the Yoast SEO plugin v27.3 - https:\/\/yoast.com\/product\/yoast-seo-wordpress\/ -->\n<title>GERARD Olivia - ASA Artois Littoral 2<\/title>\n<meta name=\"robots\" content=\"index, follow, max-snippet:-1, max-image-preview:large, max-video-preview:-1\" \/>\n<link rel=\"canonical\" href=\"https:\/\/artoislittoral2.com\/index.php\/gerard-olivia\/\" \/>\n<meta property=\"og:locale\" content=\"fr_FR\" \/>\n<meta property=\"og:type\" content=\"article\" \/>\n<meta property=\"og:title\" content=\"GERARD Olivia - ASA Artois Littoral 2\" \/>\n<meta property=\"og:description\" content=\"Je suis au lyc\u00e9e, en terminale. Je vais donc passer le bac cette ann\u00e9e. Pourquoi le sport auto ? On peut dire merci \u00e0 papa pour m&rsquo;avoir transmis cette passion \u00e0 moi et mon fr\u00e8re ! Quand j\u2019\u00e9tais petite, j\u2019entendais mon p\u00e8re et mon fr\u00e8re aller au rallye et je leur disais toujours \u00ab oh...\" \/>\n<meta property=\"og:url\" content=\"https:\/\/artoislittoral2.com\/index.php\/gerard-olivia\/\" \/>\n<meta property=\"og:site_name\" content=\"ASA Artois Littoral 2\" \/>\n<meta property=\"article:modified_time\" content=\"2025-02-24T20:08:23+00:00\" \/>\n<meta property=\"og:image\" content=\"https:\/\/artoislittoral2.com\/wp-content\/uploads\/2025\/02\/portrait-ilovia-gerad.jpeg\" \/>\n\t<meta property=\"og:image:width\" content=\"1196\" \/>\n\t<meta property=\"og:image:height\" content=\"1489\" \/>\n\t<meta property=\"og:image:type\" content=\"image\/jpeg\" \/>\n<meta name=\"twitter:card\" content=\"summary_large_image\" \/>\n<meta name=\"twitter:label1\" content=\"Dur\u00e9e de lecture estim\u00e9e\" \/>\n\t<meta name=\"twitter:data1\" content=\"2 minutes\" \/>\n<script type=\"application\/ld+json\" class=\"yoast-schema-graph\">{\"@context\":\"https:\\\/\\\/schema.org\",\"@graph\":[{\"@type\":\"WebPage\",\"@id\":\"https:\\\/\\\/artoislittoral2.com\\\/index.php\\\/gerard-olivia\\\/\",\"url\":\"https:\\\/\\\/artoislittoral2.com\\\/index.php\\\/gerard-olivia\\\/\",\"name\":\"GERARD Olivia - ASA Artois Littoral 2\",\"isPartOf\":{\"@id\":\"https:\\\/\\\/artoislittoral2.com\\\/#website\"},\"primaryImageOfPage\":{\"@id\":\"https:\\\/\\\/artoislittoral2.com\\\/index.php\\\/gerard-olivia\\\/#primaryimage\"},\"image\":{\"@id\":\"https:\\\/\\\/artoislittoral2.com\\\/index.php\\\/gerard-olivia\\\/#primaryimage\"},\"thumbnailUrl\":\"https:\\\/\\\/artoislittoral2.com\\\/wp-content\\\/uploads\\\/2025\\\/02\\\/portrait-ilovia-gerad-241x300.jpeg\",\"datePublished\":\"2025-02-24T19:05:38+00:00\",\"dateModified\":\"2025-02-24T20:08:23+00:00\",\"breadcrumb\":{\"@id\":\"https:\\\/\\\/artoislittoral2.com\\\/index.php\\\/gerard-olivia\\\/#breadcrumb\"},\"inLanguage\":\"fr-FR\",\"potentialAction\":[{\"@type\":\"ReadAction\",\"target\":[\"https:\\\/\\\/artoislittoral2.com\\\/index.php\\\/gerard-olivia\\\/\"]}]},{\"@type\":\"ImageObject\",\"inLanguage\":\"fr-FR\",\"@id\":\"https:\\\/\\\/artoislittoral2.com\\\/index.php\\\/gerard-olivia\\\/#primaryimage\",\"url\":\"https:\\\/\\\/artoislittoral2.com\\\/wp-content\\\/uploads\\\/2025\\\/02\\\/portrait-ilovia-gerad.jpeg\",\"contentUrl\":\"https:\\\/\\\/artoislittoral2.com\\\/wp-content\\\/uploads\\\/2025\\\/02\\\/portrait-ilovia-gerad.jpeg\",\"width\":1196,\"height\":1489},{\"@type\":\"BreadcrumbList\",\"@id\":\"https:\\\/\\\/artoislittoral2.com\\\/index.php\\\/gerard-olivia\\\/#breadcrumb\",\"itemListElement\":[{\"@type\":\"ListItem\",\"position\":1,\"name\":\"Accueil\",\"item\":\"https:\\\/\\\/artoislittoral2.com\\\/\"},{\"@type\":\"ListItem\",\"position\":2,\"name\":\"GERARD Olivia\"}]},{\"@type\":\"WebSite\",\"@id\":\"https:\\\/\\\/artoislittoral2.com\\\/#website\",\"url\":\"https:\\\/\\\/artoislittoral2.com\\\/\",\"name\":\"ASA Artois Littoral 2\",\"description\":\"Bienvenue \u00e0 l&#039;ASA Artois Littoral II\",\"publisher\":{\"@id\":\"https:\\\/\\\/artoislittoral2.com\\\/#organization\"},\"potentialAction\":[{\"@type\":\"SearchAction\",\"target\":{\"@type\":\"EntryPoint\",\"urlTemplate\":\"https:\\\/\\\/artoislittoral2.com\\\/?s={search_term_string}\"},\"query-input\":{\"@type\":\"PropertyValueSpecification\",\"valueRequired\":true,\"valueName\":\"search_term_string\"}}],\"inLanguage\":\"fr-FR\"},{\"@type\":\"Organization\",\"@id\":\"https:\\\/\\\/artoislittoral2.com\\\/#organization\",\"name\":\"ASA Artois Littoral 2\",\"url\":\"https:\\\/\\\/artoislittoral2.com\\\/\",\"logo\":{\"@type\":\"ImageObject\",\"inLanguage\":\"fr-FR\",\"@id\":\"https:\\\/\\\/artoislittoral2.com\\\/#\\\/schema\\\/logo\\\/image\\\/\",\"url\":\"https:\\\/\\\/artoislittoral2.com\\\/wp-content\\\/uploads\\\/2025\\\/11\\\/cropped-cropped-bandeau-2025.jpg\",\"contentUrl\":\"https:\\\/\\\/artoislittoral2.com\\\/wp-content\\\/uploads\\\/2025\\\/11\\\/cropped-cropped-bandeau-2025.jpg\",\"width\":960,\"height\":365,\"caption\":\"ASA Artois Littoral 2\"},\"image\":{\"@id\":\"https:\\\/\\\/artoislittoral2.com\\\/#\\\/schema\\\/logo\\\/image\\\/\"}}]}<\/script>\n<!-- \/ Yoast SEO plugin. -->","yoast_head_json":{"title":"GERARD Olivia - ASA Artois Littoral 2","robots":{"index":"index","follow":"follow","max-snippet":"max-snippet:-1","max-image-preview":"max-image-preview:large","max-video-preview":"max-video-preview:-1"},"canonical":"https:\/\/artoislittoral2.com\/index.php\/gerard-olivia\/","og_locale":"fr_FR","og_type":"article","og_title":"GERARD Olivia - ASA Artois Littoral 2","og_description":"Je suis au lyc\u00e9e, en terminale. Je vais donc passer le bac cette ann\u00e9e. Pourquoi le sport auto ? On peut dire merci \u00e0 papa pour m&rsquo;avoir transmis cette passion \u00e0 moi et mon fr\u00e8re ! Quand j\u2019\u00e9tais petite, j\u2019entendais mon p\u00e8re et mon fr\u00e8re aller au rallye et je leur disais toujours \u00ab oh...","og_url":"https:\/\/artoislittoral2.com\/index.php\/gerard-olivia\/","og_site_name":"ASA Artois Littoral 2","article_modified_time":"2025-02-24T20:08:23+00:00","og_image":[{"width":1196,"height":1489,"url":"https:\/\/artoislittoral2.com\/wp-content\/uploads\/2025\/02\/portrait-ilovia-gerad.jpeg","type":"image\/jpeg"}],"twitter_card":"summary_large_image","twitter_misc":{"Dur\u00e9e de lecture estim\u00e9e":"2 minutes"},"schema":{"@context":"https:\/\/schema.org","@graph":[{"@type":"WebPage","@id":"https:\/\/artoislittoral2.com\/index.php\/gerard-olivia\/","url":"https:\/\/artoislittoral2.com\/index.php\/gerard-olivia\/","name":"GERARD Olivia - ASA Artois Littoral 2","isPartOf":{"@id":"https:\/\/artoislittoral2.com\/#website"},"primaryImageOfPage":{"@id":"https:\/\/artoislittoral2.com\/index.php\/gerard-olivia\/#primaryimage"},"image":{"@id":"https:\/\/artoislittoral2.com\/index.php\/gerard-olivia\/#primaryimage"},"thumbnailUrl":"https:\/\/artoislittoral2.com\/wp-content\/uploads\/2025\/02\/portrait-ilovia-gerad-241x300.jpeg","datePublished":"2025-02-24T19:05:38+00:00","dateModified":"2025-02-24T20:08:23+00:00","breadcrumb":{"@id":"https:\/\/artoislittoral2.com\/index.php\/gerard-olivia\/#breadcrumb"},"inLanguage":"fr-FR","potentialAction":[{"@type":"ReadAction","target":["https:\/\/artoislittoral2.com\/index.php\/gerard-olivia\/"]}]},{"@type":"ImageObject","inLanguage":"fr-FR","@id":"https:\/\/artoislittoral2.com\/index.php\/gerard-olivia\/#primaryimage","url":"https:\/\/artoislittoral2.com\/wp-content\/uploads\/2025\/02\/portrait-ilovia-gerad.jpeg","contentUrl":"https:\/\/artoislittoral2.com\/wp-content\/uploads\/2025\/02\/portrait-ilovia-gerad.jpeg","width":1196,"height":1489},{"@type":"BreadcrumbList","@id":"https:\/\/artoislittoral2.com\/index.php\/gerard-olivia\/#breadcrumb","itemListElement":[{"@type":"ListItem","position":1,"name":"Accueil","item":"https:\/\/artoislittoral2.com\/"},{"@type":"ListItem","position":2,"name":"GERARD Olivia"}]},{"@type":"WebSite","@id":"https:\/\/artoislittoral2.com\/#website","url":"https:\/\/artoislittoral2.com\/","name":"ASA Artois Littoral 2","description":"Bienvenue \u00e0 l&#039;ASA Artois Littoral II","publisher":{"@id":"https:\/\/artoislittoral2.com\/#organization"},"potentialAction":[{"@type":"SearchAction","target":{"@type":"EntryPoint","urlTemplate":"https:\/\/artoislittoral2.com\/?s={search_term_string}"},"query-input":{"@type":"PropertyValueSpecification","valueRequired":true,"valueName":"search_term_string"}}],"inLanguage":"fr-FR"},{"@type":"Organization","@id":"https:\/\/artoislittoral2.com\/#organization","name":"ASA Artois Littoral 2","url":"https:\/\/artoislittoral2.com\/","logo":{"@type":"ImageObject","inLanguage":"fr-FR","@id":"https:\/\/artoislittoral2.com\/#\/schema\/logo\/image\/","url":"https:\/\/artoislittoral2.com\/wp-content\/uploads\/2025\/11\/cropped-cropped-bandeau-2025.jpg","contentUrl":"https:\/\/artoislittoral2.com\/wp-content\/uploads\/2025\/11\/cropped-cropped-bandeau-2025.jpg","width":960,"height":365,"caption":"ASA Artois Littoral 2"},"image":{"@id":"https:\/\/artoislittoral2.com\/#\/schema\/logo\/image\/"}}]}},"jetpack_sharing_enabled":true,"_links":{"self":[{"href":"https:\/\/artoislittoral2.com\/index.php\/wp-json\/wp\/v2\/pages\/5947","targetHints":{"allow":["GET"]}}],"collection":[{"href":"https:\/\/artoislittoral2.com\/index.php\/wp-json\/wp\/v2\/pages"}],"about":[{"href":"https:\/\/artoislittoral2.com\/index.php\/wp-json\/wp\/v2\/types\/page"}],"author":[{"embeddable":true,"href":"https:\/\/artoislittoral2.com\/index.php\/wp-json\/wp\/v2\/users\/1"}],"replies":[{"embeddable":true,"href":"https:\/\/artoislittoral2.com\/index.php\/wp-json\/wp\/v2\/comments?post=5947"}],"version-history":[{"count":18,"href":"https:\/\/artoislittoral2.com\/index.php\/wp-json\/wp\/v2\/pages\/5947\/revisions"}],"predecessor-version":[{"id":6018,"href":"https:\/\/artoislittoral2.com\/index.php\/wp-json\/wp\/v2\/pages\/5947\/revisions\/6018"}],"wp:attachment":[{"href":"https:\/\/artoislittoral2.com\/index.php\/wp-json\/wp\/v2\/media?parent=5947"}],"curies":[{"name":"wp","href":"https:\/\/api.w.org\/{rel}","templated":true}]}}