{"id":6071,"date":"2025-02-26T20:23:45","date_gmt":"2025-02-26T19:23:45","guid":{"rendered":"https:\/\/artoislittoral2.com\/?page_id=6071"},"modified":"2025-02-26T20:27:16","modified_gmt":"2025-02-26T19:27:16","slug":"jombart-florent","status":"publish","type":"page","link":"https:\/\/artoislittoral2.com\/index.php\/jombart-florent\/","title":{"rendered":"JOMBART Florent"},"content":{"rendered":"\t\t<div data-elementor-type=\"wp-page\" data-elementor-id=\"6071\" class=\"elementor elementor-6071\">\n\t\t\t\t\t\t<section class=\"elementor-section elementor-top-section elementor-element elementor-element-7bfffd2 elementor-section-boxed elementor-section-height-default elementor-section-height-default\" data-id=\"7bfffd2\" data-element_type=\"section\" data-e-type=\"section\">\n\t\t\t\t\t\t<div class=\"elementor-container elementor-column-gap-default\">\n\t\t\t\t\t<div class=\"elementor-column elementor-col-100 elementor-top-column elementor-element elementor-element-ac9c910\" data-id=\"ac9c910\" data-element_type=\"column\" data-e-type=\"column\">\n\t\t\t<div class=\"elementor-widget-wrap elementor-element-populated\">\n\t\t\t\t\t\t<div class=\"elementor-element elementor-element-8f84ee0 elementor-widget elementor-widget-text-editor\" data-id=\"8f84ee0\" data-element_type=\"widget\" data-e-type=\"widget\" data-widget_type=\"text-editor.default\">\n\t\t\t\t<div class=\"elementor-widget-container\">\n\t\t\t\t\t\t\t\t\t<p><img decoding=\"async\" class=\"alignleft wp-image-6068 size-thumbnail\" src=\"https:\/\/artoislittoral2.com\/wp-content\/uploads\/2025\/02\/portrait-jombart-150x150.jpg\" alt=\"\" width=\"150\" height=\"150\" srcset=\"https:\/\/artoislittoral2.com\/wp-content\/uploads\/2025\/02\/portrait-jombart-150x150.jpg 150w, https:\/\/artoislittoral2.com\/wp-content\/uploads\/2025\/02\/portrait-jombart-300x299.jpg 300w, https:\/\/artoislittoral2.com\/wp-content\/uploads\/2025\/02\/portrait-jombart-1024x1022.jpg 1024w, https:\/\/artoislittoral2.com\/wp-content\/uploads\/2025\/02\/portrait-jombart-768x766.jpg 768w, https:\/\/artoislittoral2.com\/wp-content\/uploads\/2025\/02\/portrait-jombart-1536x1532.jpg 1536w, https:\/\/artoislittoral2.com\/wp-content\/uploads\/2025\/02\/portrait-jombart-850x848.jpg 850w, https:\/\/artoislittoral2.com\/wp-content\/uploads\/2025\/02\/portrait-jombart.jpg 1741w\" sizes=\"(max-width: 150px) 100vw, 150px\" \/><\/p><p><span style=\"color: #000000;\">Bonjour \u00e0 tous, je m&rsquo;appelle Florent.<\/span><\/p><p><span style=\"color: #000000;\">J&rsquo;ai 35 ans et je suis l&rsquo;heureux papa d&rsquo;une petite Charlie. <\/span><\/p><p><span style=\"color: #000000;\">Depuis tout petit, je suis passionn\u00e9 de sport auto. <\/span><\/p><p><span style=\"color: #000000;\">J&rsquo;ai pris ma premi\u00e8re licence \u00e0 18 ans en tant que co-pilote, mais apr\u00e8s une pause de 10 ans, j&rsquo;ai eu la chance de reprendre en 2024, au pays du lin. C\u00f4t\u00e9 pro, je travaille chez Bardahl depuis 8 ans, dans la division Auto\/Brico. <\/span><\/p><p><span style=\"color: #000000;\">J&rsquo;ai commenc\u00e9 en couvrant les d\u00e9partements 59, 62 et 80, et aujourd&rsquo;hui, je m&rsquo;occupe d&rsquo;un tiers de la France. <\/span><\/p><p><span style=\"color: #000000;\">Voil\u00e0 pour moi ! \u00bb<\/span><\/p>\t\t\t\t\t\t\t\t<\/div>\n\t\t\t\t<\/div>\n\t\t\t\t\t<\/div>\n\t\t<\/div>\n\t\t\t\t\t<\/div>\n\t\t<\/section>\n\t\t\t\t<\/div>\n\t\t","protected":false},"excerpt":{"rendered":"<p>Bonjour \u00e0 tous, je m&rsquo;appelle Florent. J&rsquo;ai 35 ans et je suis l&rsquo;heureux papa d&rsquo;une petite Charlie. Depuis tout petit, je suis passionn\u00e9 de sport auto. J&rsquo;ai pris ma premi\u00e8re licence \u00e0 18 ans en tant que co-pilote, mais apr\u00e8s une pause de 10 ans, j&rsquo;ai eu la chance de reprendre en 2024, au pays&#8230;<\/p>\n","protected":false},"author":1,"featured_media":0,"parent":0,"menu_order":0,"comment_status":"closed","ping_status":"closed","template":"","meta":{"footnotes":""},"class_list":["post-6071","page","type-page","status-publish","hentry"],"yoast_head":"<!-- This site is optimized with the Yoast SEO plugin v27.3 - https:\/\/yoast.com\/product\/yoast-seo-wordpress\/ -->\n<title>JOMBART Florent - ASA Artois Littoral 2<\/title>\n<meta name=\"robots\" content=\"index, follow, max-snippet:-1, max-image-preview:large, max-video-preview:-1\" \/>\n<link rel=\"canonical\" href=\"https:\/\/artoislittoral2.com\/index.php\/jombart-florent\/\" \/>\n<meta property=\"og:locale\" content=\"fr_FR\" \/>\n<meta property=\"og:type\" content=\"article\" \/>\n<meta property=\"og:title\" content=\"JOMBART Florent - ASA Artois Littoral 2\" \/>\n<meta property=\"og:description\" content=\"Bonjour \u00e0 tous, je m&rsquo;appelle Florent. J&rsquo;ai 35 ans et je suis l&rsquo;heureux papa d&rsquo;une petite Charlie. Depuis tout petit, je suis passionn\u00e9 de sport auto. J&rsquo;ai pris ma premi\u00e8re licence \u00e0 18 ans en tant que co-pilote, mais apr\u00e8s une pause de 10 ans, j&rsquo;ai eu la chance de reprendre en 2024, au pays...\" \/>\n<meta property=\"og:url\" content=\"https:\/\/artoislittoral2.com\/index.php\/jombart-florent\/\" \/>\n<meta property=\"og:site_name\" content=\"ASA Artois Littoral 2\" \/>\n<meta property=\"article:modified_time\" content=\"2025-02-26T19:27:16+00:00\" \/>\n<meta property=\"og:image\" content=\"https:\/\/artoislittoral2.com\/wp-content\/uploads\/2025\/02\/portrait-jombart.jpg\" \/>\n\t<meta property=\"og:image:width\" content=\"1741\" \/>\n\t<meta property=\"og:image:height\" content=\"1737\" \/>\n\t<meta property=\"og:image:type\" content=\"image\/jpeg\" \/>\n<meta name=\"twitter:card\" content=\"summary_large_image\" \/>\n<meta name=\"twitter:label1\" content=\"Dur\u00e9e de lecture estim\u00e9e\" \/>\n\t<meta name=\"twitter:data1\" content=\"1 minute\" \/>\n<script type=\"application\/ld+json\" class=\"yoast-schema-graph\">{\"@context\":\"https:\\\/\\\/schema.org\",\"@graph\":[{\"@type\":\"WebPage\",\"@id\":\"https:\\\/\\\/artoislittoral2.com\\\/index.php\\\/jombart-florent\\\/\",\"url\":\"https:\\\/\\\/artoislittoral2.com\\\/index.php\\\/jombart-florent\\\/\",\"name\":\"JOMBART Florent - ASA Artois Littoral 2\",\"isPartOf\":{\"@id\":\"https:\\\/\\\/artoislittoral2.com\\\/#website\"},\"primaryImageOfPage\":{\"@id\":\"https:\\\/\\\/artoislittoral2.com\\\/index.php\\\/jombart-florent\\\/#primaryimage\"},\"image\":{\"@id\":\"https:\\\/\\\/artoislittoral2.com\\\/index.php\\\/jombart-florent\\\/#primaryimage\"},\"thumbnailUrl\":\"https:\\\/\\\/artoislittoral2.com\\\/wp-content\\\/uploads\\\/2025\\\/02\\\/portrait-jombart-150x150.jpg\",\"datePublished\":\"2025-02-26T19:23:45+00:00\",\"dateModified\":\"2025-02-26T19:27:16+00:00\",\"breadcrumb\":{\"@id\":\"https:\\\/\\\/artoislittoral2.com\\\/index.php\\\/jombart-florent\\\/#breadcrumb\"},\"inLanguage\":\"fr-FR\",\"potentialAction\":[{\"@type\":\"ReadAction\",\"target\":[\"https:\\\/\\\/artoislittoral2.com\\\/index.php\\\/jombart-florent\\\/\"]}]},{\"@type\":\"ImageObject\",\"inLanguage\":\"fr-FR\",\"@id\":\"https:\\\/\\\/artoislittoral2.com\\\/index.php\\\/jombart-florent\\\/#primaryimage\",\"url\":\"https:\\\/\\\/artoislittoral2.com\\\/wp-content\\\/uploads\\\/2025\\\/02\\\/portrait-jombart.jpg\",\"contentUrl\":\"https:\\\/\\\/artoislittoral2.com\\\/wp-content\\\/uploads\\\/2025\\\/02\\\/portrait-jombart.jpg\",\"width\":1741,\"height\":1737},{\"@type\":\"BreadcrumbList\",\"@id\":\"https:\\\/\\\/artoislittoral2.com\\\/index.php\\\/jombart-florent\\\/#breadcrumb\",\"itemListElement\":[{\"@type\":\"ListItem\",\"position\":1,\"name\":\"Accueil\",\"item\":\"https:\\\/\\\/artoislittoral2.com\\\/\"},{\"@type\":\"ListItem\",\"position\":2,\"name\":\"JOMBART Florent\"}]},{\"@type\":\"WebSite\",\"@id\":\"https:\\\/\\\/artoislittoral2.com\\\/#website\",\"url\":\"https:\\\/\\\/artoislittoral2.com\\\/\",\"name\":\"ASA Artois Littoral 2\",\"description\":\"Bienvenue \u00e0 l&#039;ASA Artois Littoral II\",\"publisher\":{\"@id\":\"https:\\\/\\\/artoislittoral2.com\\\/#organization\"},\"potentialAction\":[{\"@type\":\"SearchAction\",\"target\":{\"@type\":\"EntryPoint\",\"urlTemplate\":\"https:\\\/\\\/artoislittoral2.com\\\/?s={search_term_string}\"},\"query-input\":{\"@type\":\"PropertyValueSpecification\",\"valueRequired\":true,\"valueName\":\"search_term_string\"}}],\"inLanguage\":\"fr-FR\"},{\"@type\":\"Organization\",\"@id\":\"https:\\\/\\\/artoislittoral2.com\\\/#organization\",\"name\":\"ASA Artois Littoral 2\",\"url\":\"https:\\\/\\\/artoislittoral2.com\\\/\",\"logo\":{\"@type\":\"ImageObject\",\"inLanguage\":\"fr-FR\",\"@id\":\"https:\\\/\\\/artoislittoral2.com\\\/#\\\/schema\\\/logo\\\/image\\\/\",\"url\":\"https:\\\/\\\/artoislittoral2.com\\\/wp-content\\\/uploads\\\/2025\\\/11\\\/cropped-cropped-bandeau-2025.jpg\",\"contentUrl\":\"https:\\\/\\\/artoislittoral2.com\\\/wp-content\\\/uploads\\\/2025\\\/11\\\/cropped-cropped-bandeau-2025.jpg\",\"width\":960,\"height\":365,\"caption\":\"ASA Artois Littoral 2\"},\"image\":{\"@id\":\"https:\\\/\\\/artoislittoral2.com\\\/#\\\/schema\\\/logo\\\/image\\\/\"}}]}<\/script>\n<!-- \/ Yoast SEO plugin. -->","yoast_head_json":{"title":"JOMBART Florent - ASA Artois Littoral 2","robots":{"index":"index","follow":"follow","max-snippet":"max-snippet:-1","max-image-preview":"max-image-preview:large","max-video-preview":"max-video-preview:-1"},"canonical":"https:\/\/artoislittoral2.com\/index.php\/jombart-florent\/","og_locale":"fr_FR","og_type":"article","og_title":"JOMBART Florent - ASA Artois Littoral 2","og_description":"Bonjour \u00e0 tous, je m&rsquo;appelle Florent. J&rsquo;ai 35 ans et je suis l&rsquo;heureux papa d&rsquo;une petite Charlie. Depuis tout petit, je suis passionn\u00e9 de sport auto. J&rsquo;ai pris ma premi\u00e8re licence \u00e0 18 ans en tant que co-pilote, mais apr\u00e8s une pause de 10 ans, j&rsquo;ai eu la chance de reprendre en 2024, au pays...","og_url":"https:\/\/artoislittoral2.com\/index.php\/jombart-florent\/","og_site_name":"ASA Artois Littoral 2","article_modified_time":"2025-02-26T19:27:16+00:00","og_image":[{"width":1741,"height":1737,"url":"https:\/\/artoislittoral2.com\/wp-content\/uploads\/2025\/02\/portrait-jombart.jpg","type":"image\/jpeg"}],"twitter_card":"summary_large_image","twitter_misc":{"Dur\u00e9e de lecture estim\u00e9e":"1 minute"},"schema":{"@context":"https:\/\/schema.org","@graph":[{"@type":"WebPage","@id":"https:\/\/artoislittoral2.com\/index.php\/jombart-florent\/","url":"https:\/\/artoislittoral2.com\/index.php\/jombart-florent\/","name":"JOMBART Florent - ASA Artois Littoral 2","isPartOf":{"@id":"https:\/\/artoislittoral2.com\/#website"},"primaryImageOfPage":{"@id":"https:\/\/artoislittoral2.com\/index.php\/jombart-florent\/#primaryimage"},"image":{"@id":"https:\/\/artoislittoral2.com\/index.php\/jombart-florent\/#primaryimage"},"thumbnailUrl":"https:\/\/artoislittoral2.com\/wp-content\/uploads\/2025\/02\/portrait-jombart-150x150.jpg","datePublished":"2025-02-26T19:23:45+00:00","dateModified":"2025-02-26T19:27:16+00:00","breadcrumb":{"@id":"https:\/\/artoislittoral2.com\/index.php\/jombart-florent\/#breadcrumb"},"inLanguage":"fr-FR","potentialAction":[{"@type":"ReadAction","target":["https:\/\/artoislittoral2.com\/index.php\/jombart-florent\/"]}]},{"@type":"ImageObject","inLanguage":"fr-FR","@id":"https:\/\/artoislittoral2.com\/index.php\/jombart-florent\/#primaryimage","url":"https:\/\/artoislittoral2.com\/wp-content\/uploads\/2025\/02\/portrait-jombart.jpg","contentUrl":"https:\/\/artoislittoral2.com\/wp-content\/uploads\/2025\/02\/portrait-jombart.jpg","width":1741,"height":1737},{"@type":"BreadcrumbList","@id":"https:\/\/artoislittoral2.com\/index.php\/jombart-florent\/#breadcrumb","itemListElement":[{"@type":"ListItem","position":1,"name":"Accueil","item":"https:\/\/artoislittoral2.com\/"},{"@type":"ListItem","position":2,"name":"JOMBART Florent"}]},{"@type":"WebSite","@id":"https:\/\/artoislittoral2.com\/#website","url":"https:\/\/artoislittoral2.com\/","name":"ASA Artois Littoral 2","description":"Bienvenue \u00e0 l&#039;ASA Artois Littoral II","publisher":{"@id":"https:\/\/artoislittoral2.com\/#organization"},"potentialAction":[{"@type":"SearchAction","target":{"@type":"EntryPoint","urlTemplate":"https:\/\/artoislittoral2.com\/?s={search_term_string}"},"query-input":{"@type":"PropertyValueSpecification","valueRequired":true,"valueName":"search_term_string"}}],"inLanguage":"fr-FR"},{"@type":"Organization","@id":"https:\/\/artoislittoral2.com\/#organization","name":"ASA Artois Littoral 2","url":"https:\/\/artoislittoral2.com\/","logo":{"@type":"ImageObject","inLanguage":"fr-FR","@id":"https:\/\/artoislittoral2.com\/#\/schema\/logo\/image\/","url":"https:\/\/artoislittoral2.com\/wp-content\/uploads\/2025\/11\/cropped-cropped-bandeau-2025.jpg","contentUrl":"https:\/\/artoislittoral2.com\/wp-content\/uploads\/2025\/11\/cropped-cropped-bandeau-2025.jpg","width":960,"height":365,"caption":"ASA Artois Littoral 2"},"image":{"@id":"https:\/\/artoislittoral2.com\/#\/schema\/logo\/image\/"}}]}},"jetpack_sharing_enabled":true,"_links":{"self":[{"href":"https:\/\/artoislittoral2.com\/index.php\/wp-json\/wp\/v2\/pages\/6071","targetHints":{"allow":["GET"]}}],"collection":[{"href":"https:\/\/artoislittoral2.com\/index.php\/wp-json\/wp\/v2\/pages"}],"about":[{"href":"https:\/\/artoislittoral2.com\/index.php\/wp-json\/wp\/v2\/types\/page"}],"author":[{"embeddable":true,"href":"https:\/\/artoislittoral2.com\/index.php\/wp-json\/wp\/v2\/users\/1"}],"replies":[{"embeddable":true,"href":"https:\/\/artoislittoral2.com\/index.php\/wp-json\/wp\/v2\/comments?post=6071"}],"version-history":[{"count":12,"href":"https:\/\/artoislittoral2.com\/index.php\/wp-json\/wp\/v2\/pages\/6071\/revisions"}],"predecessor-version":[{"id":6084,"href":"https:\/\/artoislittoral2.com\/index.php\/wp-json\/wp\/v2\/pages\/6071\/revisions\/6084"}],"wp:attachment":[{"href":"https:\/\/artoislittoral2.com\/index.php\/wp-json\/wp\/v2\/media?parent=6071"}],"curies":[{"name":"wp","href":"https:\/\/api.w.org\/{rel}","templated":true}]}}