{"id":6190,"date":"2025-03-01T09:40:59","date_gmt":"2025-03-01T08:40:59","guid":{"rendered":"https:\/\/artoislittoral2.com\/?page_id=6190"},"modified":"2025-03-01T09:51:48","modified_gmt":"2025-03-01T08:51:48","slug":"joly-clara","status":"publish","type":"page","link":"https:\/\/artoislittoral2.com\/index.php\/joly-clara\/","title":{"rendered":"JOLY Clara"},"content":{"rendered":"\t\t<div data-elementor-type=\"wp-page\" data-elementor-id=\"6190\" class=\"elementor elementor-6190\">\n\t\t\t\t\t\t<section class=\"elementor-section elementor-top-section elementor-element elementor-element-5f3c152b elementor-section-boxed elementor-section-height-default elementor-section-height-default\" data-id=\"5f3c152b\" data-element_type=\"section\" data-e-type=\"section\">\n\t\t\t\t\t\t<div class=\"elementor-container elementor-column-gap-default\">\n\t\t\t\t\t<div class=\"elementor-column elementor-col-100 elementor-top-column elementor-element elementor-element-47b0124c\" data-id=\"47b0124c\" data-element_type=\"column\" data-e-type=\"column\">\n\t\t\t<div class=\"elementor-widget-wrap elementor-element-populated\">\n\t\t\t\t\t\t<div class=\"elementor-element elementor-element-351e030e elementor-widget elementor-widget-text-editor\" data-id=\"351e030e\" data-element_type=\"widget\" data-e-type=\"widget\" data-widget_type=\"text-editor.default\">\n\t\t\t\t<div class=\"elementor-widget-container\">\n\t\t\t\t\t\t\t\t\t<p><img fetchpriority=\"high\" decoding=\"async\" class=\"alignleft wp-image-6204 size-medium\" src=\"https:\/\/artoislittoral2.com\/wp-content\/uploads\/2025\/03\/portrait_clara-256x300.jpg\" alt=\"\" width=\"256\" height=\"300\" srcset=\"https:\/\/artoislittoral2.com\/wp-content\/uploads\/2025\/03\/portrait_clara-256x300.jpg 256w, https:\/\/artoislittoral2.com\/wp-content\/uploads\/2025\/03\/portrait_clara-875x1024.jpg 875w, https:\/\/artoislittoral2.com\/wp-content\/uploads\/2025\/03\/portrait_clara-768x899.jpg 768w, https:\/\/artoislittoral2.com\/wp-content\/uploads\/2025\/03\/portrait_clara-300x351.jpg 300w, https:\/\/artoislittoral2.com\/wp-content\/uploads\/2025\/03\/portrait_clara-850x995.jpg 850w, https:\/\/artoislittoral2.com\/wp-content\/uploads\/2025\/03\/portrait_clara.jpg 1049w\" sizes=\"(max-width: 256px) 100vw, 256px\" \/><\/p><p><span style=\"color: #000000;\">Dans la vie je suis animatrice dans les \u00e9coles et centre de loisir de la ville de Reims pour les enfants de 3 \u00e0 11ans. <\/span><br \/><span style=\"color: #000000;\">Je suis \u00e9galement en \u00e9tude pour devenir \u00e9ducatrice petite enfance.<\/span><\/p><p><span style=\"color: #0000ff;\">Pourquoi le sport auto ?<\/span><\/p><p><span style=\"color: #000000;\">J\u2019ai baign\u00e9 dans le sport automobile tr\u00e8s jeune via mes parents, pour moi c\u2019\u00e9tait \u00e9vident un jour de monter dans le baquet.<\/span><\/p><p><span style=\"color: #0000ff;\">Quelles sont tes plus belles exp\u00e9riences et r\u00e9ussites ? Sur quelle \u00e9preuve ?<\/span><\/p><p><span style=\"color: #000000;\">S&rsquo;il fallait parler d\u2019une unique voiture dans laquelle je suis mont\u00e9 ce serait la Rally3, <\/span><br \/><span style=\"color: #000000;\">S\u2019il fallait parler d\u2019une \u00e9preuve ce serait le Charlemagne 2022, premier rallye avec Antoine et une tr\u00e8s grosse performance avec la N2.<\/span><\/p><div id=\"docs-chrome\" class=\"docs-material companion-enabled\" tabindex=\"0\" role=\"banner\" aria-label=\"Barre de menus\"><div id=\"docs-additional-bars\"><div id=\"formula-bar-container\"><div id=\"formula-bar-name-box-wrapper\" class=\"name-box-enabled formula-bar-with-name-box-wrapper\"><div id=\"formula-bar\" class=\"formula-bar\"><div id=\"t-formula-bar-input-container\"><div dir=\"ltr\"><div id=\"t-formula-bar-input\" spellcheck=\"false\"><div class=\"cell-input\" dir=\"ltr\" tabindex=\"0\" role=\"combobox\" contenteditable=\"true\" aria-autocomplete=\"list\"><p><span style=\"color: #0000ff;\">Y a t-il des exp\u00e9riences \u00e0 oublier ?<\/span><\/p><p><span style=\"color: #000000;\">Chaque exp\u00e9rience m\u00eame mauvaise nous donne une le\u00e7on pour la suite. <\/span><\/p><\/div><\/div><\/div><\/div><\/div><\/div><\/div><\/div><\/div><p><span style=\"color: #0000ff;\">Quels sont tes objectifs ?<\/span><\/p><p><span style=\"color: #000000;\">Mon objectif du moment ce serait de prendre le volant \u00e0 quelques reprises dans l\u2019ann\u00e9e.<\/span><\/p>\t\t\t\t\t\t\t\t<\/div>\n\t\t\t\t<\/div>\n\t\t\t\t\t<\/div>\n\t\t<\/div>\n\t\t\t\t\t<\/div>\n\t\t<\/section>\n\t\t\t\t<section class=\"elementor-section elementor-top-section elementor-element elementor-element-99e4ade elementor-section-boxed elementor-section-height-default elementor-section-height-default\" data-id=\"99e4ade\" data-element_type=\"section\" data-e-type=\"section\">\n\t\t\t\t\t\t<div class=\"elementor-container elementor-column-gap-default\">\n\t\t\t\t\t<div class=\"elementor-column elementor-col-100 elementor-top-column elementor-element elementor-element-b7fbeec\" data-id=\"b7fbeec\" data-element_type=\"column\" data-e-type=\"column\">\n\t\t\t<div class=\"elementor-widget-wrap elementor-element-populated\">\n\t\t\t\t\t\t<div class=\"elementor-element elementor-element-0cd97f2 elementor-widget elementor-widget-image\" data-id=\"0cd97f2\" data-element_type=\"widget\" data-e-type=\"widget\" data-widget_type=\"image.default\">\n\t\t\t\t<div class=\"elementor-widget-container\">\n\t\t\t\t\t\t\t\t\t\t\t\t\t\t\t\t<a href=\"https:\/\/artoislittoral2.com\/wp-content\/uploads\/2025\/03\/1E512FBD-EE7A-40BE-A2AA-3DD4A1555879-Clara-Joly.jpeg\" data-elementor-open-lightbox=\"yes\" data-elementor-lightbox-title=\"Screenshot\" data-e-action-hash=\"#elementor-action%3Aaction%3Dlightbox%26settings%3DeyJpZCI6NjIwMywidXJsIjoiaHR0cHM6XC9cL2FydG9pc2xpdHRvcmFsMi5jb21cL3dwLWNvbnRlbnRcL3VwbG9hZHNcLzIwMjVcLzAzXC8xRTUxMkZCRC1FRTdBLTQwQkUtQTJBQS0zREQ0QTE1NTU4NzktQ2xhcmEtSm9seS5qcGVnIn0%3D\">\n\t\t\t\t\t\t\t<img decoding=\"async\" width=\"640\" height=\"374\" src=\"https:\/\/artoislittoral2.com\/wp-content\/uploads\/2025\/03\/1E512FBD-EE7A-40BE-A2AA-3DD4A1555879-Clara-Joly-1024x598.jpeg\" class=\"attachment-large size-large wp-image-6203\" alt=\"\" srcset=\"https:\/\/artoislittoral2.com\/wp-content\/uploads\/2025\/03\/1E512FBD-EE7A-40BE-A2AA-3DD4A1555879-Clara-Joly-1024x598.jpeg 1024w, https:\/\/artoislittoral2.com\/wp-content\/uploads\/2025\/03\/1E512FBD-EE7A-40BE-A2AA-3DD4A1555879-Clara-Joly-300x175.jpeg 300w, https:\/\/artoislittoral2.com\/wp-content\/uploads\/2025\/03\/1E512FBD-EE7A-40BE-A2AA-3DD4A1555879-Clara-Joly-768x448.jpeg 768w, https:\/\/artoislittoral2.com\/wp-content\/uploads\/2025\/03\/1E512FBD-EE7A-40BE-A2AA-3DD4A1555879-Clara-Joly-850x496.jpeg 850w, https:\/\/artoislittoral2.com\/wp-content\/uploads\/2025\/03\/1E512FBD-EE7A-40BE-A2AA-3DD4A1555879-Clara-Joly.jpeg 1170w\" sizes=\"(max-width: 640px) 100vw, 640px\" \/>\t\t\t\t\t\t\t\t<\/a>\n\t\t\t\t\t\t\t\t\t\t\t\t\t\t\t<\/div>\n\t\t\t\t<\/div>\n\t\t\t\t\t<\/div>\n\t\t<\/div>\n\t\t\t\t\t<\/div>\n\t\t<\/section>\n\t\t\t\t<section class=\"elementor-section elementor-top-section elementor-element elementor-element-d8cd64c elementor-section-boxed elementor-section-height-default elementor-section-height-default\" data-id=\"d8cd64c\" data-element_type=\"section\" data-e-type=\"section\">\n\t\t\t\t\t\t<div class=\"elementor-container elementor-column-gap-default\">\n\t\t\t\t\t<div class=\"elementor-column elementor-col-100 elementor-top-column elementor-element elementor-element-8a6db20\" data-id=\"8a6db20\" data-element_type=\"column\" data-e-type=\"column\">\n\t\t\t<div class=\"elementor-widget-wrap elementor-element-populated\">\n\t\t\t\t\t\t<div class=\"elementor-element elementor-element-520ee6f elementor-widget elementor-widget-image\" data-id=\"520ee6f\" data-element_type=\"widget\" data-e-type=\"widget\" data-widget_type=\"image.default\">\n\t\t\t\t<div class=\"elementor-widget-container\">\n\t\t\t\t\t\t\t\t\t\t\t\t\t\t\t\t<a href=\"https:\/\/artoislittoral2.com\/wp-content\/uploads\/2025\/03\/Clara-Joly.png\" data-elementor-open-lightbox=\"yes\" data-elementor-lightbox-title=\"Clara Joly\" data-e-action-hash=\"#elementor-action%3Aaction%3Dlightbox%26settings%3DeyJpZCI6NjIwMiwidXJsIjoiaHR0cHM6XC9cL2FydG9pc2xpdHRvcmFsMi5jb21cL3dwLWNvbnRlbnRcL3VwbG9hZHNcLzIwMjVcLzAzXC9DbGFyYS1Kb2x5LnBuZyJ9\">\n\t\t\t\t\t\t\t<img decoding=\"async\" width=\"640\" height=\"424\" src=\"https:\/\/artoislittoral2.com\/wp-content\/uploads\/2025\/03\/Clara-Joly-1024x678.png\" class=\"attachment-large size-large wp-image-6202\" alt=\"\" srcset=\"https:\/\/artoislittoral2.com\/wp-content\/uploads\/2025\/03\/Clara-Joly-1024x678.png 1024w, https:\/\/artoislittoral2.com\/wp-content\/uploads\/2025\/03\/Clara-Joly-300x199.png 300w, https:\/\/artoislittoral2.com\/wp-content\/uploads\/2025\/03\/Clara-Joly-768x509.png 768w, https:\/\/artoislittoral2.com\/wp-content\/uploads\/2025\/03\/Clara-Joly-850x563.png 850w, https:\/\/artoislittoral2.com\/wp-content\/uploads\/2025\/03\/Clara-Joly.png 1170w\" sizes=\"(max-width: 640px) 100vw, 640px\" \/>\t\t\t\t\t\t\t\t<\/a>\n\t\t\t\t\t\t\t\t\t\t\t\t\t\t\t<\/div>\n\t\t\t\t<\/div>\n\t\t\t\t\t<\/div>\n\t\t<\/div>\n\t\t\t\t\t<\/div>\n\t\t<\/section>\n\t\t\t\t<\/div>\n\t\t","protected":false},"excerpt":{"rendered":"<p>Dans la vie je suis animatrice dans les \u00e9coles et centre de loisir de la ville de Reims pour les enfants de 3 \u00e0 11ans. Je suis \u00e9galement en \u00e9tude pour devenir \u00e9ducatrice petite enfance. Pourquoi le sport auto ? J\u2019ai baign\u00e9 dans le sport automobile tr\u00e8s jeune via mes parents, pour moi c\u2019\u00e9tait \u00e9vident&#8230;<\/p>\n","protected":false},"author":1,"featured_media":0,"parent":0,"menu_order":0,"comment_status":"closed","ping_status":"closed","template":"","meta":{"footnotes":""},"class_list":["post-6190","page","type-page","status-publish","hentry"],"yoast_head":"<!-- This site is optimized with the Yoast SEO plugin v27.3 - https:\/\/yoast.com\/product\/yoast-seo-wordpress\/ -->\n<title>JOLY Clara - ASA Artois Littoral 2<\/title>\n<meta name=\"robots\" content=\"index, follow, max-snippet:-1, max-image-preview:large, max-video-preview:-1\" \/>\n<link rel=\"canonical\" href=\"https:\/\/artoislittoral2.com\/index.php\/joly-clara\/\" \/>\n<meta property=\"og:locale\" content=\"fr_FR\" \/>\n<meta property=\"og:type\" content=\"article\" \/>\n<meta property=\"og:title\" content=\"JOLY Clara - ASA Artois Littoral 2\" \/>\n<meta property=\"og:description\" content=\"Dans la vie je suis animatrice dans les \u00e9coles et centre de loisir de la ville de Reims pour les enfants de 3 \u00e0 11ans. Je suis \u00e9galement en \u00e9tude pour devenir \u00e9ducatrice petite enfance. Pourquoi le sport auto ? J\u2019ai baign\u00e9 dans le sport automobile tr\u00e8s jeune via mes parents, pour moi c\u2019\u00e9tait \u00e9vident...\" \/>\n<meta property=\"og:url\" content=\"https:\/\/artoislittoral2.com\/index.php\/joly-clara\/\" \/>\n<meta property=\"og:site_name\" content=\"ASA Artois Littoral 2\" \/>\n<meta property=\"article:modified_time\" content=\"2025-03-01T08:51:48+00:00\" \/>\n<meta property=\"og:image\" content=\"https:\/\/artoislittoral2.com\/wp-content\/uploads\/2025\/03\/portrait_clara.jpg\" \/>\n\t<meta property=\"og:image:width\" content=\"1049\" \/>\n\t<meta property=\"og:image:height\" content=\"1228\" \/>\n\t<meta property=\"og:image:type\" content=\"image\/jpeg\" \/>\n<meta name=\"twitter:card\" content=\"summary_large_image\" \/>\n<meta name=\"twitter:label1\" content=\"Dur\u00e9e de lecture estim\u00e9e\" \/>\n\t<meta name=\"twitter:data1\" content=\"2 minutes\" \/>\n<script type=\"application\/ld+json\" class=\"yoast-schema-graph\">{\"@context\":\"https:\\\/\\\/schema.org\",\"@graph\":[{\"@type\":\"WebPage\",\"@id\":\"https:\\\/\\\/artoislittoral2.com\\\/index.php\\\/joly-clara\\\/\",\"url\":\"https:\\\/\\\/artoislittoral2.com\\\/index.php\\\/joly-clara\\\/\",\"name\":\"JOLY Clara - ASA Artois Littoral 2\",\"isPartOf\":{\"@id\":\"https:\\\/\\\/artoislittoral2.com\\\/#website\"},\"primaryImageOfPage\":{\"@id\":\"https:\\\/\\\/artoislittoral2.com\\\/index.php\\\/joly-clara\\\/#primaryimage\"},\"image\":{\"@id\":\"https:\\\/\\\/artoislittoral2.com\\\/index.php\\\/joly-clara\\\/#primaryimage\"},\"thumbnailUrl\":\"https:\\\/\\\/artoislittoral2.com\\\/wp-content\\\/uploads\\\/2025\\\/03\\\/portrait_clara-256x300.jpg\",\"datePublished\":\"2025-03-01T08:40:59+00:00\",\"dateModified\":\"2025-03-01T08:51:48+00:00\",\"breadcrumb\":{\"@id\":\"https:\\\/\\\/artoislittoral2.com\\\/index.php\\\/joly-clara\\\/#breadcrumb\"},\"inLanguage\":\"fr-FR\",\"potentialAction\":[{\"@type\":\"ReadAction\",\"target\":[\"https:\\\/\\\/artoislittoral2.com\\\/index.php\\\/joly-clara\\\/\"]}]},{\"@type\":\"ImageObject\",\"inLanguage\":\"fr-FR\",\"@id\":\"https:\\\/\\\/artoislittoral2.com\\\/index.php\\\/joly-clara\\\/#primaryimage\",\"url\":\"https:\\\/\\\/artoislittoral2.com\\\/wp-content\\\/uploads\\\/2025\\\/03\\\/portrait_clara.jpg\",\"contentUrl\":\"https:\\\/\\\/artoislittoral2.com\\\/wp-content\\\/uploads\\\/2025\\\/03\\\/portrait_clara.jpg\",\"width\":1049,\"height\":1228},{\"@type\":\"BreadcrumbList\",\"@id\":\"https:\\\/\\\/artoislittoral2.com\\\/index.php\\\/joly-clara\\\/#breadcrumb\",\"itemListElement\":[{\"@type\":\"ListItem\",\"position\":1,\"name\":\"Accueil\",\"item\":\"https:\\\/\\\/artoislittoral2.com\\\/\"},{\"@type\":\"ListItem\",\"position\":2,\"name\":\"JOLY Clara\"}]},{\"@type\":\"WebSite\",\"@id\":\"https:\\\/\\\/artoislittoral2.com\\\/#website\",\"url\":\"https:\\\/\\\/artoislittoral2.com\\\/\",\"name\":\"ASA Artois Littoral 2\",\"description\":\"Bienvenue \u00e0 l&#039;ASA Artois Littoral II\",\"publisher\":{\"@id\":\"https:\\\/\\\/artoislittoral2.com\\\/#organization\"},\"potentialAction\":[{\"@type\":\"SearchAction\",\"target\":{\"@type\":\"EntryPoint\",\"urlTemplate\":\"https:\\\/\\\/artoislittoral2.com\\\/?s={search_term_string}\"},\"query-input\":{\"@type\":\"PropertyValueSpecification\",\"valueRequired\":true,\"valueName\":\"search_term_string\"}}],\"inLanguage\":\"fr-FR\"},{\"@type\":\"Organization\",\"@id\":\"https:\\\/\\\/artoislittoral2.com\\\/#organization\",\"name\":\"ASA Artois Littoral 2\",\"url\":\"https:\\\/\\\/artoislittoral2.com\\\/\",\"logo\":{\"@type\":\"ImageObject\",\"inLanguage\":\"fr-FR\",\"@id\":\"https:\\\/\\\/artoislittoral2.com\\\/#\\\/schema\\\/logo\\\/image\\\/\",\"url\":\"https:\\\/\\\/artoislittoral2.com\\\/wp-content\\\/uploads\\\/2025\\\/11\\\/cropped-cropped-bandeau-2025.jpg\",\"contentUrl\":\"https:\\\/\\\/artoislittoral2.com\\\/wp-content\\\/uploads\\\/2025\\\/11\\\/cropped-cropped-bandeau-2025.jpg\",\"width\":960,\"height\":365,\"caption\":\"ASA Artois Littoral 2\"},\"image\":{\"@id\":\"https:\\\/\\\/artoislittoral2.com\\\/#\\\/schema\\\/logo\\\/image\\\/\"}}]}<\/script>\n<!-- \/ Yoast SEO plugin. -->","yoast_head_json":{"title":"JOLY Clara - ASA Artois Littoral 2","robots":{"index":"index","follow":"follow","max-snippet":"max-snippet:-1","max-image-preview":"max-image-preview:large","max-video-preview":"max-video-preview:-1"},"canonical":"https:\/\/artoislittoral2.com\/index.php\/joly-clara\/","og_locale":"fr_FR","og_type":"article","og_title":"JOLY Clara - ASA Artois Littoral 2","og_description":"Dans la vie je suis animatrice dans les \u00e9coles et centre de loisir de la ville de Reims pour les enfants de 3 \u00e0 11ans. Je suis \u00e9galement en \u00e9tude pour devenir \u00e9ducatrice petite enfance. Pourquoi le sport auto ? J\u2019ai baign\u00e9 dans le sport automobile tr\u00e8s jeune via mes parents, pour moi c\u2019\u00e9tait \u00e9vident...","og_url":"https:\/\/artoislittoral2.com\/index.php\/joly-clara\/","og_site_name":"ASA Artois Littoral 2","article_modified_time":"2025-03-01T08:51:48+00:00","og_image":[{"width":1049,"height":1228,"url":"https:\/\/artoislittoral2.com\/wp-content\/uploads\/2025\/03\/portrait_clara.jpg","type":"image\/jpeg"}],"twitter_card":"summary_large_image","twitter_misc":{"Dur\u00e9e de lecture estim\u00e9e":"2 minutes"},"schema":{"@context":"https:\/\/schema.org","@graph":[{"@type":"WebPage","@id":"https:\/\/artoislittoral2.com\/index.php\/joly-clara\/","url":"https:\/\/artoislittoral2.com\/index.php\/joly-clara\/","name":"JOLY Clara - ASA Artois Littoral 2","isPartOf":{"@id":"https:\/\/artoislittoral2.com\/#website"},"primaryImageOfPage":{"@id":"https:\/\/artoislittoral2.com\/index.php\/joly-clara\/#primaryimage"},"image":{"@id":"https:\/\/artoislittoral2.com\/index.php\/joly-clara\/#primaryimage"},"thumbnailUrl":"https:\/\/artoislittoral2.com\/wp-content\/uploads\/2025\/03\/portrait_clara-256x300.jpg","datePublished":"2025-03-01T08:40:59+00:00","dateModified":"2025-03-01T08:51:48+00:00","breadcrumb":{"@id":"https:\/\/artoislittoral2.com\/index.php\/joly-clara\/#breadcrumb"},"inLanguage":"fr-FR","potentialAction":[{"@type":"ReadAction","target":["https:\/\/artoislittoral2.com\/index.php\/joly-clara\/"]}]},{"@type":"ImageObject","inLanguage":"fr-FR","@id":"https:\/\/artoislittoral2.com\/index.php\/joly-clara\/#primaryimage","url":"https:\/\/artoislittoral2.com\/wp-content\/uploads\/2025\/03\/portrait_clara.jpg","contentUrl":"https:\/\/artoislittoral2.com\/wp-content\/uploads\/2025\/03\/portrait_clara.jpg","width":1049,"height":1228},{"@type":"BreadcrumbList","@id":"https:\/\/artoislittoral2.com\/index.php\/joly-clara\/#breadcrumb","itemListElement":[{"@type":"ListItem","position":1,"name":"Accueil","item":"https:\/\/artoislittoral2.com\/"},{"@type":"ListItem","position":2,"name":"JOLY Clara"}]},{"@type":"WebSite","@id":"https:\/\/artoislittoral2.com\/#website","url":"https:\/\/artoislittoral2.com\/","name":"ASA Artois Littoral 2","description":"Bienvenue \u00e0 l&#039;ASA Artois Littoral II","publisher":{"@id":"https:\/\/artoislittoral2.com\/#organization"},"potentialAction":[{"@type":"SearchAction","target":{"@type":"EntryPoint","urlTemplate":"https:\/\/artoislittoral2.com\/?s={search_term_string}"},"query-input":{"@type":"PropertyValueSpecification","valueRequired":true,"valueName":"search_term_string"}}],"inLanguage":"fr-FR"},{"@type":"Organization","@id":"https:\/\/artoislittoral2.com\/#organization","name":"ASA Artois Littoral 2","url":"https:\/\/artoislittoral2.com\/","logo":{"@type":"ImageObject","inLanguage":"fr-FR","@id":"https:\/\/artoislittoral2.com\/#\/schema\/logo\/image\/","url":"https:\/\/artoislittoral2.com\/wp-content\/uploads\/2025\/11\/cropped-cropped-bandeau-2025.jpg","contentUrl":"https:\/\/artoislittoral2.com\/wp-content\/uploads\/2025\/11\/cropped-cropped-bandeau-2025.jpg","width":960,"height":365,"caption":"ASA Artois Littoral 2"},"image":{"@id":"https:\/\/artoislittoral2.com\/#\/schema\/logo\/image\/"}}]}},"jetpack_sharing_enabled":true,"_links":{"self":[{"href":"https:\/\/artoislittoral2.com\/index.php\/wp-json\/wp\/v2\/pages\/6190","targetHints":{"allow":["GET"]}}],"collection":[{"href":"https:\/\/artoislittoral2.com\/index.php\/wp-json\/wp\/v2\/pages"}],"about":[{"href":"https:\/\/artoislittoral2.com\/index.php\/wp-json\/wp\/v2\/types\/page"}],"author":[{"embeddable":true,"href":"https:\/\/artoislittoral2.com\/index.php\/wp-json\/wp\/v2\/users\/1"}],"replies":[{"embeddable":true,"href":"https:\/\/artoislittoral2.com\/index.php\/wp-json\/wp\/v2\/comments?post=6190"}],"version-history":[{"count":15,"href":"https:\/\/artoislittoral2.com\/index.php\/wp-json\/wp\/v2\/pages\/6190\/revisions"}],"predecessor-version":[{"id":6210,"href":"https:\/\/artoislittoral2.com\/index.php\/wp-json\/wp\/v2\/pages\/6190\/revisions\/6210"}],"wp:attachment":[{"href":"https:\/\/artoislittoral2.com\/index.php\/wp-json\/wp\/v2\/media?parent=6190"}],"curies":[{"name":"wp","href":"https:\/\/api.w.org\/{rel}","templated":true}]}}