{"id":6232,"date":"2025-03-01T10:18:12","date_gmt":"2025-03-01T09:18:12","guid":{"rendered":"https:\/\/artoislittoral2.com\/?page_id=6232"},"modified":"2025-03-01T10:30:31","modified_gmt":"2025-03-01T09:30:31","slug":"bourgois-laura","status":"publish","type":"page","link":"https:\/\/artoislittoral2.com\/index.php\/bourgois-laura\/","title":{"rendered":"BOURGOIS Laura"},"content":{"rendered":"\t\t<div data-elementor-type=\"wp-page\" data-elementor-id=\"6232\" class=\"elementor elementor-6232\">\n\t\t\t\t\t\t<section class=\"elementor-section elementor-top-section elementor-element elementor-element-2e9d8219 elementor-section-boxed elementor-section-height-default elementor-section-height-default\" data-id=\"2e9d8219\" data-element_type=\"section\" data-e-type=\"section\">\n\t\t\t\t\t\t<div class=\"elementor-container elementor-column-gap-default\">\n\t\t\t\t\t<div class=\"elementor-column elementor-col-100 elementor-top-column elementor-element elementor-element-33b4264d\" data-id=\"33b4264d\" data-element_type=\"column\" data-e-type=\"column\">\n\t\t\t<div class=\"elementor-widget-wrap elementor-element-populated\">\n\t\t\t\t\t\t<div class=\"elementor-element elementor-element-216eeb80 elementor-widget elementor-widget-text-editor\" data-id=\"216eeb80\" data-element_type=\"widget\" data-e-type=\"widget\" data-widget_type=\"text-editor.default\">\n\t\t\t\t<div class=\"elementor-widget-container\">\n\t\t\t\t\t\t\t\t\t<p><span style=\"color: #000000;\"><img fetchpriority=\"high\" decoding=\"async\" class=\"size-medium wp-image-6227 alignleft\" src=\"https:\/\/artoislittoral2.com\/wp-content\/uploads\/2025\/03\/Laura-BOURGOIS-272x300.jpeg\" alt=\"\" width=\"272\" height=\"300\" srcset=\"https:\/\/artoislittoral2.com\/wp-content\/uploads\/2025\/03\/Laura-BOURGOIS-272x300.jpeg 272w, https:\/\/artoislittoral2.com\/wp-content\/uploads\/2025\/03\/Laura-BOURGOIS-300x331.jpeg 300w, https:\/\/artoislittoral2.com\/wp-content\/uploads\/2025\/03\/Laura-BOURGOIS.jpeg 462w\" sizes=\"(max-width: 272px) 100vw, 272px\" \/>Je m&rsquo;appelle Laura Bourgois, j&rsquo;ai 19 ans, la vingtaine en ao\u00fbt. Cette ann\u00e9e je passe un CAP petite enfance en plus du Bac Pro ASSP que j&rsquo;ai d\u00e9j\u00e0. <\/span><br \/><span style=\"color: #000000;\">J&rsquo;ai pratiqu\u00e9 le basket pendant 15 ans. Actuellement je pratique la course \u00e0 pied.<\/span><br \/><span style=\"color: #000000;\">Ma maman M\u00e9lanie Dubocage m&rsquo;a transmis sa passion depuis maintenant 6 ans. La voir \u00eatre copilote m&rsquo;a donn\u00e9 l&rsquo;envie de me lancer. Jean Bar m\u2019a fait r\u00e9aliser mon premier rallye en ao\u00fbt 2024, ce qui a \u00e9t\u00e9 une sensation inoubliable !<\/span><\/p><p><span style=\"color: #0000ff;\">Pourquoi le sport auto ?<\/span><\/p><p><span style=\"color: #000000;\">Maman et David m&rsquo;attiraient dans tous les rallyes qu&rsquo;ils faisaient. Je les ai suivi, peu importe le temps sur leurs \u00e9preuves ! J\u2019aime beaucoup l\u2019ambiance des rallyes aussi bien \u00e0 l\u2019assistance que sur le bord des routes. Puis, j&rsquo;ai rencontr\u00e9 la famille Bar, dont un en particulier, Jean, qui m&rsquo;a demand\u00e9 d\u2019\u00eatre sa copilote, et je me suis laiss\u00e9e embarquer dans cette id\u00e9e folle.<\/span><\/p><p><span style=\"color: #0000ff;\">Quelles sont tes plus belles exp\u00e9riences et r\u00e9ussites ? Sur quelle \u00e9preuve ?<\/span><\/p><div id=\"docs-chrome\" class=\"docs-material companion-enabled\" tabindex=\"0\" role=\"banner\" aria-label=\"Barre de menus\"><div id=\"docs-additional-bars\"><div id=\"formula-bar-container\"><div id=\"formula-bar-name-box-wrapper\" class=\"name-box-enabled formula-bar-with-name-box-wrapper\"><div id=\"formula-bar\" class=\"formula-bar\"><div id=\"t-formula-bar-input-container\"><div dir=\"ltr\"><div id=\"t-formula-bar-input\" spellcheck=\"false\"><div class=\"cell-input\" dir=\"ltr\" tabindex=\"0\" role=\"combobox\" contenteditable=\"true\" aria-autocomplete=\"list\"><span style=\"color: #000000;\">J\u2019ai pu effectu\u00e9 mon premier rallye cet \u00e9t\u00e9 2024 \u00e0 Boulogne, puis j\u2019ai encha\u00een\u00e9 au pays du lin. Et j\u2019ai \u00e9galement roul\u00e9 aux routes du nord. Donc pour le moment peu d\u2019exp\u00e9rience mais des impressions incroyables.<\/span><\/div><\/div><\/div><\/div><\/div><\/div><\/div><\/div><\/div><div id=\"docs-chrome\" class=\"docs-material companion-enabled\" tabindex=\"0\" role=\"banner\" aria-label=\"Barre de menus\"><div id=\"docs-additional-bars\"><div id=\"formula-bar-container\"><div id=\"formula-bar-name-box-wrapper\" class=\"name-box-enabled formula-bar-with-name-box-wrapper\"><div id=\"formula-bar\" class=\"formula-bar\"><div id=\"t-formula-bar-input-container\"><div dir=\"ltr\"><div id=\"t-formula-bar-input\" spellcheck=\"false\"><div class=\"cell-input\" dir=\"ltr\" tabindex=\"0\" role=\"combobox\" contenteditable=\"true\" aria-autocomplete=\"list\"><p><span style=\"color: #0000ff;\">Y a t-il des exp\u00e9riences \u00e0 oublier ?<\/span><\/p><p><span style=\"color: #000000;\">Ce n\u2019est que le d\u00e9but pour le moment donc je n\u2019ai rien \u00e0 oublier mais je me rappellerai toujours de cette sp\u00e9ciale de nuit avec Olivier Bar sans rampe de phare mais quelle plaisir et une exp\u00e9rience rigolote \u00e0 vivre.<\/span><\/p><\/div><\/div><\/div><\/div><\/div><\/div><\/div><\/div><\/div><p><span style=\"color: #0000ff;\">Quels sont tes objectifs ?<\/span><\/p><p><span style=\"color: #000000;\">M\u2019amuser et passer du bon temps avec tout les pilotes, copilotes, amis, assistance et surtout la famille !<\/span><\/p>\t\t\t\t\t\t\t\t<\/div>\n\t\t\t\t<\/div>\n\t\t\t\t\t<\/div>\n\t\t<\/div>\n\t\t\t\t\t<\/div>\n\t\t<\/section>\n\t\t\t\t<section class=\"elementor-section elementor-top-section elementor-element elementor-element-b728a73 elementor-section-boxed elementor-section-height-default elementor-section-height-default\" data-id=\"b728a73\" data-element_type=\"section\" data-e-type=\"section\">\n\t\t\t\t\t\t<div class=\"elementor-container elementor-column-gap-default\">\n\t\t\t\t\t<div class=\"elementor-column elementor-col-50 elementor-top-column elementor-element elementor-element-9f9515c\" data-id=\"9f9515c\" data-element_type=\"column\" data-e-type=\"column\">\n\t\t\t<div class=\"elementor-widget-wrap elementor-element-populated\">\n\t\t\t\t\t\t<div class=\"elementor-element elementor-element-f1c046a elementor-widget elementor-widget-image\" data-id=\"f1c046a\" data-element_type=\"widget\" data-e-type=\"widget\" data-widget_type=\"image.default\">\n\t\t\t\t<div class=\"elementor-widget-container\">\n\t\t\t\t\t\t\t\t\t\t\t\t\t\t\t\t<a href=\"https:\/\/artoislittoral2.com\/wp-content\/uploads\/2025\/03\/IMG_6385-Laura-BOURGOIS-scaled.jpeg\" data-elementor-open-lightbox=\"yes\" data-elementor-lightbox-title=\"IMG_6385 - Laura BOURGOIS\" data-e-action-hash=\"#elementor-action%3Aaction%3Dlightbox%26settings%3DeyJpZCI6NjIyNiwidXJsIjoiaHR0cHM6XC9cL2FydG9pc2xpdHRvcmFsMi5jb21cL3dwLWNvbnRlbnRcL3VwbG9hZHNcLzIwMjVcLzAzXC9JTUdfNjM4NS1MYXVyYS1CT1VSR09JUy1zY2FsZWQuanBlZyJ9\">\n\t\t\t\t\t\t\t<img decoding=\"async\" width=\"640\" height=\"427\" src=\"https:\/\/artoislittoral2.com\/wp-content\/uploads\/2025\/03\/IMG_6385-Laura-BOURGOIS-1024x683.jpeg\" class=\"attachment-large size-large wp-image-6226\" alt=\"\" srcset=\"https:\/\/artoislittoral2.com\/wp-content\/uploads\/2025\/03\/IMG_6385-Laura-BOURGOIS-1024x683.jpeg 1024w, https:\/\/artoislittoral2.com\/wp-content\/uploads\/2025\/03\/IMG_6385-Laura-BOURGOIS-300x200.jpeg 300w, https:\/\/artoislittoral2.com\/wp-content\/uploads\/2025\/03\/IMG_6385-Laura-BOURGOIS-768x512.jpeg 768w, https:\/\/artoislittoral2.com\/wp-content\/uploads\/2025\/03\/IMG_6385-Laura-BOURGOIS-1536x1024.jpeg 1536w, https:\/\/artoislittoral2.com\/wp-content\/uploads\/2025\/03\/IMG_6385-Laura-BOURGOIS-2048x1365.jpeg 2048w, https:\/\/artoislittoral2.com\/wp-content\/uploads\/2025\/03\/IMG_6385-Laura-BOURGOIS-850x567.jpeg 850w\" sizes=\"(max-width: 640px) 100vw, 640px\" \/>\t\t\t\t\t\t\t\t<\/a>\n\t\t\t\t\t\t\t\t\t\t\t\t\t\t\t<\/div>\n\t\t\t\t<\/div>\n\t\t\t\t\t<\/div>\n\t\t<\/div>\n\t\t\t\t<div class=\"elementor-column elementor-col-50 elementor-top-column elementor-element elementor-element-98837be\" data-id=\"98837be\" data-element_type=\"column\" data-e-type=\"column\">\n\t\t\t<div class=\"elementor-widget-wrap elementor-element-populated\">\n\t\t\t\t\t\t<div class=\"elementor-element elementor-element-aa705c2 elementor-widget elementor-widget-image\" data-id=\"aa705c2\" data-element_type=\"widget\" data-e-type=\"widget\" data-widget_type=\"image.default\">\n\t\t\t\t<div class=\"elementor-widget-container\">\n\t\t\t\t\t\t\t\t\t\t\t\t\t\t\t\t<a href=\"https:\/\/artoislittoral2.com\/wp-content\/uploads\/2025\/03\/IMG_2033-Laura-BOURGOIS.jpeg\" data-elementor-open-lightbox=\"yes\" data-elementor-lightbox-title=\"IMG_2033 - Laura BOURGOIS\" data-e-action-hash=\"#elementor-action%3Aaction%3Dlightbox%26settings%3DeyJpZCI6NjIyNSwidXJsIjoiaHR0cHM6XC9cL2FydG9pc2xpdHRvcmFsMi5jb21cL3dwLWNvbnRlbnRcL3VwbG9hZHNcLzIwMjVcLzAzXC9JTUdfMjAzMy1MYXVyYS1CT1VSR09JUy5qcGVnIn0%3D\">\n\t\t\t\t\t\t\t<img decoding=\"async\" width=\"640\" height=\"427\" src=\"https:\/\/artoislittoral2.com\/wp-content\/uploads\/2025\/03\/IMG_2033-Laura-BOURGOIS-1024x683.jpeg\" class=\"attachment-large size-large wp-image-6225\" alt=\"\" srcset=\"https:\/\/artoislittoral2.com\/wp-content\/uploads\/2025\/03\/IMG_2033-Laura-BOURGOIS-1024x683.jpeg 1024w, https:\/\/artoislittoral2.com\/wp-content\/uploads\/2025\/03\/IMG_2033-Laura-BOURGOIS-300x200.jpeg 300w, https:\/\/artoislittoral2.com\/wp-content\/uploads\/2025\/03\/IMG_2033-Laura-BOURGOIS-768x512.jpeg 768w, https:\/\/artoislittoral2.com\/wp-content\/uploads\/2025\/03\/IMG_2033-Laura-BOURGOIS-850x567.jpeg 850w, https:\/\/artoislittoral2.com\/wp-content\/uploads\/2025\/03\/IMG_2033-Laura-BOURGOIS.jpeg 1200w\" sizes=\"(max-width: 640px) 100vw, 640px\" \/>\t\t\t\t\t\t\t\t<\/a>\n\t\t\t\t\t\t\t\t\t\t\t\t\t\t\t<\/div>\n\t\t\t\t<\/div>\n\t\t\t\t\t<\/div>\n\t\t<\/div>\n\t\t\t\t\t<\/div>\n\t\t<\/section>\n\t\t\t\t<\/div>\n\t\t","protected":false},"excerpt":{"rendered":"<p>Je m&rsquo;appelle Laura Bourgois, j&rsquo;ai 19 ans, la vingtaine en ao\u00fbt. Cette ann\u00e9e je passe un CAP petite enfance en plus du Bac Pro ASSP que j&rsquo;ai d\u00e9j\u00e0. J&rsquo;ai pratiqu\u00e9 le basket pendant 15 ans. Actuellement je pratique la course \u00e0 pied.Ma maman M\u00e9lanie Dubocage m&rsquo;a transmis sa passion depuis maintenant 6 ans. La voir&#8230;<\/p>\n","protected":false},"author":1,"featured_media":0,"parent":0,"menu_order":0,"comment_status":"closed","ping_status":"closed","template":"","meta":{"footnotes":""},"class_list":["post-6232","page","type-page","status-publish","hentry"],"yoast_head":"<!-- This site is optimized with the Yoast SEO plugin v27.3 - https:\/\/yoast.com\/product\/yoast-seo-wordpress\/ -->\n<title>BOURGOIS Laura - ASA Artois Littoral 2<\/title>\n<meta name=\"robots\" content=\"index, follow, max-snippet:-1, max-image-preview:large, max-video-preview:-1\" \/>\n<link rel=\"canonical\" href=\"https:\/\/artoislittoral2.com\/index.php\/bourgois-laura\/\" \/>\n<meta property=\"og:locale\" content=\"fr_FR\" \/>\n<meta property=\"og:type\" content=\"article\" \/>\n<meta property=\"og:title\" content=\"BOURGOIS Laura - ASA Artois Littoral 2\" \/>\n<meta property=\"og:description\" content=\"Je m&rsquo;appelle Laura Bourgois, j&rsquo;ai 19 ans, la vingtaine en ao\u00fbt. Cette ann\u00e9e je passe un CAP petite enfance en plus du Bac Pro ASSP que j&rsquo;ai d\u00e9j\u00e0. J&rsquo;ai pratiqu\u00e9 le basket pendant 15 ans. Actuellement je pratique la course \u00e0 pied.Ma maman M\u00e9lanie Dubocage m&rsquo;a transmis sa passion depuis maintenant 6 ans. La voir...\" \/>\n<meta property=\"og:url\" content=\"https:\/\/artoislittoral2.com\/index.php\/bourgois-laura\/\" \/>\n<meta property=\"og:site_name\" content=\"ASA Artois Littoral 2\" \/>\n<meta property=\"article:modified_time\" content=\"2025-03-01T09:30:31+00:00\" \/>\n<meta property=\"og:image\" content=\"https:\/\/artoislittoral2.com\/wp-content\/uploads\/2025\/03\/Laura-BOURGOIS.jpeg\" \/>\n\t<meta property=\"og:image:width\" content=\"462\" \/>\n\t<meta property=\"og:image:height\" content=\"510\" \/>\n\t<meta property=\"og:image:type\" content=\"image\/jpeg\" \/>\n<meta name=\"twitter:card\" content=\"summary_large_image\" \/>\n<meta name=\"twitter:label1\" content=\"Dur\u00e9e de lecture estim\u00e9e\" \/>\n\t<meta name=\"twitter:data1\" content=\"2 minutes\" \/>\n<script type=\"application\/ld+json\" class=\"yoast-schema-graph\">{\"@context\":\"https:\\\/\\\/schema.org\",\"@graph\":[{\"@type\":\"WebPage\",\"@id\":\"https:\\\/\\\/artoislittoral2.com\\\/index.php\\\/bourgois-laura\\\/\",\"url\":\"https:\\\/\\\/artoislittoral2.com\\\/index.php\\\/bourgois-laura\\\/\",\"name\":\"BOURGOIS Laura - ASA Artois Littoral 2\",\"isPartOf\":{\"@id\":\"https:\\\/\\\/artoislittoral2.com\\\/#website\"},\"primaryImageOfPage\":{\"@id\":\"https:\\\/\\\/artoislittoral2.com\\\/index.php\\\/bourgois-laura\\\/#primaryimage\"},\"image\":{\"@id\":\"https:\\\/\\\/artoislittoral2.com\\\/index.php\\\/bourgois-laura\\\/#primaryimage\"},\"thumbnailUrl\":\"https:\\\/\\\/artoislittoral2.com\\\/wp-content\\\/uploads\\\/2025\\\/03\\\/Laura-BOURGOIS-272x300.jpeg\",\"datePublished\":\"2025-03-01T09:18:12+00:00\",\"dateModified\":\"2025-03-01T09:30:31+00:00\",\"breadcrumb\":{\"@id\":\"https:\\\/\\\/artoislittoral2.com\\\/index.php\\\/bourgois-laura\\\/#breadcrumb\"},\"inLanguage\":\"fr-FR\",\"potentialAction\":[{\"@type\":\"ReadAction\",\"target\":[\"https:\\\/\\\/artoislittoral2.com\\\/index.php\\\/bourgois-laura\\\/\"]}]},{\"@type\":\"ImageObject\",\"inLanguage\":\"fr-FR\",\"@id\":\"https:\\\/\\\/artoislittoral2.com\\\/index.php\\\/bourgois-laura\\\/#primaryimage\",\"url\":\"https:\\\/\\\/artoislittoral2.com\\\/wp-content\\\/uploads\\\/2025\\\/03\\\/Laura-BOURGOIS.jpeg\",\"contentUrl\":\"https:\\\/\\\/artoislittoral2.com\\\/wp-content\\\/uploads\\\/2025\\\/03\\\/Laura-BOURGOIS.jpeg\",\"width\":462,\"height\":510},{\"@type\":\"BreadcrumbList\",\"@id\":\"https:\\\/\\\/artoislittoral2.com\\\/index.php\\\/bourgois-laura\\\/#breadcrumb\",\"itemListElement\":[{\"@type\":\"ListItem\",\"position\":1,\"name\":\"Accueil\",\"item\":\"https:\\\/\\\/artoislittoral2.com\\\/\"},{\"@type\":\"ListItem\",\"position\":2,\"name\":\"BOURGOIS Laura\"}]},{\"@type\":\"WebSite\",\"@id\":\"https:\\\/\\\/artoislittoral2.com\\\/#website\",\"url\":\"https:\\\/\\\/artoislittoral2.com\\\/\",\"name\":\"ASA Artois Littoral 2\",\"description\":\"Bienvenue \u00e0 l&#039;ASA Artois Littoral II\",\"publisher\":{\"@id\":\"https:\\\/\\\/artoislittoral2.com\\\/#organization\"},\"potentialAction\":[{\"@type\":\"SearchAction\",\"target\":{\"@type\":\"EntryPoint\",\"urlTemplate\":\"https:\\\/\\\/artoislittoral2.com\\\/?s={search_term_string}\"},\"query-input\":{\"@type\":\"PropertyValueSpecification\",\"valueRequired\":true,\"valueName\":\"search_term_string\"}}],\"inLanguage\":\"fr-FR\"},{\"@type\":\"Organization\",\"@id\":\"https:\\\/\\\/artoislittoral2.com\\\/#organization\",\"name\":\"ASA Artois Littoral 2\",\"url\":\"https:\\\/\\\/artoislittoral2.com\\\/\",\"logo\":{\"@type\":\"ImageObject\",\"inLanguage\":\"fr-FR\",\"@id\":\"https:\\\/\\\/artoislittoral2.com\\\/#\\\/schema\\\/logo\\\/image\\\/\",\"url\":\"https:\\\/\\\/artoislittoral2.com\\\/wp-content\\\/uploads\\\/2025\\\/11\\\/cropped-cropped-bandeau-2025.jpg\",\"contentUrl\":\"https:\\\/\\\/artoislittoral2.com\\\/wp-content\\\/uploads\\\/2025\\\/11\\\/cropped-cropped-bandeau-2025.jpg\",\"width\":960,\"height\":365,\"caption\":\"ASA Artois Littoral 2\"},\"image\":{\"@id\":\"https:\\\/\\\/artoislittoral2.com\\\/#\\\/schema\\\/logo\\\/image\\\/\"}}]}<\/script>\n<!-- \/ Yoast SEO plugin. -->","yoast_head_json":{"title":"BOURGOIS Laura - ASA Artois Littoral 2","robots":{"index":"index","follow":"follow","max-snippet":"max-snippet:-1","max-image-preview":"max-image-preview:large","max-video-preview":"max-video-preview:-1"},"canonical":"https:\/\/artoislittoral2.com\/index.php\/bourgois-laura\/","og_locale":"fr_FR","og_type":"article","og_title":"BOURGOIS Laura - ASA Artois Littoral 2","og_description":"Je m&rsquo;appelle Laura Bourgois, j&rsquo;ai 19 ans, la vingtaine en ao\u00fbt. Cette ann\u00e9e je passe un CAP petite enfance en plus du Bac Pro ASSP que j&rsquo;ai d\u00e9j\u00e0. J&rsquo;ai pratiqu\u00e9 le basket pendant 15 ans. Actuellement je pratique la course \u00e0 pied.Ma maman M\u00e9lanie Dubocage m&rsquo;a transmis sa passion depuis maintenant 6 ans. La voir...","og_url":"https:\/\/artoislittoral2.com\/index.php\/bourgois-laura\/","og_site_name":"ASA Artois Littoral 2","article_modified_time":"2025-03-01T09:30:31+00:00","og_image":[{"width":462,"height":510,"url":"https:\/\/artoislittoral2.com\/wp-content\/uploads\/2025\/03\/Laura-BOURGOIS.jpeg","type":"image\/jpeg"}],"twitter_card":"summary_large_image","twitter_misc":{"Dur\u00e9e de lecture estim\u00e9e":"2 minutes"},"schema":{"@context":"https:\/\/schema.org","@graph":[{"@type":"WebPage","@id":"https:\/\/artoislittoral2.com\/index.php\/bourgois-laura\/","url":"https:\/\/artoislittoral2.com\/index.php\/bourgois-laura\/","name":"BOURGOIS Laura - ASA Artois Littoral 2","isPartOf":{"@id":"https:\/\/artoislittoral2.com\/#website"},"primaryImageOfPage":{"@id":"https:\/\/artoislittoral2.com\/index.php\/bourgois-laura\/#primaryimage"},"image":{"@id":"https:\/\/artoislittoral2.com\/index.php\/bourgois-laura\/#primaryimage"},"thumbnailUrl":"https:\/\/artoislittoral2.com\/wp-content\/uploads\/2025\/03\/Laura-BOURGOIS-272x300.jpeg","datePublished":"2025-03-01T09:18:12+00:00","dateModified":"2025-03-01T09:30:31+00:00","breadcrumb":{"@id":"https:\/\/artoislittoral2.com\/index.php\/bourgois-laura\/#breadcrumb"},"inLanguage":"fr-FR","potentialAction":[{"@type":"ReadAction","target":["https:\/\/artoislittoral2.com\/index.php\/bourgois-laura\/"]}]},{"@type":"ImageObject","inLanguage":"fr-FR","@id":"https:\/\/artoislittoral2.com\/index.php\/bourgois-laura\/#primaryimage","url":"https:\/\/artoislittoral2.com\/wp-content\/uploads\/2025\/03\/Laura-BOURGOIS.jpeg","contentUrl":"https:\/\/artoislittoral2.com\/wp-content\/uploads\/2025\/03\/Laura-BOURGOIS.jpeg","width":462,"height":510},{"@type":"BreadcrumbList","@id":"https:\/\/artoislittoral2.com\/index.php\/bourgois-laura\/#breadcrumb","itemListElement":[{"@type":"ListItem","position":1,"name":"Accueil","item":"https:\/\/artoislittoral2.com\/"},{"@type":"ListItem","position":2,"name":"BOURGOIS Laura"}]},{"@type":"WebSite","@id":"https:\/\/artoislittoral2.com\/#website","url":"https:\/\/artoislittoral2.com\/","name":"ASA Artois Littoral 2","description":"Bienvenue \u00e0 l&#039;ASA Artois Littoral II","publisher":{"@id":"https:\/\/artoislittoral2.com\/#organization"},"potentialAction":[{"@type":"SearchAction","target":{"@type":"EntryPoint","urlTemplate":"https:\/\/artoislittoral2.com\/?s={search_term_string}"},"query-input":{"@type":"PropertyValueSpecification","valueRequired":true,"valueName":"search_term_string"}}],"inLanguage":"fr-FR"},{"@type":"Organization","@id":"https:\/\/artoislittoral2.com\/#organization","name":"ASA Artois Littoral 2","url":"https:\/\/artoislittoral2.com\/","logo":{"@type":"ImageObject","inLanguage":"fr-FR","@id":"https:\/\/artoislittoral2.com\/#\/schema\/logo\/image\/","url":"https:\/\/artoislittoral2.com\/wp-content\/uploads\/2025\/11\/cropped-cropped-bandeau-2025.jpg","contentUrl":"https:\/\/artoislittoral2.com\/wp-content\/uploads\/2025\/11\/cropped-cropped-bandeau-2025.jpg","width":960,"height":365,"caption":"ASA Artois Littoral 2"},"image":{"@id":"https:\/\/artoislittoral2.com\/#\/schema\/logo\/image\/"}}]}},"jetpack_sharing_enabled":true,"_links":{"self":[{"href":"https:\/\/artoislittoral2.com\/index.php\/wp-json\/wp\/v2\/pages\/6232","targetHints":{"allow":["GET"]}}],"collection":[{"href":"https:\/\/artoislittoral2.com\/index.php\/wp-json\/wp\/v2\/pages"}],"about":[{"href":"https:\/\/artoislittoral2.com\/index.php\/wp-json\/wp\/v2\/types\/page"}],"author":[{"embeddable":true,"href":"https:\/\/artoislittoral2.com\/index.php\/wp-json\/wp\/v2\/users\/1"}],"replies":[{"embeddable":true,"href":"https:\/\/artoislittoral2.com\/index.php\/wp-json\/wp\/v2\/comments?post=6232"}],"version-history":[{"count":25,"href":"https:\/\/artoislittoral2.com\/index.php\/wp-json\/wp\/v2\/pages\/6232\/revisions"}],"predecessor-version":[{"id":6261,"href":"https:\/\/artoislittoral2.com\/index.php\/wp-json\/wp\/v2\/pages\/6232\/revisions\/6261"}],"wp:attachment":[{"href":"https:\/\/artoislittoral2.com\/index.php\/wp-json\/wp\/v2\/media?parent=6232"}],"curies":[{"name":"wp","href":"https:\/\/api.w.org\/{rel}","templated":true}]}}