{"id":7230,"date":"2025-09-06T11:31:18","date_gmt":"2025-09-06T09:31:18","guid":{"rendered":"https:\/\/artoislittoral2.com\/?page_id=7230"},"modified":"2025-09-06T11:34:56","modified_gmt":"2025-09-06T09:34:56","slug":"caron-thomas","status":"publish","type":"page","link":"https:\/\/artoislittoral2.com\/index.php\/caron-thomas\/","title":{"rendered":"CARON Thomas"},"content":{"rendered":"\t\t<div data-elementor-type=\"wp-page\" data-elementor-id=\"7230\" class=\"elementor elementor-7230\">\n\t\t\t\t\t\t<section class=\"elementor-section elementor-top-section elementor-element elementor-element-908af25 elementor-section-boxed elementor-section-height-default elementor-section-height-default\" data-id=\"908af25\" data-element_type=\"section\" data-e-type=\"section\">\n\t\t\t\t\t\t<div class=\"elementor-container elementor-column-gap-default\">\n\t\t\t\t\t<div class=\"elementor-column elementor-col-100 elementor-top-column elementor-element elementor-element-38297fc\" data-id=\"38297fc\" data-element_type=\"column\" data-e-type=\"column\">\n\t\t\t<div class=\"elementor-widget-wrap elementor-element-populated\">\n\t\t\t\t\t\t<div class=\"elementor-element elementor-element-49a7a4f elementor-widget elementor-widget-text-editor\" data-id=\"49a7a4f\" data-element_type=\"widget\" data-e-type=\"widget\" data-widget_type=\"text-editor.default\">\n\t\t\t\t<div class=\"elementor-widget-container\">\n\t\t\t\t\t\t\t\t\t<div><img decoding=\"async\" class=\"size-full wp-image-7237 alignleft\" src=\"https:\/\/artoislittoral2.com\/wp-content\/uploads\/2025\/09\/tom-21.jpg\" alt=\"\" width=\"200\" height=\"200\" srcset=\"https:\/\/artoislittoral2.com\/wp-content\/uploads\/2025\/09\/tom-21.jpg 200w, https:\/\/artoislittoral2.com\/wp-content\/uploads\/2025\/09\/tom-21-150x150.jpg 150w\" sizes=\"(max-width: 200px) 100vw, 200px\" \/><span style=\"font-size: large; color: #000000;\">Thomas CARON n\u00e9 le 3 septembre 1985 \u00e0 Montreuil sur mer ,bientot 40 ans lol , domicili\u00e9 \u00e0 Verton.<\/span><\/div><div dir=\"ltr\" data-setdir=\"false\"><span style=\"font-size: large; color: #000000;\">je suis papa d&rsquo;une petite Emy \u00e2g\u00e9e de 7 ans et en couple avec ma compagne Lucie qui me suit presque \u00e0 chaque course et qui accepte que je vive ma passion\u00a0<br \/><\/span><\/div><div><span style=\"font-size: large; color: #000000;\">\u00a0<\/span><\/div><div><span style=\"font-size: large; color: #000000;\">G\u00e9rant de la soci\u00e9t\u00e9 CARON PI\u00c8CES\u00a0AUTO \u00e0 Rang du Fliers depuis Octobre 2017 , Grossiste en vente pi\u00e8ces d\u00e9tach\u00e9es toutes marques ainsi que les r\u00e9parations .J&rsquo;ai attrap\u00e9 le virus du sport automobile et principalement le Rallye \u00e0 l&rsquo;\u00e2ge de 6 ans\u00a0 gr\u00e2ce\u00a0\u00e0 mon papa lui aussi passionn\u00e9, la bonne \u00e9poque ou le\u00a0Rallye du Touquet passait \u00e0 200 m\u00e8tres de la maison ou papa m&#8217;emmenait en me tenant par la main\u00a0 ( sp\u00e9ciale de Verton tr\u00e8s connu avec son \u00e9pingle\u00a0droite ) des clio kit car de BUG , Ragnotti mon idole , Escort Cosworth, Subaru et autres voitures que j&rsquo;adorais jusqu&rsquo;au jour ou j&rsquo;ai essay\u00e9 pour la premi\u00e8re fois une R5 GT Turbo , j&rsquo;avais 19 ou 20 ans , et j&rsquo;en suis tomb\u00e9 amoureux , cette sensation que je n&rsquo;avais jamais connu dans une autre voiture , cette acc\u00e9l\u00e9ration qui met le coup de pied au cul ! lol\u00a0<\/span><\/div><div><span style=\"font-size: large; color: #000000;\">J&rsquo;ai pu essayer et d\u00e9couvrir le Karting loisir \u00e0 l&rsquo;\u00e2ge de 12 ans sur la piste de Berck sur mer toujours avec papa &#8230;.<\/span><\/div><div><span style=\"font-size: large; color: #000000;\">C&rsquo;est depuis ce jour et apr\u00e8s r\u00e9flexion apr\u00e9s\u00a0le d\u00e9c\u00e9s de mon p\u00e8re\u00a0en 1999, emport\u00e9 par la maladie que j&rsquo;ai d\u00e9cid\u00e9 d&rsquo;acheter une R5 Gt Turbo et ensuite la monter en Groupe N pour acc\u00e9der \u00e0 la comp\u00e9tition ,je voulais r\u00e9aliser mon r\u00e9ve de gamin que mon p\u00e9re m&rsquo;avais transmis tout petit .<\/span><\/div><div><span style=\"font-size: large; color: #000000;\">J&rsquo;en suis fier aujourd&rsquo;hui car cela n&rsquo;a pas \u00e9t\u00e9 facile , je suis pass\u00e9 par des \u00e9tapes difficiles dont ma grosse sortie de route lors de mon premier rallye \u00e0 Boulogne en 2007 avec Loic\u00a0Rochet \u00e0 ma droite ,j&rsquo;ai eu la chance de rencontrer Mr CARDON Michel qui \u00e9tait le pr\u00e9sident du Bino Racing Team \u00e0 Verton qui \u00e9tait un grand ami de mon p\u00e8re , Merci \u00e0 lui pour son aide pr\u00e9cieuse \u00e0 mes d\u00e9buts , il m&#8217;emmenait ma voiture avec son plateau , ces choses l\u00e0 ne s&rsquo;oublie pas !! Apr\u00e8s cette sortie de route j&rsquo;ai remont\u00e9 une voiture typ\u00e9e sp\u00e9cialement pour le slalom avec l&rsquo;aide de mon cousin,mon oncle, Titi au Garage CRAC AUTO \u00e0 Etaples\u00a0 pour me perfectionner durant de nombreuses ann\u00e9es ( 10 Finales de coupe de France cons\u00e9cutives \u00e0 mon actif \u00e0 partir de Plouay 2009 et vice champion de France \u00e0 Lezay en 2016.<\/span><\/div><div><span style=\"font-size: large; color: #000000;\">Je suis ensuite reparti progressivement en rallye avec une autre R5 GT Turbo\u00a0 ou j&rsquo;ai pu faire mon premier Touquet en 2013 .<\/span><\/div><div><span style=\"font-size: large; color: #000000;\">J&rsquo;ai pu gravir les \u00e9chelons de saison en saison gr\u00e2ce\u00a0\u00e0 l&rsquo;aide de mes partenaires et mon temps libre que je ne d\u00e9diais qu&rsquo;\u00e0 \u00e7a pratiquement, des ann\u00e9es de travail et de privation pour en arriver o\u00f9 j&rsquo;en suis aujourd&rsquo;hui.\u00a0<\/span><\/div><div><span style=\"font-size: large; color: #000000;\">Mes plus belles victoires en Rallye\u00a0: d&rsquo;avoir remport\u00e9 le Groupe F2000 au Touquet et 39 eme\u00a0au g\u00e9n\u00e9ral avec Geoffrey GOUDAL en 2014 et ensuite en 2018 32\u00e8me au g\u00e9n\u00e9ral accompagn\u00e9 de Andy MALFOY avec une grosse bagarre tout le week end avec Francis Legrand ,des grands moments !!!\u00a0<\/span><\/div><div><span style=\"font-size: large; color: #000000;\">Ma plus belle saison restera celle de 2022 ou j&rsquo;ai pu remporter le Groupe N au Touquet ,Mont Blanc ,VAR, Lyon Charbo ,Autun ou je terminerais 2 \u00e9me du Championnat de France VHC derri\u00e9re Jean Pierre GATTI et sa redoutable BMW M3.<\/span><\/div><div><span style=\"font-size: large; color: #000000;\">Mon r\u00eave serait de pouvoir rouler un jour en moderne avec une R5 mais cela reste un budget trop cons\u00e9quent pour moi actuellement .<\/span><\/div><div><span style=\"font-size: large; color: #000000;\">Si je pouvais passer un message aux jeunes , c&rsquo;est que dans la vie rien n&rsquo;est\u00a0impossible , il faut juste croire en soi et s&rsquo;en donner les moyens, la passion pour les sports auto m&rsquo;a permis de me reconstruire mais aussi d&rsquo;en faire mon m\u00e9tier li\u00e9 \u00e0 l&rsquo;automobile , j&rsquo;ai trouv\u00e9 ma vocation gr\u00e2ce au sport Automobile.<\/span><\/div><div><span style=\"font-size: large; color: #000000;\">Ne doutais jamais de vous !! et croyez en vos r\u00eaves , il y a toujours des solutions pour y arriver .<\/span><\/div>\t\t\t\t\t\t\t\t<\/div>\n\t\t\t\t<\/div>\n\t\t\t\t\t<\/div>\n\t\t<\/div>\n\t\t\t\t\t<\/div>\n\t\t<\/section>\n\t\t\t\t<section class=\"elementor-section elementor-top-section elementor-element elementor-element-97af389 elementor-section-boxed elementor-section-height-default elementor-section-height-default\" data-id=\"97af389\" data-element_type=\"section\" data-e-type=\"section\">\n\t\t\t\t\t\t<div class=\"elementor-container elementor-column-gap-default\">\n\t\t\t\t\t<div class=\"elementor-column elementor-col-100 elementor-top-column elementor-element elementor-element-76dd15f\" data-id=\"76dd15f\" data-element_type=\"column\" data-e-type=\"column\">\n\t\t\t<div class=\"elementor-widget-wrap elementor-element-populated\">\n\t\t\t\t\t\t<div class=\"elementor-element elementor-element-bbe5ae2 gallery-spacing-custom elementor-widget elementor-widget-image-gallery\" data-id=\"bbe5ae2\" data-element_type=\"widget\" data-e-type=\"widget\" data-widget_type=\"image-gallery.default\">\n\t\t\t\t<div class=\"elementor-widget-container\">\n\t\t\t\t\t\t\t<div class=\"elementor-image-gallery\">\n\t\t\t<div id='gallery-1' class='gallery galleryid-7230 gallery-columns-4 gallery-size-thumbnail'><figure class='gallery-item'>\n\t\t\t<div class='gallery-icon landscape'>\n\t\t\t\t<a data-elementor-open-lightbox=\"yes\" data-elementor-lightbox-slideshow=\"bbe5ae2\" data-elementor-lightbox-title=\"tom 21\" data-e-action-hash=\"#elementor-action%3Aaction%3Dlightbox%26settings%3DeyJpZCI6NzIzNywidXJsIjoiaHR0cHM6XC9cL2FydG9pc2xpdHRvcmFsMi5jb21cL3dwLWNvbnRlbnRcL3VwbG9hZHNcLzIwMjVcLzA5XC90b20tMjEuanBnIiwic2xpZGVzaG93IjoiYmJlNWFlMiJ9\" href='https:\/\/artoislittoral2.com\/wp-content\/uploads\/2025\/09\/tom-21.jpg'><img decoding=\"async\" width=\"150\" height=\"150\" src=\"https:\/\/artoislittoral2.com\/wp-content\/uploads\/2025\/09\/tom-21-150x150.jpg\" class=\"attachment-thumbnail size-thumbnail\" alt=\"\" srcset=\"https:\/\/artoislittoral2.com\/wp-content\/uploads\/2025\/09\/tom-21-150x150.jpg 150w, https:\/\/artoislittoral2.com\/wp-content\/uploads\/2025\/09\/tom-21.jpg 200w\" sizes=\"(max-width: 150px) 100vw, 150px\" \/><\/a>\n\t\t\t<\/div><\/figure><figure class='gallery-item'>\n\t\t\t<div class='gallery-icon landscape'>\n\t\t\t\t<a data-elementor-open-lightbox=\"yes\" data-elementor-lightbox-slideshow=\"bbe5ae2\" data-elementor-lightbox-title=\"THOMAS CARON 2\" data-e-action-hash=\"#elementor-action%3Aaction%3Dlightbox%26settings%3DeyJpZCI6NzIzOCwidXJsIjoiaHR0cHM6XC9cL2FydG9pc2xpdHRvcmFsMi5jb21cL3dwLWNvbnRlbnRcL3VwbG9hZHNcLzIwMjVcLzA5XC9USE9NQVMtQ0FST04tMi5qcGciLCJzbGlkZXNob3ciOiJiYmU1YWUyIn0%3D\" href='https:\/\/artoislittoral2.com\/wp-content\/uploads\/2025\/09\/THOMAS-CARON-2.jpg'><img decoding=\"async\" width=\"150\" height=\"150\" src=\"https:\/\/artoislittoral2.com\/wp-content\/uploads\/2025\/09\/THOMAS-CARON-2-150x150.jpg\" class=\"attachment-thumbnail size-thumbnail\" alt=\"\" \/><\/a>\n\t\t\t<\/div><\/figure><figure class='gallery-item'>\n\t\t\t<div class='gallery-icon landscape'>\n\t\t\t\t<a data-elementor-open-lightbox=\"yes\" data-elementor-lightbox-slideshow=\"bbe5ae2\" data-elementor-lightbox-title=\"THOMAS CARON 3\" data-e-action-hash=\"#elementor-action%3Aaction%3Dlightbox%26settings%3DeyJpZCI6NzIzOSwidXJsIjoiaHR0cHM6XC9cL2FydG9pc2xpdHRvcmFsMi5jb21cL3dwLWNvbnRlbnRcL3VwbG9hZHNcLzIwMjVcLzA5XC9USE9NQVMtQ0FST04tMy5qcGciLCJzbGlkZXNob3ciOiJiYmU1YWUyIn0%3D\" href='https:\/\/artoislittoral2.com\/wp-content\/uploads\/2025\/09\/THOMAS-CARON-3.jpg'><img loading=\"lazy\" decoding=\"async\" width=\"150\" height=\"150\" src=\"https:\/\/artoislittoral2.com\/wp-content\/uploads\/2025\/09\/THOMAS-CARON-3-150x150.jpg\" class=\"attachment-thumbnail size-thumbnail\" alt=\"\" \/><\/a>\n\t\t\t<\/div><\/figure><figure class='gallery-item'>\n\t\t\t<div class='gallery-icon landscape'>\n\t\t\t\t<a data-elementor-open-lightbox=\"yes\" data-elementor-lightbox-slideshow=\"bbe5ae2\" data-elementor-lightbox-title=\"THOMAS CARON 4\" data-e-action-hash=\"#elementor-action%3Aaction%3Dlightbox%26settings%3DeyJpZCI6NzI0MCwidXJsIjoiaHR0cHM6XC9cL2FydG9pc2xpdHRvcmFsMi5jb21cL3dwLWNvbnRlbnRcL3VwbG9hZHNcLzIwMjVcLzA5XC9USE9NQVMtQ0FST04tNC5qcGVnIiwic2xpZGVzaG93IjoiYmJlNWFlMiJ9\" href='https:\/\/artoislittoral2.com\/wp-content\/uploads\/2025\/09\/THOMAS-CARON-4.jpeg'><img loading=\"lazy\" decoding=\"async\" width=\"150\" height=\"150\" src=\"https:\/\/artoislittoral2.com\/wp-content\/uploads\/2025\/09\/THOMAS-CARON-4-150x150.jpeg\" class=\"attachment-thumbnail size-thumbnail\" alt=\"\" \/><\/a>\n\t\t\t<\/div><\/figure><figure class='gallery-item'>\n\t\t\t<div class='gallery-icon portrait'>\n\t\t\t\t<a data-elementor-open-lightbox=\"yes\" data-elementor-lightbox-slideshow=\"bbe5ae2\" data-elementor-lightbox-title=\"THOMAS CARON 5\" data-e-action-hash=\"#elementor-action%3Aaction%3Dlightbox%26settings%3DeyJpZCI6NzI0MSwidXJsIjoiaHR0cHM6XC9cL2FydG9pc2xpdHRvcmFsMi5jb21cL3dwLWNvbnRlbnRcL3VwbG9hZHNcLzIwMjVcLzA5XC9USE9NQVMtQ0FST04tNS5qcGciLCJzbGlkZXNob3ciOiJiYmU1YWUyIn0%3D\" href='https:\/\/artoislittoral2.com\/wp-content\/uploads\/2025\/09\/THOMAS-CARON-5.jpg'><img loading=\"lazy\" decoding=\"async\" width=\"150\" height=\"150\" src=\"https:\/\/artoislittoral2.com\/wp-content\/uploads\/2025\/09\/THOMAS-CARON-5-150x150.jpg\" class=\"attachment-thumbnail size-thumbnail\" alt=\"\" \/><\/a>\n\t\t\t<\/div><\/figure>\n\t\t<\/div>\n\t\t<\/div>\n\t\t\t\t\t\t<\/div>\n\t\t\t\t<\/div>\n\t\t\t\t\t<\/div>\n\t\t<\/div>\n\t\t\t\t\t<\/div>\n\t\t<\/section>\n\t\t\t\t<\/div>\n\t\t","protected":false},"excerpt":{"rendered":"<p>Thomas CARON n\u00e9 le 3 septembre 1985 \u00e0 Montreuil sur mer ,bientot 40 ans lol , domicili\u00e9 \u00e0 Verton.je suis papa d&rsquo;une petite Emy \u00e2g\u00e9e de 7 ans et en couple avec ma compagne Lucie qui me suit presque \u00e0 chaque course et qui accepte que je vive ma passion\u00a0\u00a0G\u00e9rant de la soci\u00e9t\u00e9 CARON PI\u00c8CES\u00a0AUTO&#8230;<\/p>\n","protected":false},"author":1,"featured_media":0,"parent":0,"menu_order":0,"comment_status":"closed","ping_status":"closed","template":"","meta":{"footnotes":""},"class_list":["post-7230","page","type-page","status-publish","hentry"],"yoast_head":"<!-- This site is optimized with the Yoast SEO plugin v27.3 - https:\/\/yoast.com\/product\/yoast-seo-wordpress\/ -->\n<title>CARON Thomas - ASA Artois Littoral 2<\/title>\n<meta name=\"robots\" content=\"index, follow, max-snippet:-1, max-image-preview:large, max-video-preview:-1\" \/>\n<link rel=\"canonical\" href=\"https:\/\/artoislittoral2.com\/index.php\/caron-thomas\/\" \/>\n<meta property=\"og:locale\" content=\"fr_FR\" \/>\n<meta property=\"og:type\" content=\"article\" \/>\n<meta property=\"og:title\" content=\"CARON Thomas - ASA Artois Littoral 2\" \/>\n<meta property=\"og:description\" content=\"Thomas CARON n\u00e9 le 3 septembre 1985 \u00e0 Montreuil sur mer ,bientot 40 ans lol , domicili\u00e9 \u00e0 Verton.je suis papa d&rsquo;une petite Emy \u00e2g\u00e9e de 7 ans et en couple avec ma compagne Lucie qui me suit presque \u00e0 chaque course et qui accepte que je vive ma passion\u00a0\u00a0G\u00e9rant de la soci\u00e9t\u00e9 CARON PI\u00c8CES\u00a0AUTO...\" \/>\n<meta property=\"og:url\" content=\"https:\/\/artoislittoral2.com\/index.php\/caron-thomas\/\" \/>\n<meta property=\"og:site_name\" content=\"ASA Artois Littoral 2\" \/>\n<meta property=\"article:modified_time\" content=\"2025-09-06T09:34:56+00:00\" \/>\n<meta property=\"og:image\" content=\"https:\/\/artoislittoral2.com\/wp-content\/uploads\/2025\/09\/tom-21.jpg\" \/>\n\t<meta property=\"og:image:width\" content=\"200\" \/>\n\t<meta property=\"og:image:height\" content=\"200\" \/>\n\t<meta property=\"og:image:type\" content=\"image\/jpeg\" \/>\n<meta name=\"twitter:card\" content=\"summary_large_image\" \/>\n<meta name=\"twitter:label1\" content=\"Dur\u00e9e de lecture estim\u00e9e\" \/>\n\t<meta name=\"twitter:data1\" content=\"5 minutes\" \/>\n<script type=\"application\/ld+json\" class=\"yoast-schema-graph\">{\"@context\":\"https:\\\/\\\/schema.org\",\"@graph\":[{\"@type\":\"WebPage\",\"@id\":\"https:\\\/\\\/artoislittoral2.com\\\/index.php\\\/caron-thomas\\\/\",\"url\":\"https:\\\/\\\/artoislittoral2.com\\\/index.php\\\/caron-thomas\\\/\",\"name\":\"CARON Thomas - ASA Artois Littoral 2\",\"isPartOf\":{\"@id\":\"https:\\\/\\\/artoislittoral2.com\\\/#website\"},\"primaryImageOfPage\":{\"@id\":\"https:\\\/\\\/artoislittoral2.com\\\/index.php\\\/caron-thomas\\\/#primaryimage\"},\"image\":{\"@id\":\"https:\\\/\\\/artoislittoral2.com\\\/index.php\\\/caron-thomas\\\/#primaryimage\"},\"thumbnailUrl\":\"https:\\\/\\\/artoislittoral2.com\\\/wp-content\\\/uploads\\\/2025\\\/09\\\/tom-21.jpg\",\"datePublished\":\"2025-09-06T09:31:18+00:00\",\"dateModified\":\"2025-09-06T09:34:56+00:00\",\"breadcrumb\":{\"@id\":\"https:\\\/\\\/artoislittoral2.com\\\/index.php\\\/caron-thomas\\\/#breadcrumb\"},\"inLanguage\":\"fr-FR\",\"potentialAction\":[{\"@type\":\"ReadAction\",\"target\":[\"https:\\\/\\\/artoislittoral2.com\\\/index.php\\\/caron-thomas\\\/\"]}]},{\"@type\":\"ImageObject\",\"inLanguage\":\"fr-FR\",\"@id\":\"https:\\\/\\\/artoislittoral2.com\\\/index.php\\\/caron-thomas\\\/#primaryimage\",\"url\":\"https:\\\/\\\/artoislittoral2.com\\\/wp-content\\\/uploads\\\/2025\\\/09\\\/tom-21.jpg\",\"contentUrl\":\"https:\\\/\\\/artoislittoral2.com\\\/wp-content\\\/uploads\\\/2025\\\/09\\\/tom-21.jpg\"},{\"@type\":\"BreadcrumbList\",\"@id\":\"https:\\\/\\\/artoislittoral2.com\\\/index.php\\\/caron-thomas\\\/#breadcrumb\",\"itemListElement\":[{\"@type\":\"ListItem\",\"position\":1,\"name\":\"Accueil\",\"item\":\"https:\\\/\\\/artoislittoral2.com\\\/\"},{\"@type\":\"ListItem\",\"position\":2,\"name\":\"CARON Thomas\"}]},{\"@type\":\"WebSite\",\"@id\":\"https:\\\/\\\/artoislittoral2.com\\\/#website\",\"url\":\"https:\\\/\\\/artoislittoral2.com\\\/\",\"name\":\"ASA Artois Littoral 2\",\"description\":\"Bienvenue \u00e0 l&#039;ASA Artois Littoral II\",\"publisher\":{\"@id\":\"https:\\\/\\\/artoislittoral2.com\\\/#organization\"},\"potentialAction\":[{\"@type\":\"SearchAction\",\"target\":{\"@type\":\"EntryPoint\",\"urlTemplate\":\"https:\\\/\\\/artoislittoral2.com\\\/?s={search_term_string}\"},\"query-input\":{\"@type\":\"PropertyValueSpecification\",\"valueRequired\":true,\"valueName\":\"search_term_string\"}}],\"inLanguage\":\"fr-FR\"},{\"@type\":\"Organization\",\"@id\":\"https:\\\/\\\/artoislittoral2.com\\\/#organization\",\"name\":\"ASA Artois Littoral 2\",\"url\":\"https:\\\/\\\/artoislittoral2.com\\\/\",\"logo\":{\"@type\":\"ImageObject\",\"inLanguage\":\"fr-FR\",\"@id\":\"https:\\\/\\\/artoislittoral2.com\\\/#\\\/schema\\\/logo\\\/image\\\/\",\"url\":\"https:\\\/\\\/artoislittoral2.com\\\/wp-content\\\/uploads\\\/2025\\\/11\\\/cropped-cropped-bandeau-2025.jpg\",\"contentUrl\":\"https:\\\/\\\/artoislittoral2.com\\\/wp-content\\\/uploads\\\/2025\\\/11\\\/cropped-cropped-bandeau-2025.jpg\",\"width\":960,\"height\":365,\"caption\":\"ASA Artois Littoral 2\"},\"image\":{\"@id\":\"https:\\\/\\\/artoislittoral2.com\\\/#\\\/schema\\\/logo\\\/image\\\/\"}}]}<\/script>\n<!-- \/ Yoast SEO plugin. -->","yoast_head_json":{"title":"CARON Thomas - ASA Artois Littoral 2","robots":{"index":"index","follow":"follow","max-snippet":"max-snippet:-1","max-image-preview":"max-image-preview:large","max-video-preview":"max-video-preview:-1"},"canonical":"https:\/\/artoislittoral2.com\/index.php\/caron-thomas\/","og_locale":"fr_FR","og_type":"article","og_title":"CARON Thomas - ASA Artois Littoral 2","og_description":"Thomas CARON n\u00e9 le 3 septembre 1985 \u00e0 Montreuil sur mer ,bientot 40 ans lol , domicili\u00e9 \u00e0 Verton.je suis papa d&rsquo;une petite Emy \u00e2g\u00e9e de 7 ans et en couple avec ma compagne Lucie qui me suit presque \u00e0 chaque course et qui accepte que je vive ma passion\u00a0\u00a0G\u00e9rant de la soci\u00e9t\u00e9 CARON PI\u00c8CES\u00a0AUTO...","og_url":"https:\/\/artoislittoral2.com\/index.php\/caron-thomas\/","og_site_name":"ASA Artois Littoral 2","article_modified_time":"2025-09-06T09:34:56+00:00","og_image":[{"width":200,"height":200,"url":"https:\/\/artoislittoral2.com\/wp-content\/uploads\/2025\/09\/tom-21.jpg","type":"image\/jpeg"}],"twitter_card":"summary_large_image","twitter_misc":{"Dur\u00e9e de lecture estim\u00e9e":"5 minutes"},"schema":{"@context":"https:\/\/schema.org","@graph":[{"@type":"WebPage","@id":"https:\/\/artoislittoral2.com\/index.php\/caron-thomas\/","url":"https:\/\/artoislittoral2.com\/index.php\/caron-thomas\/","name":"CARON Thomas - ASA Artois Littoral 2","isPartOf":{"@id":"https:\/\/artoislittoral2.com\/#website"},"primaryImageOfPage":{"@id":"https:\/\/artoislittoral2.com\/index.php\/caron-thomas\/#primaryimage"},"image":{"@id":"https:\/\/artoislittoral2.com\/index.php\/caron-thomas\/#primaryimage"},"thumbnailUrl":"https:\/\/artoislittoral2.com\/wp-content\/uploads\/2025\/09\/tom-21.jpg","datePublished":"2025-09-06T09:31:18+00:00","dateModified":"2025-09-06T09:34:56+00:00","breadcrumb":{"@id":"https:\/\/artoislittoral2.com\/index.php\/caron-thomas\/#breadcrumb"},"inLanguage":"fr-FR","potentialAction":[{"@type":"ReadAction","target":["https:\/\/artoislittoral2.com\/index.php\/caron-thomas\/"]}]},{"@type":"ImageObject","inLanguage":"fr-FR","@id":"https:\/\/artoislittoral2.com\/index.php\/caron-thomas\/#primaryimage","url":"https:\/\/artoislittoral2.com\/wp-content\/uploads\/2025\/09\/tom-21.jpg","contentUrl":"https:\/\/artoislittoral2.com\/wp-content\/uploads\/2025\/09\/tom-21.jpg"},{"@type":"BreadcrumbList","@id":"https:\/\/artoislittoral2.com\/index.php\/caron-thomas\/#breadcrumb","itemListElement":[{"@type":"ListItem","position":1,"name":"Accueil","item":"https:\/\/artoislittoral2.com\/"},{"@type":"ListItem","position":2,"name":"CARON Thomas"}]},{"@type":"WebSite","@id":"https:\/\/artoislittoral2.com\/#website","url":"https:\/\/artoislittoral2.com\/","name":"ASA Artois Littoral 2","description":"Bienvenue \u00e0 l&#039;ASA Artois Littoral II","publisher":{"@id":"https:\/\/artoislittoral2.com\/#organization"},"potentialAction":[{"@type":"SearchAction","target":{"@type":"EntryPoint","urlTemplate":"https:\/\/artoislittoral2.com\/?s={search_term_string}"},"query-input":{"@type":"PropertyValueSpecification","valueRequired":true,"valueName":"search_term_string"}}],"inLanguage":"fr-FR"},{"@type":"Organization","@id":"https:\/\/artoislittoral2.com\/#organization","name":"ASA Artois Littoral 2","url":"https:\/\/artoislittoral2.com\/","logo":{"@type":"ImageObject","inLanguage":"fr-FR","@id":"https:\/\/artoislittoral2.com\/#\/schema\/logo\/image\/","url":"https:\/\/artoislittoral2.com\/wp-content\/uploads\/2025\/11\/cropped-cropped-bandeau-2025.jpg","contentUrl":"https:\/\/artoislittoral2.com\/wp-content\/uploads\/2025\/11\/cropped-cropped-bandeau-2025.jpg","width":960,"height":365,"caption":"ASA Artois Littoral 2"},"image":{"@id":"https:\/\/artoislittoral2.com\/#\/schema\/logo\/image\/"}}]}},"jetpack_sharing_enabled":true,"_links":{"self":[{"href":"https:\/\/artoislittoral2.com\/index.php\/wp-json\/wp\/v2\/pages\/7230","targetHints":{"allow":["GET"]}}],"collection":[{"href":"https:\/\/artoislittoral2.com\/index.php\/wp-json\/wp\/v2\/pages"}],"about":[{"href":"https:\/\/artoislittoral2.com\/index.php\/wp-json\/wp\/v2\/types\/page"}],"author":[{"embeddable":true,"href":"https:\/\/artoislittoral2.com\/index.php\/wp-json\/wp\/v2\/users\/1"}],"replies":[{"embeddable":true,"href":"https:\/\/artoislittoral2.com\/index.php\/wp-json\/wp\/v2\/comments?post=7230"}],"version-history":[{"count":12,"href":"https:\/\/artoislittoral2.com\/index.php\/wp-json\/wp\/v2\/pages\/7230\/revisions"}],"predecessor-version":[{"id":7247,"href":"https:\/\/artoislittoral2.com\/index.php\/wp-json\/wp\/v2\/pages\/7230\/revisions\/7247"}],"wp:attachment":[{"href":"https:\/\/artoislittoral2.com\/index.php\/wp-json\/wp\/v2\/media?parent=7230"}],"curies":[{"name":"wp","href":"https:\/\/api.w.org\/{rel}","templated":true}]}}